{"id":14959,"date":"2024-11-29T18:28:14","date_gmt":"2024-11-29T17:28:14","guid":{"rendered":"https:\/\/stampcurio.com\/product\/1927-magyarorszag-16-filler-carte-maximum-rendkivul-korai-nem-futott\/"},"modified":"2025-12-05T04:09:18","modified_gmt":"2025-12-05T03:09:18","slug":"1927-magyarorszag-16-filleres-rendkivul-korai-nem-futott-carte-maximum","status":"publish","type":"product","link":"https:\/\/stampcurio.com\/hu\/termek\/1927-magyarorszag-16-filleres-rendkivul-korai-nem-futott-carte-maximum\/","title":{"rendered":"1927 Magyarorsz\u00e1g &#8211; 16 fill\u00e9res rendk\u00edv\u00fcl korai, nem futott Carte Maximum"},"content":{"rendered":"","protected":false},"excerpt":{"rendered":"","protected":false},"featured_media":15830,"template":"","meta":[],"product_brand":[],"product_cat":[1172],"product_tag":[1664,1394,1006],"class_list":{"0":"post-14959","1":"product","2":"type-product","3":"status-publish","4":"has-post-thumbnail","6":"product_cat-magyarorszag","7":"product_tag-2nd-auction-hu","8":"product_tag-carte-maximum","9":"product_tag-unsold","11":"first","12":"outofstock","13":"sold-individually","14":"shipping-taxable","15":"product-type-simple"},"_links":{"self":[{"href":"https:\/\/stampcurio.com\/hu\/wp-json\/wp\/v2\/product\/14959","targetHints":{"allow":["GET"]}}],"collection":[{"href":"https:\/\/stampcurio.com\/hu\/wp-json\/wp\/v2\/product"}],"about":[{"href":"https:\/\/stampcurio.com\/hu\/wp-json\/wp\/v2\/types\/product"}],"wp:featuredmedia":[{"embeddable":true,"href":"https:\/\/stampcurio.com\/hu\/wp-json\/wp\/v2\/media\/15830"}],"wp:attachment":[{"href":"https:\/\/stampcurio.com\/hu\/wp-json\/wp\/v2\/media?parent=14959"}],"wp:term":[{"taxonomy":"product_brand","embeddable":true,"href":"https:\/\/stampcurio.com\/hu\/wp-json\/wp\/v2\/product_brand?post=14959"},{"taxonomy":"product_cat","embeddable":true,"href":"https:\/\/stampcurio.com\/hu\/wp-json\/wp\/v2\/product_cat?post=14959"},{"taxonomy":"product_tag","embeddable":true,"href":"https:\/\/stampcurio.com\/hu\/wp-json\/wp\/v2\/product_tag?post=14959"}],"curies":[{"name":"wp","href":"https:\/\/api.w.org\/{rel}","templated":true}]}}