{"id":14957,"date":"2024-11-29T18:28:13","date_gmt":"2024-11-29T17:28:13","guid":{"rendered":"https:\/\/stampcurio.com\/product\/1932-csehszlovakia-karpatalja-csomagszallito-budapestre\/"},"modified":"2025-12-05T04:09:19","modified_gmt":"2025-12-05T03:09:19","slug":"1932-csehszlovakia-karpatalja-szallitolevel-budapestre-kuldve","status":"publish","type":"product","link":"https:\/\/stampcurio.com\/hu\/termek\/1932-csehszlovakia-karpatalja-szallitolevel-budapestre-kuldve\/","title":{"rendered":"1932 Csehszlov\u00e1kia \/ K\u00e1rp\u00e1talja &#8211; sz\u00e1ll\u00edt\u00f3lev\u00e9l Budapestre k\u00fcldve"},"content":{"rendered":"","protected":false},"excerpt":{"rendered":"","protected":false},"featured_media":16041,"template":"","meta":[],"product_brand":[],"product_cat":[1238,1172,1189,1226],"product_tag":[1664,89,157],"class_list":{"0":"post-14957","1":"product","2":"type-product","3":"status-publish","4":"has-post-thumbnail","6":"product_cat-csehorszag","7":"product_cat-magyarorszag","8":"product_cat-szlovakia","9":"product_cat-ukrajna","10":"product_tag-2nd-auction-hu","11":"product_tag-postatortenet","12":"product_tag-szallitolevel","14":"first","15":"outofstock","16":"sold-individually","17":"shipping-taxable","18":"product-type-simple"},"_links":{"self":[{"href":"https:\/\/stampcurio.com\/hu\/wp-json\/wp\/v2\/product\/14957","targetHints":{"allow":["GET"]}}],"collection":[{"href":"https:\/\/stampcurio.com\/hu\/wp-json\/wp\/v2\/product"}],"about":[{"href":"https:\/\/stampcurio.com\/hu\/wp-json\/wp\/v2\/types\/product"}],"wp:featuredmedia":[{"embeddable":true,"href":"https:\/\/stampcurio.com\/hu\/wp-json\/wp\/v2\/media\/16041"}],"wp:attachment":[{"href":"https:\/\/stampcurio.com\/hu\/wp-json\/wp\/v2\/media?parent=14957"}],"wp:term":[{"taxonomy":"product_brand","embeddable":true,"href":"https:\/\/stampcurio.com\/hu\/wp-json\/wp\/v2\/product_brand?post=14957"},{"taxonomy":"product_cat","embeddable":true,"href":"https:\/\/stampcurio.com\/hu\/wp-json\/wp\/v2\/product_cat?post=14957"},{"taxonomy":"product_tag","embeddable":true,"href":"https:\/\/stampcurio.com\/hu\/wp-json\/wp\/v2\/product_tag?post=14957"}],"curies":[{"name":"wp","href":"https:\/\/api.w.org\/{rel}","templated":true}]}}