{"id":14956,"date":"2024-11-29T18:28:13","date_gmt":"2024-11-29T17:28:13","guid":{"rendered":"https:\/\/stampcurio.com\/product\/1895-oroszorszag-7-kop-dijjegyes-vizjeles-boritek-13-kop-kiegeszitessel-nobelbe-ajanlott-level-becsbe\/"},"modified":"2025-12-05T04:09:19","modified_gmt":"2025-12-05T03:09:19","slug":"1895-oroszorszag-7-kop-dijjegyes-vizjeles-ajanlott-boritek-13-kop-kiegeszitessel-ausztriaba-kuldve","status":"publish","type":"product","link":"https:\/\/stampcurio.com\/hu\/termek\/1895-oroszorszag-7-kop-dijjegyes-vizjeles-ajanlott-boritek-13-kop-kiegeszitessel-ausztriaba-kuldve\/","title":{"rendered":"1895 Oroszorsz\u00e1g &#8211; 7 kop d\u00edjjegyes, v\u00edzjeles, aj\u00e1nlott bor\u00edt\u00e9k 13 kop kieg\u00e9sz\u00edt\u00e9ssel Ausztri\u00e1ba k\u00fcldve"},"content":{"rendered":"","protected":false},"excerpt":{"rendered":"","protected":false},"featured_media":16045,"template":"","meta":[],"product_brand":[],"product_cat":[1178,1177],"product_tag":[1664,74,89],"class_list":{"0":"post-14956","1":"product","2":"type-product","3":"status-publish","4":"has-post-thumbnail","6":"product_cat-ausztria","7":"product_cat-oroszorszag","8":"product_tag-2nd-auction-hu","9":"product_tag-dijjegyes","10":"product_tag-postatortenet","12":"first","13":"outofstock","14":"sold-individually","15":"shipping-taxable","16":"product-type-simple"},"_links":{"self":[{"href":"https:\/\/stampcurio.com\/hu\/wp-json\/wp\/v2\/product\/14956","targetHints":{"allow":["GET"]}}],"collection":[{"href":"https:\/\/stampcurio.com\/hu\/wp-json\/wp\/v2\/product"}],"about":[{"href":"https:\/\/stampcurio.com\/hu\/wp-json\/wp\/v2\/types\/product"}],"wp:featuredmedia":[{"embeddable":true,"href":"https:\/\/stampcurio.com\/hu\/wp-json\/wp\/v2\/media\/16045"}],"wp:attachment":[{"href":"https:\/\/stampcurio.com\/hu\/wp-json\/wp\/v2\/media?parent=14956"}],"wp:term":[{"taxonomy":"product_brand","embeddable":true,"href":"https:\/\/stampcurio.com\/hu\/wp-json\/wp\/v2\/product_brand?post=14956"},{"taxonomy":"product_cat","embeddable":true,"href":"https:\/\/stampcurio.com\/hu\/wp-json\/wp\/v2\/product_cat?post=14956"},{"taxonomy":"product_tag","embeddable":true,"href":"https:\/\/stampcurio.com\/hu\/wp-json\/wp\/v2\/product_tag?post=14956"}],"curies":[{"name":"wp","href":"https:\/\/api.w.org\/{rel}","templated":true}]}}