{"id":14955,"date":"2024-11-29T18:28:13","date_gmt":"2024-11-29T17:28:13","guid":{"rendered":"https:\/\/stampcurio.com\/product\/1976-100-eves-a-gysev-postatiszta-tevnyomat\/"},"modified":"2025-12-05T04:09:18","modified_gmt":"2025-12-05T03:09:18","slug":"1976-magyarorszag-100-eves-a-gysev-postatiszta-tevnyomat","status":"publish","type":"product","link":"https:\/\/stampcurio.com\/hu\/termek\/1976-magyarorszag-100-eves-a-gysev-postatiszta-tevnyomat\/","title":{"rendered":"1976  Magyarorsz\u00e1g -100 \u00e9ves a GYSEV postatiszta ** t\u00e9vnyomat"},"content":{"rendered":"","protected":false},"excerpt":{"rendered":"<p>Fels\u0151 b\u00e9lyegen az \u00e9vsz\u00e1m hi\u00e1nyzik.<\/p>\n","protected":false},"featured_media":16029,"template":"","meta":[],"product_brand":[],"product_cat":[1172],"product_tag":[1664,116,217],"class_list":{"0":"post-14955","1":"product","2":"type-product","3":"status-publish","4":"has-post-thumbnail","6":"product_cat-magyarorszag","7":"product_tag-2nd-auction-hu","8":"product_tag-belyeg","9":"product_tag-tevnyomat","11":"first","12":"outofstock","13":"sold-individually","14":"shipping-taxable","15":"product-type-simple"},"_links":{"self":[{"href":"https:\/\/stampcurio.com\/hu\/wp-json\/wp\/v2\/product\/14955","targetHints":{"allow":["GET"]}}],"collection":[{"href":"https:\/\/stampcurio.com\/hu\/wp-json\/wp\/v2\/product"}],"about":[{"href":"https:\/\/stampcurio.com\/hu\/wp-json\/wp\/v2\/types\/product"}],"wp:featuredmedia":[{"embeddable":true,"href":"https:\/\/stampcurio.com\/hu\/wp-json\/wp\/v2\/media\/16029"}],"wp:attachment":[{"href":"https:\/\/stampcurio.com\/hu\/wp-json\/wp\/v2\/media?parent=14955"}],"wp:term":[{"taxonomy":"product_brand","embeddable":true,"href":"https:\/\/stampcurio.com\/hu\/wp-json\/wp\/v2\/product_brand?post=14955"},{"taxonomy":"product_cat","embeddable":true,"href":"https:\/\/stampcurio.com\/hu\/wp-json\/wp\/v2\/product_cat?post=14955"},{"taxonomy":"product_tag","embeddable":true,"href":"https:\/\/stampcurio.com\/hu\/wp-json\/wp\/v2\/product_tag?post=14955"}],"curies":[{"name":"wp","href":"https:\/\/api.w.org\/{rel}","templated":true}]}}