{"id":14954,"date":"2024-11-29T18:28:12","date_gmt":"2024-11-29T17:28:12","guid":{"rendered":"https:\/\/stampcurio.com\/product\/1936-lettorszag-belfoldi-csomagszallito\/"},"modified":"2025-12-05T04:09:21","modified_gmt":"2025-12-05T03:09:21","slug":"1936-lettorszag-belfoldi-szallitolevel-300-lat-ertekbiztositassal","status":"publish","type":"product","link":"https:\/\/stampcurio.com\/hu\/termek\/1936-lettorszag-belfoldi-szallitolevel-300-lat-ertekbiztositassal\/","title":{"rendered":"1936 Lettorsz\u00e1g &#8211; belf\u00f6ldi sz\u00e1ll\u00edt\u00f3lev\u00e9l 300 lat \u00e9rt\u00e9kbiztos\u00edt\u00e1ssal"},"content":{"rendered":"","protected":false},"excerpt":{"rendered":"","protected":false},"featured_media":15826,"template":"","meta":[],"product_brand":[],"product_cat":[1176],"product_tag":[1664,89,157],"class_list":{"0":"post-14954","1":"product","2":"type-product","3":"status-publish","4":"has-post-thumbnail","6":"product_cat-lettorszag","7":"product_tag-2nd-auction-hu","8":"product_tag-postatortenet","9":"product_tag-szallitolevel","11":"first","12":"outofstock","13":"sold-individually","14":"shipping-taxable","15":"product-type-simple"},"_links":{"self":[{"href":"https:\/\/stampcurio.com\/hu\/wp-json\/wp\/v2\/product\/14954","targetHints":{"allow":["GET"]}}],"collection":[{"href":"https:\/\/stampcurio.com\/hu\/wp-json\/wp\/v2\/product"}],"about":[{"href":"https:\/\/stampcurio.com\/hu\/wp-json\/wp\/v2\/types\/product"}],"wp:featuredmedia":[{"embeddable":true,"href":"https:\/\/stampcurio.com\/hu\/wp-json\/wp\/v2\/media\/15826"}],"wp:attachment":[{"href":"https:\/\/stampcurio.com\/hu\/wp-json\/wp\/v2\/media?parent=14954"}],"wp:term":[{"taxonomy":"product_brand","embeddable":true,"href":"https:\/\/stampcurio.com\/hu\/wp-json\/wp\/v2\/product_brand?post=14954"},{"taxonomy":"product_cat","embeddable":true,"href":"https:\/\/stampcurio.com\/hu\/wp-json\/wp\/v2\/product_cat?post=14954"},{"taxonomy":"product_tag","embeddable":true,"href":"https:\/\/stampcurio.com\/hu\/wp-json\/wp\/v2\/product_tag?post=14954"}],"curies":[{"name":"wp","href":"https:\/\/api.w.org\/{rel}","templated":true}]}}