{"id":14953,"date":"2024-11-29T18:28:12","date_gmt":"2024-11-29T17:28:12","guid":{"rendered":"https:\/\/stampcurio.com\/product\/1920-marienwerder-ajanlott-level-berlinbe-9x10-pf-bermentesitessel\/"},"modified":"2025-12-05T04:09:20","modified_gmt":"2025-12-05T03:09:20","slug":"1920-poroszorszag-marienwerderbol-kuldott-ajanlott-level-berlinbe-9x10-pf-latvanyos-bermentesitessel","status":"publish","type":"product","link":"https:\/\/stampcurio.com\/hu\/termek\/1920-poroszorszag-marienwerderbol-kuldott-ajanlott-level-berlinbe-9x10-pf-latvanyos-bermentesitessel\/","title":{"rendered":"1920 Poroszorsz\u00e1g &#8211; Marienwerderb\u0151l k\u00fcld\u00f6tt aj\u00e1nlott lev\u00e9l Berlinbe 9&#215;10 pf l\u00e1tv\u00e1nyos b\u00e9rmentes\u00edt\u00e9ssel"},"content":{"rendered":"","protected":false},"excerpt":{"rendered":"","protected":false},"featured_media":14205,"template":"","meta":[],"product_brand":[],"product_cat":[1175],"product_tag":[1664,116,89,1006],"class_list":{"0":"post-14953","1":"product","2":"type-product","3":"status-publish","4":"has-post-thumbnail","6":"product_cat-nemetorszag","7":"product_tag-2nd-auction-hu","8":"product_tag-belyeg","9":"product_tag-postatortenet","10":"product_tag-unsold","12":"first","13":"outofstock","14":"sold-individually","15":"shipping-taxable","16":"product-type-simple"},"_links":{"self":[{"href":"https:\/\/stampcurio.com\/hu\/wp-json\/wp\/v2\/product\/14953","targetHints":{"allow":["GET"]}}],"collection":[{"href":"https:\/\/stampcurio.com\/hu\/wp-json\/wp\/v2\/product"}],"about":[{"href":"https:\/\/stampcurio.com\/hu\/wp-json\/wp\/v2\/types\/product"}],"wp:featuredmedia":[{"embeddable":true,"href":"https:\/\/stampcurio.com\/hu\/wp-json\/wp\/v2\/media\/14205"}],"wp:attachment":[{"href":"https:\/\/stampcurio.com\/hu\/wp-json\/wp\/v2\/media?parent=14953"}],"wp:term":[{"taxonomy":"product_brand","embeddable":true,"href":"https:\/\/stampcurio.com\/hu\/wp-json\/wp\/v2\/product_brand?post=14953"},{"taxonomy":"product_cat","embeddable":true,"href":"https:\/\/stampcurio.com\/hu\/wp-json\/wp\/v2\/product_cat?post=14953"},{"taxonomy":"product_tag","embeddable":true,"href":"https:\/\/stampcurio.com\/hu\/wp-json\/wp\/v2\/product_tag?post=14953"}],"curies":[{"name":"wp","href":"https:\/\/api.w.org\/{rel}","templated":true}]}}