{"id":14952,"date":"2024-11-29T18:28:12","date_gmt":"2024-11-29T17:28:12","guid":{"rendered":"https:\/\/stampcurio.com\/product\/1977-gronland-csomagszallito-helyi-xxx-4-csomagrol\/"},"modified":"2025-12-05T04:09:20","modified_gmt":"2025-12-05T03:09:20","slug":"1977-gronland-szallitolevel-negy-csomagrol-a-76-lakosu-iginniarfikra-kuldve","status":"publish","type":"product","link":"https:\/\/stampcurio.com\/hu\/termek\/1977-gronland-szallitolevel-negy-csomagrol-a-76-lakosu-iginniarfikra-kuldve\/","title":{"rendered":"1977 Gr\u00f6nland &#8211;  sz\u00e1ll\u00edt\u00f3lev\u00e9l n\u00e9gy csomagr\u00f3l a 76 (!) lakos\u00fa Iginniarfikra k\u00fcldve"},"content":{"rendered":"","protected":false},"excerpt":{"rendered":"<p>Az egyik 2 koron\u00e1s b\u00e9lyeg sarka hi\u00e1nyos.<\/p>\n","protected":false},"featured_media":15822,"template":"","meta":[],"product_brand":[],"product_cat":[1200,1173],"product_tag":[1664,116,1322,157,1006],"class_list":{"0":"post-14952","1":"product","2":"type-product","3":"status-publish","4":"has-post-thumbnail","6":"product_cat-dania","7":"product_cat-gronland","8":"product_tag-2nd-auction-hu","9":"product_tag-belyeg","10":"product_tag-helyi","11":"product_tag-szallitolevel","12":"product_tag-unsold","14":"first","15":"outofstock","16":"sold-individually","17":"shipping-taxable","18":"product-type-simple"},"_links":{"self":[{"href":"https:\/\/stampcurio.com\/hu\/wp-json\/wp\/v2\/product\/14952","targetHints":{"allow":["GET"]}}],"collection":[{"href":"https:\/\/stampcurio.com\/hu\/wp-json\/wp\/v2\/product"}],"about":[{"href":"https:\/\/stampcurio.com\/hu\/wp-json\/wp\/v2\/types\/product"}],"wp:featuredmedia":[{"embeddable":true,"href":"https:\/\/stampcurio.com\/hu\/wp-json\/wp\/v2\/media\/15822"}],"wp:attachment":[{"href":"https:\/\/stampcurio.com\/hu\/wp-json\/wp\/v2\/media?parent=14952"}],"wp:term":[{"taxonomy":"product_brand","embeddable":true,"href":"https:\/\/stampcurio.com\/hu\/wp-json\/wp\/v2\/product_brand?post=14952"},{"taxonomy":"product_cat","embeddable":true,"href":"https:\/\/stampcurio.com\/hu\/wp-json\/wp\/v2\/product_cat?post=14952"},{"taxonomy":"product_tag","embeddable":true,"href":"https:\/\/stampcurio.com\/hu\/wp-json\/wp\/v2\/product_tag?post=14952"}],"curies":[{"name":"wp","href":"https:\/\/api.w.org\/{rel}","templated":true}]}}