{"id":14951,"date":"2024-11-29T18:28:12","date_gmt":"2024-11-29T17:28:12","guid":{"rendered":"https:\/\/stampcurio.com\/product\/1950-bem-40-filler-pecsetelt-latvanyos-nyomas-kozben-szetnyilt-papirranccal\/"},"modified":"2025-12-05T04:09:20","modified_gmt":"2025-12-05T03:09:20","slug":"1950-magyarorszag-bem-40-filler-pecsetelt-latvanyos-nyomas-kozben-szetnyilt-papirranccal","status":"publish","type":"product","link":"https:\/\/stampcurio.com\/hu\/termek\/1950-magyarorszag-bem-40-filler-pecsetelt-latvanyos-nyomas-kozben-szetnyilt-papirranccal\/","title":{"rendered":"1950 Magyarorsz\u00e1g &#8211; Bem 40 fill\u00e9r pecs\u00e9telt, l\u00e1tv\u00e1nyos nyom\u00e1s k\u00f6zben sz\u00e9tny\u00edlt pap\u00edrr\u00e1nccal"},"content":{"rendered":"","protected":false},"excerpt":{"rendered":"","protected":false},"featured_media":16023,"template":"","meta":[],"product_brand":[],"product_cat":[1172],"product_tag":[1664,116,1328,217],"class_list":{"0":"post-14951","1":"product","2":"type-product","3":"status-publish","4":"has-post-thumbnail","6":"product_cat-magyarorszag","7":"product_tag-2nd-auction-hu","8":"product_tag-belyeg","9":"product_tag-papirranc","10":"product_tag-tevnyomat","12":"first","13":"outofstock","14":"sold-individually","15":"shipping-taxable","16":"product-type-simple"},"_links":{"self":[{"href":"https:\/\/stampcurio.com\/hu\/wp-json\/wp\/v2\/product\/14951","targetHints":{"allow":["GET"]}}],"collection":[{"href":"https:\/\/stampcurio.com\/hu\/wp-json\/wp\/v2\/product"}],"about":[{"href":"https:\/\/stampcurio.com\/hu\/wp-json\/wp\/v2\/types\/product"}],"wp:featuredmedia":[{"embeddable":true,"href":"https:\/\/stampcurio.com\/hu\/wp-json\/wp\/v2\/media\/16023"}],"wp:attachment":[{"href":"https:\/\/stampcurio.com\/hu\/wp-json\/wp\/v2\/media?parent=14951"}],"wp:term":[{"taxonomy":"product_brand","embeddable":true,"href":"https:\/\/stampcurio.com\/hu\/wp-json\/wp\/v2\/product_brand?post=14951"},{"taxonomy":"product_cat","embeddable":true,"href":"https:\/\/stampcurio.com\/hu\/wp-json\/wp\/v2\/product_cat?post=14951"},{"taxonomy":"product_tag","embeddable":true,"href":"https:\/\/stampcurio.com\/hu\/wp-json\/wp\/v2\/product_tag?post=14951"}],"curies":[{"name":"wp","href":"https:\/\/api.w.org\/{rel}","templated":true}]}}