{"id":14950,"date":"2024-11-29T18:28:11","date_gmt":"2024-11-29T17:28:11","guid":{"rendered":"https:\/\/stampcurio.com\/product\/1973-obuda-buda-pest-a-magyar-posta-ajandeka-vagott-negyestombok-phu-350-eur\/"},"modified":"2025-12-05T04:09:21","modified_gmt":"2025-12-05T03:09:21","slug":"1973-magyarorszag-obuda-buda-pest-a-magyar-posta-ajandeka-vagott-postatiszta-negyestombok-phu-350-eur","status":"publish","type":"product","link":"https:\/\/stampcurio.com\/hu\/termek\/1973-magyarorszag-obuda-buda-pest-a-magyar-posta-ajandeka-vagott-postatiszta-negyestombok-phu-350-eur\/","title":{"rendered":"1973 Magyarorsz\u00e1g &#8211; \u00d3buda-Buda-Pest -A Magyar Posta aj\u00e1nd\u00e9ka &#8211; v\u00e1gott postatiszta ** n\u00e9gyest\u00f6mb\u00f6k | PHu: 350 EUR"},"content":{"rendered":"","protected":false},"excerpt":{"rendered":"<p>A k\u00e9t forint sz\u00e9p, de nem t\u00f6k\u00e9letes enyvez\u00e9ssel, jelent\u00e9ktelen kis k\u00e9k pap\u00edrbetapad\u00e1s a k\u00e9pen j\u00f3l l\u00e1that\u00f3.<\/p>\n","protected":false},"featured_media":16057,"template":"","meta":[],"product_brand":[],"product_cat":[1172],"product_tag":[1664,116,1006],"class_list":{"0":"post-14950","1":"product","2":"type-product","3":"status-publish","4":"has-post-thumbnail","6":"product_cat-magyarorszag","7":"product_tag-2nd-auction-hu","8":"product_tag-belyeg","9":"product_tag-unsold","10":"pa_catalog_id-1639","12":"first","13":"outofstock","14":"sold-individually","15":"shipping-taxable","16":"product-type-simple"},"_links":{"self":[{"href":"https:\/\/stampcurio.com\/hu\/wp-json\/wp\/v2\/product\/14950","targetHints":{"allow":["GET"]}}],"collection":[{"href":"https:\/\/stampcurio.com\/hu\/wp-json\/wp\/v2\/product"}],"about":[{"href":"https:\/\/stampcurio.com\/hu\/wp-json\/wp\/v2\/types\/product"}],"wp:featuredmedia":[{"embeddable":true,"href":"https:\/\/stampcurio.com\/hu\/wp-json\/wp\/v2\/media\/16057"}],"wp:attachment":[{"href":"https:\/\/stampcurio.com\/hu\/wp-json\/wp\/v2\/media?parent=14950"}],"wp:term":[{"taxonomy":"product_brand","embeddable":true,"href":"https:\/\/stampcurio.com\/hu\/wp-json\/wp\/v2\/product_brand?post=14950"},{"taxonomy":"product_cat","embeddable":true,"href":"https:\/\/stampcurio.com\/hu\/wp-json\/wp\/v2\/product_cat?post=14950"},{"taxonomy":"product_tag","embeddable":true,"href":"https:\/\/stampcurio.com\/hu\/wp-json\/wp\/v2\/product_tag?post=14950"}],"curies":[{"name":"wp","href":"https:\/\/api.w.org\/{rel}","templated":true}]}}