{"id":1479,"date":"2023-11-09T15:09:13","date_gmt":"2023-11-09T14:09:13","guid":{"rendered":"http:\/\/stampcurio.com\/?post_type=product&#038;p=1479"},"modified":"2025-12-05T04:13:48","modified_gmt":"2025-12-05T03:13:48","slug":"1934-koznapi-legiposta-boritek-repulo-ii-5-pengovel-del-amerikaba-karacsonyi-repules-alkalmi-belyegzes","status":"publish","type":"product","link":"https:\/\/stampcurio.com\/hu\/termek\/1934-koznapi-legiposta-boritek-repulo-ii-5-pengovel-del-amerikaba-karacsonyi-repules-alkalmi-belyegzes\/","title":{"rendered":"1934. K\u00f6znapi l\u00e9giposta bor\u00edt\u00e9k Rep\u00fcl\u0151 II. 5 Peng\u0151vel D\u00e9l-Amerik\u00e1ba + Kar\u00e1csonyi rep\u00fcl\u00e9s alkalmi b\u00e9lyegz\u00e9s"},"content":{"rendered":"","protected":false},"excerpt":{"rendered":"<p>Az 5 Peng\u0151s b\u00e9lyeg Ritk\u00e1n l\u00e1that\u00f3 k\u00f6znapi felhaszn\u00e1l\u00e1sa.<br \/>\n10 grammos l\u00e9giposta lev\u00e9l tarifa:<br \/>\nL\u00e9giposta lev\u00e9l 2.66P \/ 5 grammonk\u00e9nt (5.32P) + Lev\u00e9ld\u00edj 40f \/ 20 grammonk\u00e9nt:<br \/>\n\u00d6sszesen 5P 72f tarifahelyes b\u00e9rmentes\u00edt\u00e9s.<\/p>\n","protected":false},"featured_media":1494,"template":"","meta":[],"product_brand":[],"product_cat":[114,73,113],"product_tag":[1044,116,1008,115,67,89],"class_list":{"0":"post-1479","1":"product","2":"type-product","3":"status-publish","4":"has-post-thumbnail","6":"product_cat-argentina-1st","7":"product_cat-magyarorszag-1st","8":"product_cat-nemetorszag-1st","9":"product_tag-1st-auction-hu","10":"product_tag-belyeg","11":"product_tag-ebay","12":"product_tag-legiposta","13":"product_tag-marcofilatelia","14":"product_tag-postatortenet","15":"pa_catalog_id-112","17":"first","18":"instock","19":"sold-individually","20":"shipping-taxable","21":"product-type-simple"},"_links":{"self":[{"href":"https:\/\/stampcurio.com\/hu\/wp-json\/wp\/v2\/product\/1479","targetHints":{"allow":["GET"]}}],"collection":[{"href":"https:\/\/stampcurio.com\/hu\/wp-json\/wp\/v2\/product"}],"about":[{"href":"https:\/\/stampcurio.com\/hu\/wp-json\/wp\/v2\/types\/product"}],"wp:featuredmedia":[{"embeddable":true,"href":"https:\/\/stampcurio.com\/hu\/wp-json\/wp\/v2\/media\/1494"}],"wp:attachment":[{"href":"https:\/\/stampcurio.com\/hu\/wp-json\/wp\/v2\/media?parent=1479"}],"wp:term":[{"taxonomy":"product_brand","embeddable":true,"href":"https:\/\/stampcurio.com\/hu\/wp-json\/wp\/v2\/product_brand?post=1479"},{"taxonomy":"product_cat","embeddable":true,"href":"https:\/\/stampcurio.com\/hu\/wp-json\/wp\/v2\/product_cat?post=1479"},{"taxonomy":"product_tag","embeddable":true,"href":"https:\/\/stampcurio.com\/hu\/wp-json\/wp\/v2\/product_tag?post=1479"}],"curies":[{"name":"wp","href":"https:\/\/api.w.org\/{rel}","templated":true}]}}