{"id":1469,"date":"2023-11-09T12:37:02","date_gmt":"2023-11-09T11:37:02","guid":{"rendered":"http:\/\/stampcurio.com\/?post_type=product&#038;p=1469"},"modified":"2025-12-05T04:13:48","modified_gmt":"2025-12-05T03:13:48","slug":"1895-magyarorszag-svajcba-kuldott-portozott-boritek","status":"publish","type":"product","link":"https:\/\/stampcurio.com\/hu\/termek\/1895-magyarorszag-svajcba-kuldott-portozott-boritek\/","title":{"rendered":"1895. Magyarorsz\u00e1g &#8211; Sv\u00e1jcba k\u00fcld\u00f6tt port\u00f3zott bor\u00edt\u00e9k"},"content":{"rendered":"","protected":false},"excerpt":{"rendered":"<p>Feketesz\u00e1m\u00fa 5 krajc\u00e1ros E fog az 1889-s kiad\u00e1s.<br \/>\nF\u00fcgg\u0151legesen alig l\u00e1that\u00f3, k\u00f6nnyed hajt\u00e1snyom a b\u00e9lyegeket nem \u00e9rinti.<\/p>\n","protected":false},"featured_media":10949,"template":"","meta":[],"product_brand":[],"product_cat":[73,107],"product_tag":[1044,108,89],"class_list":{"0":"post-1469","1":"product","2":"type-product","3":"status-publish","4":"has-post-thumbnail","6":"product_cat-magyarorszag-1st","7":"product_cat-svajc-1st","8":"product_tag-1st-auction-hu","9":"product_tag-porto","10":"product_tag-postatortenet","11":"pa_catalog_id-111","13":"first","14":"instock","15":"sold-individually","16":"shipping-taxable","17":"product-type-simple"},"_links":{"self":[{"href":"https:\/\/stampcurio.com\/hu\/wp-json\/wp\/v2\/product\/1469","targetHints":{"allow":["GET"]}}],"collection":[{"href":"https:\/\/stampcurio.com\/hu\/wp-json\/wp\/v2\/product"}],"about":[{"href":"https:\/\/stampcurio.com\/hu\/wp-json\/wp\/v2\/types\/product"}],"wp:featuredmedia":[{"embeddable":true,"href":"https:\/\/stampcurio.com\/hu\/wp-json\/wp\/v2\/media\/10949"}],"wp:attachment":[{"href":"https:\/\/stampcurio.com\/hu\/wp-json\/wp\/v2\/media?parent=1469"}],"wp:term":[{"taxonomy":"product_brand","embeddable":true,"href":"https:\/\/stampcurio.com\/hu\/wp-json\/wp\/v2\/product_brand?post=1469"},{"taxonomy":"product_cat","embeddable":true,"href":"https:\/\/stampcurio.com\/hu\/wp-json\/wp\/v2\/product_cat?post=1469"},{"taxonomy":"product_tag","embeddable":true,"href":"https:\/\/stampcurio.com\/hu\/wp-json\/wp\/v2\/product_tag?post=1469"}],"curies":[{"name":"wp","href":"https:\/\/api.w.org\/{rel}","templated":true}]}}