{"id":1461,"date":"2023-11-09T12:07:33","date_gmt":"2023-11-09T11:07:33","guid":{"rendered":"http:\/\/stampcurio.com\/?post_type=product&#038;p=1461"},"modified":"2025-12-05T04:13:49","modified_gmt":"2025-12-05T03:13:49","slug":"1894-ausztria-okirati-illetek-es-portomentes-szallitolevel-13kg-os-csomagrol-800-000-frt-ertekrol-temesvarra-kuldve","status":"publish","type":"product","link":"https:\/\/stampcurio.com\/hu\/termek\/1894-ausztria-okirati-illetek-es-portomentes-szallitolevel-13kg-os-csomagrol-800-000-frt-ertekrol-temesvarra-kuldve\/","title":{"rendered":"1894. Ausztria &#8211; okirati illet\u00e9k \u00e9s port\u00f3mentes sz\u00e1ll\u00edt\u00f3lev\u00e9l 13kg-os csomagr\u00f3l 800.000(!) frt \u00e9rt\u00e9kr\u0151l Temesv\u00e1rra k\u00fcldve"},"content":{"rendered":"","protected":false},"excerpt":{"rendered":"<p>Extr\u00e9m \u00e9rt\u00e9k\u0171 k\u00fcldem\u00e9ny, mai \u00e1rfolyamon 2 milli\u00e1rd forintnak felelne meg.<br \/>\nRitka postai nyomtatv\u00e1ny.<\/p>\n","protected":false},"featured_media":10946,"template":"","meta":[],"product_brand":[],"product_cat":[60,73,105],"product_tag":[1044,74,282,176,89,157],"class_list":{"0":"post-1461","1":"product","2":"type-product","3":"status-publish","4":"has-post-thumbnail","6":"product_cat-ausztria-1st","7":"product_cat-magyarorszag-1st","8":"product_cat-romania-1st","9":"product_tag-1st-auction-hu","10":"product_tag-dijjegyes","11":"product_tag-okmanybelyeg","12":"product_tag-philagem","13":"product_tag-postatortenet","14":"product_tag-szallitolevel","15":"pa_catalog_id-104","17":"first","18":"instock","19":"sold-individually","20":"shipping-taxable","21":"product-type-simple"},"_links":{"self":[{"href":"https:\/\/stampcurio.com\/hu\/wp-json\/wp\/v2\/product\/1461","targetHints":{"allow":["GET"]}}],"collection":[{"href":"https:\/\/stampcurio.com\/hu\/wp-json\/wp\/v2\/product"}],"about":[{"href":"https:\/\/stampcurio.com\/hu\/wp-json\/wp\/v2\/types\/product"}],"wp:featuredmedia":[{"embeddable":true,"href":"https:\/\/stampcurio.com\/hu\/wp-json\/wp\/v2\/media\/10946"}],"wp:attachment":[{"href":"https:\/\/stampcurio.com\/hu\/wp-json\/wp\/v2\/media?parent=1461"}],"wp:term":[{"taxonomy":"product_brand","embeddable":true,"href":"https:\/\/stampcurio.com\/hu\/wp-json\/wp\/v2\/product_brand?post=1461"},{"taxonomy":"product_cat","embeddable":true,"href":"https:\/\/stampcurio.com\/hu\/wp-json\/wp\/v2\/product_cat?post=1461"},{"taxonomy":"product_tag","embeddable":true,"href":"https:\/\/stampcurio.com\/hu\/wp-json\/wp\/v2\/product_tag?post=1461"}],"curies":[{"name":"wp","href":"https:\/\/api.w.org\/{rel}","templated":true}]}}