{"id":1453,"date":"2023-11-09T11:49:13","date_gmt":"2023-11-09T10:49:13","guid":{"rendered":"http:\/\/stampcurio.com\/?post_type=product&#038;p=1453"},"modified":"2025-12-05T04:13:49","modified_gmt":"2025-12-05T03:13:49","slug":"1945-magyarorszag-szakszervezet-i-teljes-sor-fdc-boritekon-ritka-fdc","status":"publish","type":"product","link":"https:\/\/stampcurio.com\/hu\/termek\/1945-magyarorszag-szakszervezet-i-teljes-sor-fdc-boritekon-ritka-fdc\/","title":{"rendered":"1945. Magyarorsz\u00e1g &#8211; Szakszervezet I. teljes sor FDC bor\u00edt\u00e9kon &#8211; ritka FDC"},"content":{"rendered":"","protected":false},"excerpt":{"rendered":"<p>Fent a barna folt csak egy pap\u00edrhiba a bor\u00edt\u00e9k pap\u00edrj\u00e1ban.<\/p>\n","protected":false},"featured_media":10943,"template":"","meta":[],"product_brand":[],"product_cat":[73],"product_tag":[1044,100,101],"class_list":{"0":"post-1453","1":"product","2":"type-product","3":"status-publish","4":"has-post-thumbnail","6":"product_cat-magyarorszag-1st","7":"product_tag-1st-auction-hu","8":"product_tag-fdc","9":"product_tag-inflacio","10":"pa_catalog_id-99","12":"first","13":"instock","14":"sold-individually","15":"shipping-taxable","16":"product-type-simple"},"_links":{"self":[{"href":"https:\/\/stampcurio.com\/hu\/wp-json\/wp\/v2\/product\/1453","targetHints":{"allow":["GET"]}}],"collection":[{"href":"https:\/\/stampcurio.com\/hu\/wp-json\/wp\/v2\/product"}],"about":[{"href":"https:\/\/stampcurio.com\/hu\/wp-json\/wp\/v2\/types\/product"}],"wp:featuredmedia":[{"embeddable":true,"href":"https:\/\/stampcurio.com\/hu\/wp-json\/wp\/v2\/media\/10943"}],"wp:attachment":[{"href":"https:\/\/stampcurio.com\/hu\/wp-json\/wp\/v2\/media?parent=1453"}],"wp:term":[{"taxonomy":"product_brand","embeddable":true,"href":"https:\/\/stampcurio.com\/hu\/wp-json\/wp\/v2\/product_brand?post=1453"},{"taxonomy":"product_cat","embeddable":true,"href":"https:\/\/stampcurio.com\/hu\/wp-json\/wp\/v2\/product_cat?post=1453"},{"taxonomy":"product_tag","embeddable":true,"href":"https:\/\/stampcurio.com\/hu\/wp-json\/wp\/v2\/product_tag?post=1453"}],"curies":[{"name":"wp","href":"https:\/\/api.w.org\/{rel}","templated":true}]}}