{"id":1406,"date":"2023-11-08T20:17:56","date_gmt":"2023-11-08T19:17:56","guid":{"rendered":"http:\/\/stampcurio.com\/product\/1925-magyarorszag-sport-sor-toldi-vandordij-belyegzovel-dijjegyes-boritekon\/"},"modified":"2025-12-05T04:13:50","modified_gmt":"2025-12-05T03:13:50","slug":"1925-sport-sor-djjegyes-boritekon-toldi-vandordij-alkalmi-belyegzessel","status":"publish","type":"product","link":"https:\/\/stampcurio.com\/hu\/termek\/1925-sport-sor-djjegyes-boritekon-toldi-vandordij-alkalmi-belyegzessel\/","title":{"rendered":"1925 SPORT sor djjegyes bor\u00edt\u00e9kon TOLDI V\u00c1NDORD\u00cdJ alkalmi b\u00e9lyegz\u00e9ssel"},"content":{"rendered":"","protected":false},"excerpt":{"rendered":"<p>Sz\u00e9p min\u0151s\u00e9gben.<\/p>\n","protected":false},"featured_media":10951,"template":"","meta":[],"product_brand":[],"product_cat":[73],"product_tag":[74,1041,1006],"class_list":{"0":"post-1406","1":"product","2":"type-product","3":"status-publish","4":"has-post-thumbnail","6":"product_cat-magyarorszag-1st","7":"product_tag-dijjegyes","8":"product_tag-marcophily-hu","9":"product_tag-unsold","10":"pa_catalog_id-79","12":"first","13":"instock","14":"sold-individually","15":"shipping-taxable","16":"product-type-simple"},"_links":{"self":[{"href":"https:\/\/stampcurio.com\/hu\/wp-json\/wp\/v2\/product\/1406","targetHints":{"allow":["GET"]}}],"collection":[{"href":"https:\/\/stampcurio.com\/hu\/wp-json\/wp\/v2\/product"}],"about":[{"href":"https:\/\/stampcurio.com\/hu\/wp-json\/wp\/v2\/types\/product"}],"wp:featuredmedia":[{"embeddable":true,"href":"https:\/\/stampcurio.com\/hu\/wp-json\/wp\/v2\/media\/10951"}],"wp:attachment":[{"href":"https:\/\/stampcurio.com\/hu\/wp-json\/wp\/v2\/media?parent=1406"}],"wp:term":[{"taxonomy":"product_brand","embeddable":true,"href":"https:\/\/stampcurio.com\/hu\/wp-json\/wp\/v2\/product_brand?post=1406"},{"taxonomy":"product_cat","embeddable":true,"href":"https:\/\/stampcurio.com\/hu\/wp-json\/wp\/v2\/product_cat?post=1406"},{"taxonomy":"product_tag","embeddable":true,"href":"https:\/\/stampcurio.com\/hu\/wp-json\/wp\/v2\/product_tag?post=1406"}],"curies":[{"name":"wp","href":"https:\/\/api.w.org\/{rel}","templated":true}]}}