{"id":1390,"date":"2023-11-08T21:41:04","date_gmt":"2023-11-08T20:41:04","guid":{"rendered":"http:\/\/stampcurio.com\/?post_type=product&#038;p=1390"},"modified":"2025-12-05T04:13:49","modified_gmt":"2025-12-05T03:13:49","slug":"1896-magyarorszag-milleniumi-dijjegyes-levelezesi-lap-hecht-bankhaz-reklam-felulnyomassal-zagrab","status":"publish","type":"product","link":"https:\/\/stampcurio.com\/hu\/termek\/1896-magyarorszag-milleniumi-dijjegyes-levelezesi-lap-hecht-bankhaz-reklam-felulnyomassal-zagrab\/","title":{"rendered":"1896. Magyarorsz\u00e1g &#8211; Milleniumi d\u00edjjegyes levelez\u00e9si lap HECHT bankh\u00e1z rekl\u00e1m fel\u00fclnyom\u00e1ssal &#8211; Z\u00e1gr\u00e1b"},"content":{"rendered":"","protected":false},"excerpt":{"rendered":"<p>K\u00e9tnyelv\u0171 magyar &#8211; horv\u00e1t haszn\u00e1latlan 2 kr-os k\u00e9peslap, Z\u00e1gr\u00e1b.<\/p>\n<p>Sz\u00e9p min\u0151s\u00e9gben.<\/p>\n","protected":false},"featured_media":10954,"template":"","meta":[],"product_brand":[],"product_cat":[78,73],"product_tag":[74,75],"class_list":{"0":"post-1390","1":"product","2":"type-product","3":"status-publish","4":"has-post-thumbnail","6":"product_cat-horvatorszag-1st","7":"product_cat-magyarorszag-1st","8":"product_tag-dijjegyes","9":"product_tag-reklam","10":"pa_catalog_id-80","12":"first","13":"outofstock","14":"sold-individually","15":"shipping-taxable","16":"product-type-simple"},"_links":{"self":[{"href":"https:\/\/stampcurio.com\/hu\/wp-json\/wp\/v2\/product\/1390","targetHints":{"allow":["GET"]}}],"collection":[{"href":"https:\/\/stampcurio.com\/hu\/wp-json\/wp\/v2\/product"}],"about":[{"href":"https:\/\/stampcurio.com\/hu\/wp-json\/wp\/v2\/types\/product"}],"wp:featuredmedia":[{"embeddable":true,"href":"https:\/\/stampcurio.com\/hu\/wp-json\/wp\/v2\/media\/10954"}],"wp:attachment":[{"href":"https:\/\/stampcurio.com\/hu\/wp-json\/wp\/v2\/media?parent=1390"}],"wp:term":[{"taxonomy":"product_brand","embeddable":true,"href":"https:\/\/stampcurio.com\/hu\/wp-json\/wp\/v2\/product_brand?post=1390"},{"taxonomy":"product_cat","embeddable":true,"href":"https:\/\/stampcurio.com\/hu\/wp-json\/wp\/v2\/product_cat?post=1390"},{"taxonomy":"product_tag","embeddable":true,"href":"https:\/\/stampcurio.com\/hu\/wp-json\/wp\/v2\/product_tag?post=1390"}],"curies":[{"name":"wp","href":"https:\/\/api.w.org\/{rel}","templated":true}]}}