{"id":10840,"date":"2023-12-01T01:21:48","date_gmt":"2023-12-01T00:21:48","guid":{"rendered":"http:\/\/stampcurio.com\/?post_type=product&#038;p=10840"},"modified":"2025-12-05T04:09:21","modified_gmt":"2025-12-05T03:09:21","slug":"1948-eszak-korea-a-nepkoztarsasag-megalakulasa-ivszeles-negyestombben","status":"publish","type":"product","link":"https:\/\/stampcurio.com\/hu\/termek\/1948-eszak-korea-a-nepkoztarsasag-megalakulasa-ivszeles-negyestombben\/","title":{"rendered":"1948 \u00c9szak-Korea &#8211; A N\u00e9pk\u00f6zt\u00e1rsas\u00e1g megalakul\u00e1sa \u00edvsz\u00e9les n\u00e9gyest\u00f6mbben"},"content":{"rendered":"","protected":false},"excerpt":{"rendered":"","protected":false},"featured_media":12171,"template":"","meta":[],"product_brand":[],"product_cat":[644],"product_tag":[1044,116,1006],"class_list":{"0":"post-10840","1":"product","2":"type-product","3":"status-publish","4":"has-post-thumbnail","6":"product_cat-eszak-korea-1st","7":"product_tag-1st-auction-hu","8":"product_tag-belyeg","9":"product_tag-unsold","11":"first","12":"instock","13":"sold-individually","14":"shipping-taxable","15":"product-type-simple"},"_links":{"self":[{"href":"https:\/\/stampcurio.com\/hu\/wp-json\/wp\/v2\/product\/10840","targetHints":{"allow":["GET"]}}],"collection":[{"href":"https:\/\/stampcurio.com\/hu\/wp-json\/wp\/v2\/product"}],"about":[{"href":"https:\/\/stampcurio.com\/hu\/wp-json\/wp\/v2\/types\/product"}],"wp:featuredmedia":[{"embeddable":true,"href":"https:\/\/stampcurio.com\/hu\/wp-json\/wp\/v2\/media\/12171"}],"wp:attachment":[{"href":"https:\/\/stampcurio.com\/hu\/wp-json\/wp\/v2\/media?parent=10840"}],"wp:term":[{"taxonomy":"product_brand","embeddable":true,"href":"https:\/\/stampcurio.com\/hu\/wp-json\/wp\/v2\/product_brand?post=10840"},{"taxonomy":"product_cat","embeddable":true,"href":"https:\/\/stampcurio.com\/hu\/wp-json\/wp\/v2\/product_cat?post=10840"},{"taxonomy":"product_tag","embeddable":true,"href":"https:\/\/stampcurio.com\/hu\/wp-json\/wp\/v2\/product_tag?post=10840"}],"curies":[{"name":"wp","href":"https:\/\/api.w.org\/{rel}","templated":true}]}}