{"id":10832,"date":"2023-12-01T01:15:55","date_gmt":"2023-12-01T00:15:55","guid":{"rendered":"http:\/\/stampcurio.com\/?post_type=product&#038;p=10832"},"modified":"2025-12-05T04:09:21","modified_gmt":"2025-12-05T03:09:21","slug":"1950-eszak-korea-colonel-lewis-f-shull-tavirata-melyben-emliti-a-phenjani-postai-halozat-megsemmisiteset","status":"publish","type":"product","link":"https:\/\/stampcurio.com\/hu\/termek\/1950-eszak-korea-colonel-lewis-f-shull-tavirata-melyben-emliti-a-phenjani-postai-halozat-megsemmisiteset\/","title":{"rendered":"1950 \u00c9szak-Korea Colonel Lewis F. Shull t\u00e1virata, melyben eml\u00edti a phenjani postai h\u00e1l\u00f3zat megsemmis\u00edt\u00e9s\u00e9t"},"content":{"rendered":"","protected":false},"excerpt":{"rendered":"<p>Feltehet\u0151leg m\u00e1solat &#8211; de ett\u0151l f\u00fcggetlen\u00fcl \u00e9rdekes postat\u00f6rt\u00e9neti dokumentum.<\/p>\n","protected":false},"featured_media":12158,"template":"","meta":[],"product_brand":[],"product_cat":[298,644],"product_tag":[1044,89,208,209],"class_list":{"0":"post-10832","1":"product","2":"type-product","3":"status-publish","4":"has-post-thumbnail","6":"product_cat-egyesult-allamok-1st","7":"product_cat-eszak-korea-1st","8":"product_tag-1st-auction-hu","9":"product_tag-postatortenet","10":"product_tag-tabori-posta","11":"product_tag-tavirat","13":"first","14":"instock","15":"sold-individually","16":"shipping-taxable","17":"product-type-simple"},"_links":{"self":[{"href":"https:\/\/stampcurio.com\/hu\/wp-json\/wp\/v2\/product\/10832","targetHints":{"allow":["GET"]}}],"collection":[{"href":"https:\/\/stampcurio.com\/hu\/wp-json\/wp\/v2\/product"}],"about":[{"href":"https:\/\/stampcurio.com\/hu\/wp-json\/wp\/v2\/types\/product"}],"wp:featuredmedia":[{"embeddable":true,"href":"https:\/\/stampcurio.com\/hu\/wp-json\/wp\/v2\/media\/12158"}],"wp:attachment":[{"href":"https:\/\/stampcurio.com\/hu\/wp-json\/wp\/v2\/media?parent=10832"}],"wp:term":[{"taxonomy":"product_brand","embeddable":true,"href":"https:\/\/stampcurio.com\/hu\/wp-json\/wp\/v2\/product_brand?post=10832"},{"taxonomy":"product_cat","embeddable":true,"href":"https:\/\/stampcurio.com\/hu\/wp-json\/wp\/v2\/product_cat?post=10832"},{"taxonomy":"product_tag","embeddable":true,"href":"https:\/\/stampcurio.com\/hu\/wp-json\/wp\/v2\/product_tag?post=10832"}],"curies":[{"name":"wp","href":"https:\/\/api.w.org\/{rel}","templated":true}]}}