{"id":10825,"date":"2023-12-01T01:08:04","date_gmt":"2023-12-01T00:08:04","guid":{"rendered":"http:\/\/stampcurio.com\/?post_type=product&#038;p=10825"},"modified":"2025-12-05T04:09:22","modified_gmt":"2025-12-05T03:09:22","slug":"1947-eszak-korea-phenjani-helyi-illetekbelyeg-kozepen-fogazatlan-tete-beche-par","status":"publish","type":"product","link":"https:\/\/stampcurio.com\/hu\/termek\/1947-eszak-korea-phenjani-helyi-illetekbelyeg-kozepen-fogazatlan-tete-beche-par\/","title":{"rendered":"1947 \u00c9szak-Korea \u2013 phenjani helyi illet\u00e9kb\u00e9lyeg k\u00f6z\u00e9pen fogazatlan t\u00eate-b\u00eache p\u00e1r"},"content":{"rendered":"","protected":false},"excerpt":{"rendered":"","protected":false},"featured_media":12152,"template":"","meta":[],"product_brand":[],"product_cat":[644],"product_tag":[1044,116,1008,282,217],"class_list":{"0":"post-10825","1":"product","2":"type-product","3":"status-publish","4":"has-post-thumbnail","6":"product_cat-eszak-korea-1st","7":"product_tag-1st-auction-hu","8":"product_tag-belyeg","9":"product_tag-ebay","10":"product_tag-okmanybelyeg","11":"product_tag-tevnyomat","13":"first","14":"instock","15":"sold-individually","16":"shipping-taxable","17":"product-type-simple"},"_links":{"self":[{"href":"https:\/\/stampcurio.com\/hu\/wp-json\/wp\/v2\/product\/10825","targetHints":{"allow":["GET"]}}],"collection":[{"href":"https:\/\/stampcurio.com\/hu\/wp-json\/wp\/v2\/product"}],"about":[{"href":"https:\/\/stampcurio.com\/hu\/wp-json\/wp\/v2\/types\/product"}],"wp:featuredmedia":[{"embeddable":true,"href":"https:\/\/stampcurio.com\/hu\/wp-json\/wp\/v2\/media\/12152"}],"wp:attachment":[{"href":"https:\/\/stampcurio.com\/hu\/wp-json\/wp\/v2\/media?parent=10825"}],"wp:term":[{"taxonomy":"product_brand","embeddable":true,"href":"https:\/\/stampcurio.com\/hu\/wp-json\/wp\/v2\/product_brand?post=10825"},{"taxonomy":"product_cat","embeddable":true,"href":"https:\/\/stampcurio.com\/hu\/wp-json\/wp\/v2\/product_cat?post=10825"},{"taxonomy":"product_tag","embeddable":true,"href":"https:\/\/stampcurio.com\/hu\/wp-json\/wp\/v2\/product_tag?post=10825"}],"curies":[{"name":"wp","href":"https:\/\/api.w.org\/{rel}","templated":true}]}}