{"id":10813,"date":"2023-12-01T00:55:26","date_gmt":"2023-11-30T23:55:26","guid":{"rendered":"http:\/\/stampcurio.com\/?post_type=product&#038;p=10813"},"modified":"2025-12-05T04:09:23","modified_gmt":"2025-12-05T03:09:23","slug":"1950-eszak-korea-illetekbelyegek-osszefuggesekben","status":"publish","type":"product","link":"https:\/\/stampcurio.com\/hu\/termek\/1950-eszak-korea-illetekbelyegek-osszefuggesekben\/","title":{"rendered":"1950 \u00c9szak-Korea \u2013 illet\u00e9kb\u00e9lyegek \u00f6sszef\u00fcgg\u00e9sekben"},"content":{"rendered":"","protected":false},"excerpt":{"rendered":"","protected":false},"featured_media":12140,"template":"","meta":[],"product_brand":[],"product_cat":[644],"product_tag":[1044,116,1008,282],"class_list":{"0":"post-10813","1":"product","2":"type-product","3":"status-publish","4":"has-post-thumbnail","6":"product_cat-eszak-korea-1st","7":"product_tag-1st-auction-hu","8":"product_tag-belyeg","9":"product_tag-ebay","10":"product_tag-okmanybelyeg","12":"first","13":"instock","14":"sold-individually","15":"shipping-taxable","16":"product-type-simple"},"_links":{"self":[{"href":"https:\/\/stampcurio.com\/hu\/wp-json\/wp\/v2\/product\/10813","targetHints":{"allow":["GET"]}}],"collection":[{"href":"https:\/\/stampcurio.com\/hu\/wp-json\/wp\/v2\/product"}],"about":[{"href":"https:\/\/stampcurio.com\/hu\/wp-json\/wp\/v2\/types\/product"}],"wp:featuredmedia":[{"embeddable":true,"href":"https:\/\/stampcurio.com\/hu\/wp-json\/wp\/v2\/media\/12140"}],"wp:attachment":[{"href":"https:\/\/stampcurio.com\/hu\/wp-json\/wp\/v2\/media?parent=10813"}],"wp:term":[{"taxonomy":"product_brand","embeddable":true,"href":"https:\/\/stampcurio.com\/hu\/wp-json\/wp\/v2\/product_brand?post=10813"},{"taxonomy":"product_cat","embeddable":true,"href":"https:\/\/stampcurio.com\/hu\/wp-json\/wp\/v2\/product_cat?post=10813"},{"taxonomy":"product_tag","embeddable":true,"href":"https:\/\/stampcurio.com\/hu\/wp-json\/wp\/v2\/product_tag?post=10813"}],"curies":[{"name":"wp","href":"https:\/\/api.w.org\/{rel}","templated":true}]}}