{"id":10746,"date":"2023-11-30T22:17:33","date_gmt":"2023-11-30T21:17:33","guid":{"rendered":"http:\/\/stampcurio.com\/?post_type=product&#038;p=10746"},"modified":"2025-12-05T04:09:23","modified_gmt":"2025-12-05T03:09:23","slug":"1909-magyarorszag-ajanlott-boritek-x-piusz-papanak-olaszorszagba","status":"publish","type":"product","link":"https:\/\/stampcurio.com\/hu\/termek\/1909-magyarorszag-ajanlott-boritek-x-piusz-papanak-olaszorszagba\/","title":{"rendered":"1909 Magyarorsz\u00e1g &#8211; aj\u00e1nlott bor\u00edt\u00e9k X. Piusz p\u00e1p\u00e1nak Olaszorsz\u00e1gba"},"content":{"rendered":"","protected":false},"excerpt":{"rendered":"<p>Tarifahelyesen turul 20+30 fill\u00e9res b\u00e9lyegekkel b\u00e9rmentes\u00edtve. \u00c9rkez\u00e9si b\u00e9lyegz\u0151 a h\u00e1toldalon.<\/p>\n","protected":false},"featured_media":10960,"template":"","meta":[],"product_brand":[],"product_cat":[73,86,87],"product_tag":[1044,176,89],"class_list":{"0":"post-10746","1":"product","2":"type-product","3":"status-publish","4":"has-post-thumbnail","6":"product_cat-magyarorszag-1st","7":"product_cat-olaszorszag-1st","8":"product_cat-vatikan-1st","9":"product_tag-1st-auction-hu","10":"product_tag-philagem","11":"product_tag-postatortenet","12":"pa_catalog_id-68","14":"first","15":"instock","16":"sold-individually","17":"shipping-taxable","18":"product-type-simple"},"_links":{"self":[{"href":"https:\/\/stampcurio.com\/hu\/wp-json\/wp\/v2\/product\/10746","targetHints":{"allow":["GET"]}}],"collection":[{"href":"https:\/\/stampcurio.com\/hu\/wp-json\/wp\/v2\/product"}],"about":[{"href":"https:\/\/stampcurio.com\/hu\/wp-json\/wp\/v2\/types\/product"}],"wp:featuredmedia":[{"embeddable":true,"href":"https:\/\/stampcurio.com\/hu\/wp-json\/wp\/v2\/media\/10960"}],"wp:attachment":[{"href":"https:\/\/stampcurio.com\/hu\/wp-json\/wp\/v2\/media?parent=10746"}],"wp:term":[{"taxonomy":"product_brand","embeddable":true,"href":"https:\/\/stampcurio.com\/hu\/wp-json\/wp\/v2\/product_brand?post=10746"},{"taxonomy":"product_cat","embeddable":true,"href":"https:\/\/stampcurio.com\/hu\/wp-json\/wp\/v2\/product_cat?post=10746"},{"taxonomy":"product_tag","embeddable":true,"href":"https:\/\/stampcurio.com\/hu\/wp-json\/wp\/v2\/product_tag?post=10746"}],"curies":[{"name":"wp","href":"https:\/\/api.w.org\/{rel}","templated":true}]}}