{"id":10646,"date":"2023-11-30T20:32:06","date_gmt":"2023-11-30T19:32:06","guid":{"rendered":"http:\/\/stampcurio.com\/1906-ausztria-nagyon-szep-kek-szczawnica-postabelyegzo-pieninyt-abrazolo-levelezolapon-amelyet-karpat-ukrajnaba-kuldtek"},"modified":"2025-12-05T04:09:24","modified_gmt":"2025-12-05T03:09:24","slug":"1906-ausztria-nagyon-szep-kek-szczawnica-postabelyegzo-pieninyt-abrazolo-levelezolapon-amelyet-karpat-ukrajnaba-kuldtek","status":"publish","type":"product","link":"https:\/\/stampcurio.com\/hu\/termek\/1906-ausztria-nagyon-szep-kek-szczawnica-postabelyegzo-pieninyt-abrazolo-levelezolapon-amelyet-karpat-ukrajnaba-kuldtek\/","title":{"rendered":"1906 Ausztria \u2013 nagyon sz\u00e9p k\u00e9k SZCZAWNICA postab\u00e9lyegz\u0151 Pieninyt \u00e1br\u00e1zol\u00f3 levelez\u0151lapon, amelyet K\u00e1rp\u00e1t-Ukrajn\u00e1ba k\u00fcldtek"},"content":{"rendered":"","protected":false},"excerpt":{"rendered":"<p>Szczawnica ma Lengyelorsz\u00e1gban tal\u00e1lhat\u00f3.<br \/>\nSz\u00e9p min\u0151s\u00e9gben.<\/p>\n","protected":false},"featured_media":10913,"template":"","meta":[],"product_brand":[],"product_cat":[60,96,95],"product_tag":[1044,98,97,67],"class_list":{"0":"post-10646","1":"product","2":"type-product","3":"status-publish","4":"has-post-thumbnail","6":"product_cat-ausztria-1st","7":"product_cat-lengyelorszag-1st","8":"product_cat-ukrajna-1st","9":"product_tag-1st-auction-hu","10":"product_tag-karpatalja","11":"product_tag-kepeslap","12":"product_tag-marcofilatelia","13":"pa_catalog_id-56","15":"first","16":"outofstock","17":"sold-individually","18":"shipping-taxable","19":"product-type-simple"},"_links":{"self":[{"href":"https:\/\/stampcurio.com\/hu\/wp-json\/wp\/v2\/product\/10646","targetHints":{"allow":["GET"]}}],"collection":[{"href":"https:\/\/stampcurio.com\/hu\/wp-json\/wp\/v2\/product"}],"about":[{"href":"https:\/\/stampcurio.com\/hu\/wp-json\/wp\/v2\/types\/product"}],"wp:featuredmedia":[{"embeddable":true,"href":"https:\/\/stampcurio.com\/hu\/wp-json\/wp\/v2\/media\/10913"}],"wp:attachment":[{"href":"https:\/\/stampcurio.com\/hu\/wp-json\/wp\/v2\/media?parent=10646"}],"wp:term":[{"taxonomy":"product_brand","embeddable":true,"href":"https:\/\/stampcurio.com\/hu\/wp-json\/wp\/v2\/product_brand?post=10646"},{"taxonomy":"product_cat","embeddable":true,"href":"https:\/\/stampcurio.com\/hu\/wp-json\/wp\/v2\/product_cat?post=10646"},{"taxonomy":"product_tag","embeddable":true,"href":"https:\/\/stampcurio.com\/hu\/wp-json\/wp\/v2\/product_tag?post=10646"}],"curies":[{"name":"wp","href":"https:\/\/api.w.org\/{rel}","templated":true}]}}