{"id":10284,"date":"2023-11-30T00:57:48","date_gmt":"2023-11-29T23:57:48","guid":{"rendered":"http:\/\/stampcurio.com\/?post_type=product&#038;p=10284"},"modified":"2025-12-05T04:09:24","modified_gmt":"2025-12-05T03:09:24","slug":"1932-magyarorszag-nagy-madonna-postatiszta-5p-szent-sziv-tevnyomat-tampeldany","status":"publish","type":"product","link":"https:\/\/stampcurio.com\/hu\/termek\/1932-magyarorszag-nagy-madonna-postatiszta-5p-szent-sziv-tevnyomat-tampeldany\/","title":{"rendered":"1932 Magyarorsz\u00e1g &#8211; Nagy Madonna postatiszta ** 5P &#8211; szent sz\u00edv t\u00e9vnyomat + t\u00e1mp\u00e9ld\u00e1ny"},"content":{"rendered":"","protected":false},"excerpt":{"rendered":"","protected":false},"featured_media":10291,"template":"","meta":[],"product_brand":[],"product_cat":[73],"product_tag":[1044,116,217],"class_list":{"0":"post-10284","1":"product","2":"type-product","3":"status-publish","4":"has-post-thumbnail","6":"product_cat-magyarorszag-1st","7":"product_tag-1st-auction-hu","8":"product_tag-belyeg","9":"product_tag-tevnyomat","10":"pa_catalog_id-1002","12":"first","13":"outofstock","14":"sold-individually","15":"shipping-taxable","16":"product-type-simple"},"_links":{"self":[{"href":"https:\/\/stampcurio.com\/hu\/wp-json\/wp\/v2\/product\/10284","targetHints":{"allow":["GET"]}}],"collection":[{"href":"https:\/\/stampcurio.com\/hu\/wp-json\/wp\/v2\/product"}],"about":[{"href":"https:\/\/stampcurio.com\/hu\/wp-json\/wp\/v2\/types\/product"}],"wp:featuredmedia":[{"embeddable":true,"href":"https:\/\/stampcurio.com\/hu\/wp-json\/wp\/v2\/media\/10291"}],"wp:attachment":[{"href":"https:\/\/stampcurio.com\/hu\/wp-json\/wp\/v2\/media?parent=10284"}],"wp:term":[{"taxonomy":"product_brand","embeddable":true,"href":"https:\/\/stampcurio.com\/hu\/wp-json\/wp\/v2\/product_brand?post=10284"},{"taxonomy":"product_cat","embeddable":true,"href":"https:\/\/stampcurio.com\/hu\/wp-json\/wp\/v2\/product_cat?post=10284"},{"taxonomy":"product_tag","embeddable":true,"href":"https:\/\/stampcurio.com\/hu\/wp-json\/wp\/v2\/product_tag?post=10284"}],"curies":[{"name":"wp","href":"https:\/\/api.w.org\/{rel}","templated":true}]}}