{"id":10255,"date":"2023-11-30T00:46:26","date_gmt":"2023-11-29T23:46:26","guid":{"rendered":"http:\/\/stampcurio.com\/?post_type=product&#038;p=10255"},"modified":"2025-12-05T04:09:25","modified_gmt":"2025-12-05T03:09:25","slug":"1852-olaszorszag-modena-firenzebe-kuldott-level-c-5c-15-ketszinu-bermentesitessel-attest-cardillo","status":"publish","type":"product","link":"https:\/\/stampcurio.com\/hu\/termek\/1852-olaszorszag-modena-firenzebe-kuldott-level-c-5c-15-ketszinu-bermentesitessel-attest-cardillo\/","title":{"rendered":"1852 Olaszorsz\u00e1g \/ Modena &#8211; Firenz\u00e9be k\u00fcld\u00f6tt lev\u00e9l c.5+c.15 k\u00e9tsz\u00edn\u0171 b\u00e9rmentes\u00edt\u00e9ssel &#8211; Attest Cardillo"},"content":{"rendered":"","protected":false},"excerpt":{"rendered":"","protected":false},"featured_media":10276,"template":"","meta":[],"product_brand":[],"product_cat":[86],"product_tag":[1044,116,176,89],"class_list":{"0":"post-10255","1":"product","2":"type-product","3":"status-publish","4":"has-post-thumbnail","6":"product_cat-olaszorszag-1st","7":"product_tag-1st-auction-hu","8":"product_tag-belyeg","9":"product_tag-philagem","10":"product_tag-postatortenet","11":"pa_catalog_id-1001","13":"first","14":"instock","15":"sold-individually","16":"shipping-taxable","17":"product-type-simple"},"_links":{"self":[{"href":"https:\/\/stampcurio.com\/hu\/wp-json\/wp\/v2\/product\/10255","targetHints":{"allow":["GET"]}}],"collection":[{"href":"https:\/\/stampcurio.com\/hu\/wp-json\/wp\/v2\/product"}],"about":[{"href":"https:\/\/stampcurio.com\/hu\/wp-json\/wp\/v2\/types\/product"}],"wp:featuredmedia":[{"embeddable":true,"href":"https:\/\/stampcurio.com\/hu\/wp-json\/wp\/v2\/media\/10276"}],"wp:attachment":[{"href":"https:\/\/stampcurio.com\/hu\/wp-json\/wp\/v2\/media?parent=10255"}],"wp:term":[{"taxonomy":"product_brand","embeddable":true,"href":"https:\/\/stampcurio.com\/hu\/wp-json\/wp\/v2\/product_brand?post=10255"},{"taxonomy":"product_cat","embeddable":true,"href":"https:\/\/stampcurio.com\/hu\/wp-json\/wp\/v2\/product_cat?post=10255"},{"taxonomy":"product_tag","embeddable":true,"href":"https:\/\/stampcurio.com\/hu\/wp-json\/wp\/v2\/product_tag?post=10255"}],"curies":[{"name":"wp","href":"https:\/\/api.w.org\/{rel}","templated":true}]}}