{"id":10235,"date":"2023-11-30T00:33:36","date_gmt":"2023-11-29T23:33:36","guid":{"rendered":"http:\/\/stampcurio.com\/?post_type=product&#038;p=10235"},"modified":"2025-12-05T04:09:25","modified_gmt":"2025-12-05T03:09:25","slug":"1853-olaszorszag-parma-piacenzaban-feladott-boritek-5c-harmascsikkal-bermentesitve-attest-colla","status":"publish","type":"product","link":"https:\/\/stampcurio.com\/hu\/termek\/1853-olaszorszag-parma-piacenzaban-feladott-boritek-5c-harmascsikkal-bermentesitve-attest-colla\/","title":{"rendered":"1853 Olaszorsz\u00e1g \/ Parma &#8211; Piacenz\u00e1ban feladott bor\u00edt\u00e9k 5c h\u00e1rmascs\u00edkkal b\u00e9rmentes\u00edtve &#8211; Attest Colla"},"content":{"rendered":"","protected":false},"excerpt":{"rendered":"","protected":false},"featured_media":10249,"template":"","meta":[],"product_brand":[],"product_cat":[86],"product_tag":[1044,116,176,89],"class_list":{"0":"post-10235","1":"product","2":"type-product","3":"status-publish","4":"has-post-thumbnail","6":"product_cat-olaszorszag-1st","7":"product_tag-1st-auction-hu","8":"product_tag-belyeg","9":"product_tag-philagem","10":"product_tag-postatortenet","11":"pa_catalog_id-1000","13":"first","14":"instock","15":"sold-individually","16":"shipping-taxable","17":"product-type-simple"},"_links":{"self":[{"href":"https:\/\/stampcurio.com\/hu\/wp-json\/wp\/v2\/product\/10235","targetHints":{"allow":["GET"]}}],"collection":[{"href":"https:\/\/stampcurio.com\/hu\/wp-json\/wp\/v2\/product"}],"about":[{"href":"https:\/\/stampcurio.com\/hu\/wp-json\/wp\/v2\/types\/product"}],"wp:featuredmedia":[{"embeddable":true,"href":"https:\/\/stampcurio.com\/hu\/wp-json\/wp\/v2\/media\/10249"}],"wp:attachment":[{"href":"https:\/\/stampcurio.com\/hu\/wp-json\/wp\/v2\/media?parent=10235"}],"wp:term":[{"taxonomy":"product_brand","embeddable":true,"href":"https:\/\/stampcurio.com\/hu\/wp-json\/wp\/v2\/product_brand?post=10235"},{"taxonomy":"product_cat","embeddable":true,"href":"https:\/\/stampcurio.com\/hu\/wp-json\/wp\/v2\/product_cat?post=10235"},{"taxonomy":"product_tag","embeddable":true,"href":"https:\/\/stampcurio.com\/hu\/wp-json\/wp\/v2\/product_tag?post=10235"}],"curies":[{"name":"wp","href":"https:\/\/api.w.org\/{rel}","templated":true}]}}