{"id":10217,"date":"2023-11-30T00:14:59","date_gmt":"2023-11-29T23:14:59","guid":{"rendered":"http:\/\/stampcurio.com\/?post_type=product&#038;p=10217"},"modified":"2025-12-05T04:09:25","modified_gmt":"2025-12-05T03:09:25","slug":"1921-olaszorszag-hasznalatlan-blp-reklamos-zart-levelezesi-lap-elso-tipusu-felulnyomott-belyeggel","status":"publish","type":"product","link":"https:\/\/stampcurio.com\/hu\/termek\/1921-olaszorszag-hasznalatlan-blp-reklamos-zart-levelezesi-lap-elso-tipusu-felulnyomott-belyeggel\/","title":{"rendered":"1921 Olaszorsz\u00e1g &#8211; haszn\u00e1latlan BLP rekl\u00e1mos z\u00e1rt levelez\u00e9si lap els\u0151 tipus\u00fa fel\u00fclnyomott b\u00e9lyeggel"},"content":{"rendered":"","protected":false},"excerpt":{"rendered":"","protected":false},"featured_media":10232,"template":"","meta":[],"product_brand":[],"product_cat":[86],"product_tag":[1044,116,1008,75],"class_list":{"0":"post-10217","1":"product","2":"type-product","3":"status-publish","4":"has-post-thumbnail","6":"product_cat-olaszorszag-1st","7":"product_tag-1st-auction-hu","8":"product_tag-belyeg","9":"product_tag-ebay","10":"product_tag-reklam","11":"pa_catalog_id-999","13":"first","14":"outofstock","15":"sold-individually","16":"shipping-taxable","17":"product-type-simple"},"_links":{"self":[{"href":"https:\/\/stampcurio.com\/hu\/wp-json\/wp\/v2\/product\/10217","targetHints":{"allow":["GET"]}}],"collection":[{"href":"https:\/\/stampcurio.com\/hu\/wp-json\/wp\/v2\/product"}],"about":[{"href":"https:\/\/stampcurio.com\/hu\/wp-json\/wp\/v2\/types\/product"}],"wp:featuredmedia":[{"embeddable":true,"href":"https:\/\/stampcurio.com\/hu\/wp-json\/wp\/v2\/media\/10232"}],"wp:attachment":[{"href":"https:\/\/stampcurio.com\/hu\/wp-json\/wp\/v2\/media?parent=10217"}],"wp:term":[{"taxonomy":"product_brand","embeddable":true,"href":"https:\/\/stampcurio.com\/hu\/wp-json\/wp\/v2\/product_brand?post=10217"},{"taxonomy":"product_cat","embeddable":true,"href":"https:\/\/stampcurio.com\/hu\/wp-json\/wp\/v2\/product_cat?post=10217"},{"taxonomy":"product_tag","embeddable":true,"href":"https:\/\/stampcurio.com\/hu\/wp-json\/wp\/v2\/product_tag?post=10217"}],"curies":[{"name":"wp","href":"https:\/\/api.w.org\/{rel}","templated":true}]}}