{"id":10200,"date":"2023-11-30T00:02:56","date_gmt":"2023-11-29T23:02:56","guid":{"rendered":"http:\/\/stampcurio.com\/?post_type=product&#038;p=10200"},"modified":"2025-12-05T04:09:26","modified_gmt":"2025-12-05T03:09:26","slug":"1876-olaszorszag-cuiababa-brazilia-kuldott-boritek-11-lira-haromszinu-bermentesitessel-ritka-destinacio","status":"publish","type":"product","link":"https:\/\/stampcurio.com\/hu\/termek\/1876-olaszorszag-cuiababa-brazilia-kuldott-boritek-11-lira-haromszinu-bermentesitessel-ritka-destinacio\/","title":{"rendered":"1876 Olaszorsz\u00e1g &#8211;  Cuiab\u00e1ba \/ Braz\u00edlia (!) k\u00fcld\u00f6tt bor\u00edt\u00e9k 1,1 Lira h\u00e1romsz\u00edn\u0171 b\u00e9rmentes\u00edt\u00e9ssel &#8211; ritka destin\u00e1ci\u00f3"},"content":{"rendered":"","protected":false},"excerpt":{"rendered":"<p>A 40c b\u00e9lyeg fogazata s\u00e9r\u00fclt &#8211; a k\u00e9peken j\u00f3l l\u00e1that\u00f3.<\/p>\n","protected":false},"featured_media":10211,"template":"","meta":[],"product_brand":[],"product_cat":[335,86],"product_tag":[1044,116,176,89],"class_list":{"0":"post-10200","1":"product","2":"type-product","3":"status-publish","4":"has-post-thumbnail","6":"product_cat-brazilia-1st","7":"product_cat-olaszorszag-1st","8":"product_tag-1st-auction-hu","9":"product_tag-belyeg","10":"product_tag-philagem","11":"product_tag-postatortenet","12":"pa_catalog_id-998","14":"first","15":"instock","16":"sold-individually","17":"shipping-taxable","18":"product-type-simple"},"_links":{"self":[{"href":"https:\/\/stampcurio.com\/hu\/wp-json\/wp\/v2\/product\/10200","targetHints":{"allow":["GET"]}}],"collection":[{"href":"https:\/\/stampcurio.com\/hu\/wp-json\/wp\/v2\/product"}],"about":[{"href":"https:\/\/stampcurio.com\/hu\/wp-json\/wp\/v2\/types\/product"}],"wp:featuredmedia":[{"embeddable":true,"href":"https:\/\/stampcurio.com\/hu\/wp-json\/wp\/v2\/media\/10211"}],"wp:attachment":[{"href":"https:\/\/stampcurio.com\/hu\/wp-json\/wp\/v2\/media?parent=10200"}],"wp:term":[{"taxonomy":"product_brand","embeddable":true,"href":"https:\/\/stampcurio.com\/hu\/wp-json\/wp\/v2\/product_brand?post=10200"},{"taxonomy":"product_cat","embeddable":true,"href":"https:\/\/stampcurio.com\/hu\/wp-json\/wp\/v2\/product_cat?post=10200"},{"taxonomy":"product_tag","embeddable":true,"href":"https:\/\/stampcurio.com\/hu\/wp-json\/wp\/v2\/product_tag?post=10200"}],"curies":[{"name":"wp","href":"https:\/\/api.w.org\/{rel}","templated":true}]}}