{"id":10187,"date":"2023-11-29T23:50:58","date_gmt":"2023-11-29T22:50:58","guid":{"rendered":"http:\/\/stampcurio.com\/?post_type=product&#038;p=10187"},"modified":"2025-12-05T04:09:26","modified_gmt":"2025-12-05T03:09:26","slug":"1858-olaszorszag-napoly-2gr-aquilaba-kuldott-boritekon-chienti-varosbelyegzovel","status":"publish","type":"product","link":"https:\/\/stampcurio.com\/hu\/termek\/1858-olaszorszag-napoly-2gr-aquilaba-kuldott-boritekon-chienti-varosbelyegzovel\/","title":{"rendered":"1858 Olaszorsz\u00e1g \/ N\u00e1poly &#8211; 2Gr Aquil\u00e1ba k\u00fcld\u00f6tt bor\u00edt\u00e9kon  &#8211; Chienti v\u00e1rosb\u00e9lyegz\u0151vel"},"content":{"rendered":"","protected":false},"excerpt":{"rendered":"","protected":false},"featured_media":10197,"template":"","meta":[],"product_brand":[],"product_cat":[86],"product_tag":[1044,116,89],"class_list":{"0":"post-10187","1":"product","2":"type-product","3":"status-publish","4":"has-post-thumbnail","6":"product_cat-olaszorszag-1st","7":"product_tag-1st-auction-hu","8":"product_tag-belyeg","9":"product_tag-postatortenet","10":"pa_catalog_id-997","12":"first","13":"outofstock","14":"sold-individually","15":"shipping-taxable","16":"product-type-simple"},"_links":{"self":[{"href":"https:\/\/stampcurio.com\/hu\/wp-json\/wp\/v2\/product\/10187","targetHints":{"allow":["GET"]}}],"collection":[{"href":"https:\/\/stampcurio.com\/hu\/wp-json\/wp\/v2\/product"}],"about":[{"href":"https:\/\/stampcurio.com\/hu\/wp-json\/wp\/v2\/types\/product"}],"wp:featuredmedia":[{"embeddable":true,"href":"https:\/\/stampcurio.com\/hu\/wp-json\/wp\/v2\/media\/10197"}],"wp:attachment":[{"href":"https:\/\/stampcurio.com\/hu\/wp-json\/wp\/v2\/media?parent=10187"}],"wp:term":[{"taxonomy":"product_brand","embeddable":true,"href":"https:\/\/stampcurio.com\/hu\/wp-json\/wp\/v2\/product_brand?post=10187"},{"taxonomy":"product_cat","embeddable":true,"href":"https:\/\/stampcurio.com\/hu\/wp-json\/wp\/v2\/product_cat?post=10187"},{"taxonomy":"product_tag","embeddable":true,"href":"https:\/\/stampcurio.com\/hu\/wp-json\/wp\/v2\/product_tag?post=10187"}],"curies":[{"name":"wp","href":"https:\/\/api.w.org\/{rel}","templated":true}]}}