{"id":10171,"date":"2023-11-29T23:40:55","date_gmt":"2023-11-29T22:40:55","guid":{"rendered":"http:\/\/stampcurio.com\/?post_type=product&#038;p=10171"},"modified":"2025-12-05T04:09:27","modified_gmt":"2025-12-05T03:09:27","slug":"1861-olaszorszag-boritek-avellinobol-1gr-parral-bermentesitve-napolyba-kuldve","status":"publish","type":"product","link":"https:\/\/stampcurio.com\/hu\/termek\/1861-olaszorszag-boritek-avellinobol-1gr-parral-bermentesitve-napolyba-kuldve\/","title":{"rendered":"1861 Olaszorsz\u00e1g &#8211; bor\u00edt\u00e9k Avellinob\u00f3l 1Gr p\u00e1rral b\u00e9rmentes\u00edtve N\u00e1polyba k\u00fcldve"},"content":{"rendered":"","protected":false},"excerpt":{"rendered":"","protected":false},"featured_media":10182,"template":"","meta":[],"product_brand":[],"product_cat":[86],"product_tag":[1044,116,89],"class_list":{"0":"post-10171","1":"product","2":"type-product","3":"status-publish","4":"has-post-thumbnail","6":"product_cat-olaszorszag-1st","7":"product_tag-1st-auction-hu","8":"product_tag-belyeg","9":"product_tag-postatortenet","10":"pa_catalog_id-996","12":"first","13":"instock","14":"sold-individually","15":"shipping-taxable","16":"product-type-simple"},"_links":{"self":[{"href":"https:\/\/stampcurio.com\/hu\/wp-json\/wp\/v2\/product\/10171","targetHints":{"allow":["GET"]}}],"collection":[{"href":"https:\/\/stampcurio.com\/hu\/wp-json\/wp\/v2\/product"}],"about":[{"href":"https:\/\/stampcurio.com\/hu\/wp-json\/wp\/v2\/types\/product"}],"wp:featuredmedia":[{"embeddable":true,"href":"https:\/\/stampcurio.com\/hu\/wp-json\/wp\/v2\/media\/10182"}],"wp:attachment":[{"href":"https:\/\/stampcurio.com\/hu\/wp-json\/wp\/v2\/media?parent=10171"}],"wp:term":[{"taxonomy":"product_brand","embeddable":true,"href":"https:\/\/stampcurio.com\/hu\/wp-json\/wp\/v2\/product_brand?post=10171"},{"taxonomy":"product_cat","embeddable":true,"href":"https:\/\/stampcurio.com\/hu\/wp-json\/wp\/v2\/product_cat?post=10171"},{"taxonomy":"product_tag","embeddable":true,"href":"https:\/\/stampcurio.com\/hu\/wp-json\/wp\/v2\/product_tag?post=10171"}],"curies":[{"name":"wp","href":"https:\/\/api.w.org\/{rel}","templated":true}]}}