{"id":10154,"date":"2023-11-29T23:25:31","date_gmt":"2023-11-29T22:25:31","guid":{"rendered":"http:\/\/stampcurio.com\/?post_type=product&#038;p=10154"},"modified":"2025-12-05T04:09:27","modified_gmt":"2025-12-05T03:09:27","slug":"1859-olaszorszag-20c-tavolsagi-levelen-genova-cegbelyegzo","status":"publish","type":"product","link":"https:\/\/stampcurio.com\/hu\/termek\/1859-olaszorszag-20c-tavolsagi-levelen-genova-cegbelyegzo\/","title":{"rendered":"1859 Olaszorsz\u00e1g &#8211; 20c t\u00e1vols\u00e1gi lev\u00e9len GENOVA + c\u00e9gb\u00e9lyegz\u0151"},"content":{"rendered":"","protected":false},"excerpt":{"rendered":"","protected":false},"featured_media":10165,"template":"","meta":[],"product_brand":[],"product_cat":[86],"product_tag":[1044,116,67,89],"class_list":{"0":"post-10154","1":"product","2":"type-product","3":"status-publish","4":"has-post-thumbnail","6":"product_cat-olaszorszag-1st","7":"product_tag-1st-auction-hu","8":"product_tag-belyeg","9":"product_tag-marcofilatelia","10":"product_tag-postatortenet","11":"pa_catalog_id-995","13":"first","14":"outofstock","15":"sold-individually","16":"shipping-taxable","17":"product-type-simple"},"_links":{"self":[{"href":"https:\/\/stampcurio.com\/hu\/wp-json\/wp\/v2\/product\/10154","targetHints":{"allow":["GET"]}}],"collection":[{"href":"https:\/\/stampcurio.com\/hu\/wp-json\/wp\/v2\/product"}],"about":[{"href":"https:\/\/stampcurio.com\/hu\/wp-json\/wp\/v2\/types\/product"}],"wp:featuredmedia":[{"embeddable":true,"href":"https:\/\/stampcurio.com\/hu\/wp-json\/wp\/v2\/media\/10165"}],"wp:attachment":[{"href":"https:\/\/stampcurio.com\/hu\/wp-json\/wp\/v2\/media?parent=10154"}],"wp:term":[{"taxonomy":"product_brand","embeddable":true,"href":"https:\/\/stampcurio.com\/hu\/wp-json\/wp\/v2\/product_brand?post=10154"},{"taxonomy":"product_cat","embeddable":true,"href":"https:\/\/stampcurio.com\/hu\/wp-json\/wp\/v2\/product_cat?post=10154"},{"taxonomy":"product_tag","embeddable":true,"href":"https:\/\/stampcurio.com\/hu\/wp-json\/wp\/v2\/product_tag?post=10154"}],"curies":[{"name":"wp","href":"https:\/\/api.w.org\/{rel}","templated":true}]}}