{"id":10139,"date":"2023-11-29T23:20:45","date_gmt":"2023-11-29T22:20:45","guid":{"rendered":"http:\/\/stampcurio.com\/?post_type=product&#038;p=10139"},"modified":"2025-12-05T04:09:27","modified_gmt":"2025-12-05T03:09:27","slug":"1921-nyugat-magyarorszag-ix-postatiszta-teljes-sor-15-k-szinproba-attest-bodor","status":"publish","type":"product","link":"https:\/\/stampcurio.com\/hu\/termek\/1921-nyugat-magyarorszag-ix-postatiszta-teljes-sor-15-k-szinproba-attest-bodor\/","title":{"rendered":"1921 Nyugat-Magyarorsz\u00e1g IX. postatiszta ** teljes sor + 1,5 K sz\u00ednpr\u00f3ba  &#8211; Attest Bodor"},"content":{"rendered":"","protected":false},"excerpt":{"rendered":"","protected":false},"featured_media":10149,"template":"","meta":[],"product_brand":[],"product_cat":[60,73],"product_tag":[1044,116],"class_list":{"0":"post-10139","1":"product","2":"type-product","3":"status-publish","4":"has-post-thumbnail","6":"product_cat-ausztria-1st","7":"product_cat-magyarorszag-1st","8":"product_tag-1st-auction-hu","9":"product_tag-belyeg","10":"pa_catalog_id-994","12":"first","13":"outofstock","14":"sold-individually","15":"shipping-taxable","16":"product-type-simple"},"_links":{"self":[{"href":"https:\/\/stampcurio.com\/hu\/wp-json\/wp\/v2\/product\/10139","targetHints":{"allow":["GET"]}}],"collection":[{"href":"https:\/\/stampcurio.com\/hu\/wp-json\/wp\/v2\/product"}],"about":[{"href":"https:\/\/stampcurio.com\/hu\/wp-json\/wp\/v2\/types\/product"}],"wp:featuredmedia":[{"embeddable":true,"href":"https:\/\/stampcurio.com\/hu\/wp-json\/wp\/v2\/media\/10149"}],"wp:attachment":[{"href":"https:\/\/stampcurio.com\/hu\/wp-json\/wp\/v2\/media?parent=10139"}],"wp:term":[{"taxonomy":"product_brand","embeddable":true,"href":"https:\/\/stampcurio.com\/hu\/wp-json\/wp\/v2\/product_brand?post=10139"},{"taxonomy":"product_cat","embeddable":true,"href":"https:\/\/stampcurio.com\/hu\/wp-json\/wp\/v2\/product_cat?post=10139"},{"taxonomy":"product_tag","embeddable":true,"href":"https:\/\/stampcurio.com\/hu\/wp-json\/wp\/v2\/product_tag?post=10139"}],"curies":[{"name":"wp","href":"https:\/\/api.w.org\/{rel}","templated":true}]}}