{"id":10126,"date":"2023-11-29T23:05:52","date_gmt":"2023-11-29T22:05:52","guid":{"rendered":"http:\/\/stampcurio.com\/?post_type=product&#038;p=10126"},"modified":"2025-12-05T04:09:28","modified_gmt":"2025-12-05T03:09:28","slug":"1920-villanyi-provizorium-shs-teruletre-kuldott-dijjegyes-boritekon","status":"publish","type":"product","link":"https:\/\/stampcurio.com\/hu\/termek\/1920-villanyi-provizorium-shs-teruletre-kuldott-dijjegyes-boritekon\/","title":{"rendered":"1920 Vill\u00e1nyi proviz\u00f3rium SHS ter\u00fcletre k\u00fcld\u00f6tt d\u00edjjegyes bor\u00edt\u00e9kon"},"content":{"rendered":"","protected":false},"excerpt":{"rendered":"","protected":false},"featured_media":11964,"template":"","meta":[],"product_brand":[],"product_cat":[78,73,135,402],"product_tag":[1044,116,74,176,89,256],"class_list":{"0":"post-10126","1":"product","2":"type-product","3":"status-publish","4":"has-post-thumbnail","6":"product_cat-horvatorszag-1st","7":"product_cat-magyarorszag-1st","8":"product_cat-szerbia-1st","9":"product_cat-szlovenia-1st","10":"product_tag-1st-auction-hu","11":"product_tag-belyeg","12":"product_tag-dijjegyes","13":"product_tag-philagem","14":"product_tag-postatortenet","15":"product_tag-provizorium","16":"pa_catalog_id-993","18":"first","19":"outofstock","20":"sold-individually","21":"shipping-taxable","22":"product-type-simple"},"_links":{"self":[{"href":"https:\/\/stampcurio.com\/hu\/wp-json\/wp\/v2\/product\/10126","targetHints":{"allow":["GET"]}}],"collection":[{"href":"https:\/\/stampcurio.com\/hu\/wp-json\/wp\/v2\/product"}],"about":[{"href":"https:\/\/stampcurio.com\/hu\/wp-json\/wp\/v2\/types\/product"}],"wp:featuredmedia":[{"embeddable":true,"href":"https:\/\/stampcurio.com\/hu\/wp-json\/wp\/v2\/media\/11964"}],"wp:attachment":[{"href":"https:\/\/stampcurio.com\/hu\/wp-json\/wp\/v2\/media?parent=10126"}],"wp:term":[{"taxonomy":"product_brand","embeddable":true,"href":"https:\/\/stampcurio.com\/hu\/wp-json\/wp\/v2\/product_brand?post=10126"},{"taxonomy":"product_cat","embeddable":true,"href":"https:\/\/stampcurio.com\/hu\/wp-json\/wp\/v2\/product_cat?post=10126"},{"taxonomy":"product_tag","embeddable":true,"href":"https:\/\/stampcurio.com\/hu\/wp-json\/wp\/v2\/product_tag?post=10126"}],"curies":[{"name":"wp","href":"https:\/\/api.w.org\/{rel}","templated":true}]}}