{"id":10116,"date":"2023-11-29T23:00:17","date_gmt":"2023-11-29T22:00:17","guid":{"rendered":"http:\/\/stampcurio.com\/?post_type=product&#038;p=10116"},"modified":"2025-12-05T04:09:28","modified_gmt":"2025-12-05T03:09:28","slug":"1910-nyiregyhazi-vasar-levelzaro-az-1916-s-belyegkiadas-kepevel-ritkan-lathato-erdekesseg","status":"publish","type":"product","link":"https:\/\/stampcurio.com\/hu\/termek\/1910-nyiregyhazi-vasar-levelzaro-az-1916-s-belyegkiadas-kepevel-ritkan-lathato-erdekesseg\/","title":{"rendered":"1910 Ny\u00edregyh\u00e1zi v\u00e1s\u00e1r lev\u00e9lz\u00e1r\u00f3 az 1916-s (!) b\u00e9lyegkiad\u00e1s k\u00e9p\u00e9vel &#8211; ritk\u00e1n l\u00e1that\u00f3 \u00e9rdekess\u00e9g"},"content":{"rendered":"","protected":false},"excerpt":{"rendered":"<p>A lev\u00e9lz\u00e1r\u00f3 t\u00f6rt\u00e9nete a Monogr\u00e1fi\u00e1ban \u00e9s B\u00e9lyegvil\u00e1g 2023. novemberi sz\u00e1m\u00e1ban is olvashat\u00f3.<\/p>\n<p>A mell\u00e9kelt b\u00e9lyeg csak referencia.<\/p>\n","protected":false},"featured_media":10120,"template":"","meta":[],"product_brand":[],"product_cat":[73],"product_tag":[1044,194],"class_list":{"0":"post-10116","1":"product","2":"type-product","3":"status-publish","4":"has-post-thumbnail","6":"product_cat-magyarorszag-1st","7":"product_tag-1st-auction-hu","8":"product_tag-levelzaro","9":"pa_catalog_id-992","11":"first","12":"outofstock","13":"sold-individually","14":"shipping-taxable","15":"product-type-simple"},"_links":{"self":[{"href":"https:\/\/stampcurio.com\/hu\/wp-json\/wp\/v2\/product\/10116","targetHints":{"allow":["GET"]}}],"collection":[{"href":"https:\/\/stampcurio.com\/hu\/wp-json\/wp\/v2\/product"}],"about":[{"href":"https:\/\/stampcurio.com\/hu\/wp-json\/wp\/v2\/types\/product"}],"wp:featuredmedia":[{"embeddable":true,"href":"https:\/\/stampcurio.com\/hu\/wp-json\/wp\/v2\/media\/10120"}],"wp:attachment":[{"href":"https:\/\/stampcurio.com\/hu\/wp-json\/wp\/v2\/media?parent=10116"}],"wp:term":[{"taxonomy":"product_brand","embeddable":true,"href":"https:\/\/stampcurio.com\/hu\/wp-json\/wp\/v2\/product_brand?post=10116"},{"taxonomy":"product_cat","embeddable":true,"href":"https:\/\/stampcurio.com\/hu\/wp-json\/wp\/v2\/product_cat?post=10116"},{"taxonomy":"product_tag","embeddable":true,"href":"https:\/\/stampcurio.com\/hu\/wp-json\/wp\/v2\/product_tag?post=10116"}],"curies":[{"name":"wp","href":"https:\/\/api.w.org\/{rel}","templated":true}]}}