{"id":10091,"date":"2023-11-29T22:40:10","date_gmt":"2023-11-29T21:40:10","guid":{"rendered":"http:\/\/stampcurio.com\/?post_type=product&#038;p=10091"},"modified":"2025-12-05T04:09:29","modified_gmt":"2025-12-05T03:09:29","slug":"1936-hajoposta-belyegzes-gyujtemeny-s-s-rex-s-s-aquitania-bremen-ile-de-france-stb-12-darab-gepi-belyegzesek","status":"publish","type":"product","link":"https:\/\/stampcurio.com\/hu\/termek\/1936-hajoposta-belyegzes-gyujtemeny-s-s-rex-s-s-aquitania-bremen-ile-de-france-stb-12-darab-gepi-belyegzesek\/","title":{"rendered":"1936 haj\u00f3posta b\u00e9lyegz\u00e9s gy\u0171jtem\u00e9ny S.S. REX, S.S. AQUITANIA, BREMEN, ILE DE FRANCE stb. 12 darab + g\u00e9pi b\u00e9lyegz\u00e9sek"},"content":{"rendered":"","protected":false},"excerpt":{"rendered":"","protected":false},"featured_media":10098,"template":"","meta":[],"product_brand":[],"product_cat":[298,122,113],"product_tag":[1044,67,89],"class_list":{"0":"post-10091","1":"product","2":"type-product","3":"status-publish","4":"has-post-thumbnail","6":"product_cat-egyesult-allamok-1st","7":"product_cat-franciaorszag-1st","8":"product_cat-nemetorszag-1st","9":"product_tag-1st-auction-hu","10":"product_tag-marcofilatelia","11":"product_tag-postatortenet","12":"pa_catalog_id-990","14":"first","15":"outofstock","16":"sold-individually","17":"shipping-taxable","18":"product-type-simple"},"_links":{"self":[{"href":"https:\/\/stampcurio.com\/hu\/wp-json\/wp\/v2\/product\/10091","targetHints":{"allow":["GET"]}}],"collection":[{"href":"https:\/\/stampcurio.com\/hu\/wp-json\/wp\/v2\/product"}],"about":[{"href":"https:\/\/stampcurio.com\/hu\/wp-json\/wp\/v2\/types\/product"}],"wp:featuredmedia":[{"embeddable":true,"href":"https:\/\/stampcurio.com\/hu\/wp-json\/wp\/v2\/media\/10098"}],"wp:attachment":[{"href":"https:\/\/stampcurio.com\/hu\/wp-json\/wp\/v2\/media?parent=10091"}],"wp:term":[{"taxonomy":"product_brand","embeddable":true,"href":"https:\/\/stampcurio.com\/hu\/wp-json\/wp\/v2\/product_brand?post=10091"},{"taxonomy":"product_cat","embeddable":true,"href":"https:\/\/stampcurio.com\/hu\/wp-json\/wp\/v2\/product_cat?post=10091"},{"taxonomy":"product_tag","embeddable":true,"href":"https:\/\/stampcurio.com\/hu\/wp-json\/wp\/v2\/product_tag?post=10091"}],"curies":[{"name":"wp","href":"https:\/\/api.w.org\/{rel}","templated":true}]}}