{"id":10084,"date":"2023-11-29T21:53:12","date_gmt":"2023-11-29T20:53:12","guid":{"rendered":"http:\/\/stampcurio.com\/?post_type=product&#038;p=10084"},"modified":"2025-12-05T04:09:29","modified_gmt":"2025-12-05T03:09:29","slug":"1995-2012-magyarorszag-komplett-postatiszta-gyujtemeny-ket-albumban-nominalis-ertek-222-000-ft","status":"publish","type":"product","link":"https:\/\/stampcurio.com\/hu\/termek\/1995-2012-magyarorszag-komplett-postatiszta-gyujtemeny-ket-albumban-nominalis-ertek-222-000-ft\/","title":{"rendered":"1995-2012 Magyarorsz\u00e1g komplett postatiszta ** gy\u0171jtem\u00e9ny &#8211; k\u00e9t albumban &#8211; Nomin\u00e1lis \u00e9rt\u00e9k 222.000+ Ft"},"content":{"rendered":"","protected":false},"excerpt":{"rendered":"[embed]https:\/\/youtu.be\/vf_p3G9jQ-A[\/embed]\n","protected":false},"featured_media":10085,"template":"","meta":[],"product_brand":[],"product_cat":[73],"product_tag":[1044,116,1006],"class_list":{"0":"post-10084","1":"product","2":"type-product","3":"status-publish","4":"has-post-thumbnail","6":"product_cat-magyarorszag-1st","7":"product_tag-1st-auction-hu","8":"product_tag-belyeg","9":"product_tag-unsold","10":"pa_catalog_id-989","12":"first","13":"instock","14":"sold-individually","15":"shipping-taxable","16":"product-type-simple"},"_links":{"self":[{"href":"https:\/\/stampcurio.com\/hu\/wp-json\/wp\/v2\/product\/10084","targetHints":{"allow":["GET"]}}],"collection":[{"href":"https:\/\/stampcurio.com\/hu\/wp-json\/wp\/v2\/product"}],"about":[{"href":"https:\/\/stampcurio.com\/hu\/wp-json\/wp\/v2\/types\/product"}],"wp:featuredmedia":[{"embeddable":true,"href":"https:\/\/stampcurio.com\/hu\/wp-json\/wp\/v2\/media\/10085"}],"wp:attachment":[{"href":"https:\/\/stampcurio.com\/hu\/wp-json\/wp\/v2\/media?parent=10084"}],"wp:term":[{"taxonomy":"product_brand","embeddable":true,"href":"https:\/\/stampcurio.com\/hu\/wp-json\/wp\/v2\/product_brand?post=10084"},{"taxonomy":"product_cat","embeddable":true,"href":"https:\/\/stampcurio.com\/hu\/wp-json\/wp\/v2\/product_cat?post=10084"},{"taxonomy":"product_tag","embeddable":true,"href":"https:\/\/stampcurio.com\/hu\/wp-json\/wp\/v2\/product_tag?post=10084"}],"curies":[{"name":"wp","href":"https:\/\/api.w.org\/{rel}","templated":true}]}}