{"id":10078,"date":"2023-11-29T21:42:53","date_gmt":"2023-11-29T20:42:53","guid":{"rendered":"http:\/\/stampcurio.com\/?post_type=product&#038;p=10078"},"modified":"2025-12-05T04:09:30","modified_gmt":"2025-12-05T03:09:30","slug":"1889-ausztralia-victoria-allam-parlamenti-iratok-az-osztrak-magyar-konzul-szamara-kek-the-treasurer-frank-stamp-al-bermentve","status":"publish","type":"product","link":"https:\/\/stampcurio.com\/hu\/termek\/1889-ausztralia-victoria-allam-parlamenti-iratok-az-osztrak-magyar-konzul-szamara-kek-the-treasurer-frank-stamp-al-bermentve\/","title":{"rendered":"1889 Ausztr\u00e1lia &#8211; Victoria \u00e1llam &#8211; parlamenti iratok az osztr\u00e1k-magyar konzul sz\u00e1m\u00e1ra &#8211; k\u00e9k  &#8220;The treasurer \/ frank stamp&#8221;-al b\u00e9rmentve"},"content":{"rendered":"","protected":false},"excerpt":{"rendered":"","protected":false},"featured_media":10079,"template":"","meta":[],"product_brand":[],"product_cat":[162,60,73],"product_tag":[1044,127,67,89],"class_list":{"0":"post-10078","1":"product","2":"type-product","3":"status-publish","4":"has-post-thumbnail","6":"product_cat-ausztralia-1st","7":"product_cat-ausztria-1st","8":"product_cat-magyarorszag-1st","9":"product_tag-1st-auction-hu","10":"product_tag-konzulatusi-posta","11":"product_tag-marcofilatelia","12":"product_tag-postatortenet","13":"pa_catalog_id-988","15":"first","16":"outofstock","17":"sold-individually","18":"shipping-taxable","19":"product-type-simple"},"_links":{"self":[{"href":"https:\/\/stampcurio.com\/hu\/wp-json\/wp\/v2\/product\/10078","targetHints":{"allow":["GET"]}}],"collection":[{"href":"https:\/\/stampcurio.com\/hu\/wp-json\/wp\/v2\/product"}],"about":[{"href":"https:\/\/stampcurio.com\/hu\/wp-json\/wp\/v2\/types\/product"}],"wp:featuredmedia":[{"embeddable":true,"href":"https:\/\/stampcurio.com\/hu\/wp-json\/wp\/v2\/media\/10079"}],"wp:attachment":[{"href":"https:\/\/stampcurio.com\/hu\/wp-json\/wp\/v2\/media?parent=10078"}],"wp:term":[{"taxonomy":"product_brand","embeddable":true,"href":"https:\/\/stampcurio.com\/hu\/wp-json\/wp\/v2\/product_brand?post=10078"},{"taxonomy":"product_cat","embeddable":true,"href":"https:\/\/stampcurio.com\/hu\/wp-json\/wp\/v2\/product_cat?post=10078"},{"taxonomy":"product_tag","embeddable":true,"href":"https:\/\/stampcurio.com\/hu\/wp-json\/wp\/v2\/product_tag?post=10078"}],"curies":[{"name":"wp","href":"https:\/\/api.w.org\/{rel}","templated":true}]}}