{"id":10025,"date":"2023-11-29T21:31:46","date_gmt":"2023-11-29T20:31:46","guid":{"rendered":"http:\/\/stampcurio.com\/?post_type=product&#038;p=10025"},"modified":"2025-12-05T04:09:30","modified_gmt":"2025-12-05T03:09:30","slug":"1900-turul-teljes-postatiszta-sor-szep-minosegben-minden-szinvarianssal-phu-277-250-ft","status":"publish","type":"product","link":"https:\/\/stampcurio.com\/hu\/termek\/1900-turul-teljes-postatiszta-sor-szep-minosegben-minden-szinvarianssal-phu-277-250-ft\/","title":{"rendered":"1900 turul teljes postatiszta * sor sz\u00e9p min\u0151s\u00e9gben minden sz\u00ednvari\u00e1nssal PHu: 277.250 Ft"},"content":{"rendered":"","protected":false},"excerpt":{"rendered":"","protected":false},"featured_media":10067,"template":"","meta":[],"product_brand":[],"product_cat":[73],"product_tag":[1044,116,176],"class_list":{"0":"post-10025","1":"product","2":"type-product","3":"status-publish","4":"has-post-thumbnail","6":"product_cat-magyarorszag-1st","7":"product_tag-1st-auction-hu","8":"product_tag-belyeg","9":"product_tag-philagem","10":"pa_catalog_id-987","12":"first","13":"outofstock","14":"sold-individually","15":"shipping-taxable","16":"product-type-simple"},"_links":{"self":[{"href":"https:\/\/stampcurio.com\/hu\/wp-json\/wp\/v2\/product\/10025","targetHints":{"allow":["GET"]}}],"collection":[{"href":"https:\/\/stampcurio.com\/hu\/wp-json\/wp\/v2\/product"}],"about":[{"href":"https:\/\/stampcurio.com\/hu\/wp-json\/wp\/v2\/types\/product"}],"wp:featuredmedia":[{"embeddable":true,"href":"https:\/\/stampcurio.com\/hu\/wp-json\/wp\/v2\/media\/10067"}],"wp:attachment":[{"href":"https:\/\/stampcurio.com\/hu\/wp-json\/wp\/v2\/media?parent=10025"}],"wp:term":[{"taxonomy":"product_brand","embeddable":true,"href":"https:\/\/stampcurio.com\/hu\/wp-json\/wp\/v2\/product_brand?post=10025"},{"taxonomy":"product_cat","embeddable":true,"href":"https:\/\/stampcurio.com\/hu\/wp-json\/wp\/v2\/product_cat?post=10025"},{"taxonomy":"product_tag","embeddable":true,"href":"https:\/\/stampcurio.com\/hu\/wp-json\/wp\/v2\/product_tag?post=10025"}],"curies":[{"name":"wp","href":"https:\/\/api.w.org\/{rel}","templated":true}]}}