{"id":10011,"date":"2023-11-29T20:59:59","date_gmt":"2023-11-29T19:59:59","guid":{"rendered":"http:\/\/stampcurio.com\/?post_type=product&#038;p=10011"},"modified":"2025-12-05T04:09:31","modified_gmt":"2025-12-05T03:09:31","slug":"1830-pozsonyba-kuldott-hivatalos-level-szep-piros-nkaroly-belyegzessel-rompes-60p-gudlin-300p","status":"publish","type":"product","link":"https:\/\/stampcurio.com\/hu\/termek\/1830-pozsonyba-kuldott-hivatalos-level-szep-piros-nkaroly-belyegzessel-rompes-60p-gudlin-300p\/","title":{"rendered":"1830 Pozsonyba k\u00fcld\u00f6tt hivatalos lev\u00e9l sz\u00e9p piros N:KAROLY b\u00e9lyegz\u00e9ssel Rompes 60p \/ Gudlin 300p"},"content":{"rendered":"","protected":false},"excerpt":{"rendered":"","protected":false},"featured_media":10021,"template":"","meta":[],"product_brand":[],"product_cat":[60,73,105,193],"product_tag":[1044,1008,67,89],"class_list":{"0":"post-10011","1":"product","2":"type-product","3":"status-publish","4":"has-post-thumbnail","6":"product_cat-ausztria-1st","7":"product_cat-magyarorszag-1st","8":"product_cat-romania-1st","9":"product_cat-szlovakia-1st","10":"product_tag-1st-auction-hu","11":"product_tag-ebay","12":"product_tag-marcofilatelia","13":"product_tag-postatortenet","14":"pa_catalog_id-986","16":"first","17":"instock","18":"sold-individually","19":"shipping-taxable","20":"product-type-simple"},"_links":{"self":[{"href":"https:\/\/stampcurio.com\/hu\/wp-json\/wp\/v2\/product\/10011","targetHints":{"allow":["GET"]}}],"collection":[{"href":"https:\/\/stampcurio.com\/hu\/wp-json\/wp\/v2\/product"}],"about":[{"href":"https:\/\/stampcurio.com\/hu\/wp-json\/wp\/v2\/types\/product"}],"wp:featuredmedia":[{"embeddable":true,"href":"https:\/\/stampcurio.com\/hu\/wp-json\/wp\/v2\/media\/10021"}],"wp:attachment":[{"href":"https:\/\/stampcurio.com\/hu\/wp-json\/wp\/v2\/media?parent=10011"}],"wp:term":[{"taxonomy":"product_brand","embeddable":true,"href":"https:\/\/stampcurio.com\/hu\/wp-json\/wp\/v2\/product_brand?post=10011"},{"taxonomy":"product_cat","embeddable":true,"href":"https:\/\/stampcurio.com\/hu\/wp-json\/wp\/v2\/product_cat?post=10011"},{"taxonomy":"product_tag","embeddable":true,"href":"https:\/\/stampcurio.com\/hu\/wp-json\/wp\/v2\/product_tag?post=10011"}],"curies":[{"name":"wp","href":"https:\/\/api.w.org\/{rel}","templated":true}]}}