{"id":894,"date":"2023-10-27T08:36:29","date_gmt":"2023-10-27T06:36:29","guid":{"rendered":"https:\/\/stampcurio.com\/cart-2\/"},"modified":"2023-11-30T11:18:00","modified_gmt":"2023-11-30T10:18:00","slug":"cart-2","status":"publish","type":"page","link":"https:\/\/stampcurio.com\/hu\/cart-2\/","title":{"rendered":"Licitek \u00f6sszes\u00edt\u00e9se"},"content":{"rendered":"\n","protected":false},"excerpt":{"rendered":"","protected":false},"author":1,"featured_media":0,"parent":0,"menu_order":0,"comment_status":"closed","ping_status":"closed","template":"","meta":{"footnotes":""},"class_list":["post-894","page","type-page","status-publish","hentry"],"_links":{"self":[{"href":"https:\/\/stampcurio.com\/hu\/wp-json\/wp\/v2\/pages\/894","targetHints":{"allow":["GET"]}}],"collection":[{"href":"https:\/\/stampcurio.com\/hu\/wp-json\/wp\/v2\/pages"}],"about":[{"href":"https:\/\/stampcurio.com\/hu\/wp-json\/wp\/v2\/types\/page"}],"author":[{"embeddable":true,"href":"https:\/\/stampcurio.com\/hu\/wp-json\/wp\/v2\/users\/1"}],"replies":[{"embeddable":true,"href":"https:\/\/stampcurio.com\/hu\/wp-json\/wp\/v2\/comments?post=894"}],"version-history":[{"count":1,"href":"https:\/\/stampcurio.com\/hu\/wp-json\/wp\/v2\/pages\/894\/revisions"}],"predecessor-version":[{"id":10353,"href":"https:\/\/stampcurio.com\/hu\/wp-json\/wp\/v2\/pages\/894\/revisions\/10353"}],"wp:attachment":[{"href":"https:\/\/stampcurio.com\/hu\/wp-json\/wp\/v2\/media?parent=894"}],"curies":[{"name":"wp","href":"https:\/\/api.w.org\/{rel}","templated":true}]}}