{"id":36077,"date":"2025-12-04T16:19:43","date_gmt":"2025-12-04T15:19:43","guid":{"rendered":"https:\/\/stampcurio.com\/eredmenyek\/"},"modified":"2026-01-08T14:48:27","modified_gmt":"2026-01-08T13:48:27","slug":"eredmenyek","status":"publish","type":"page","link":"https:\/\/stampcurio.com\/hu\/eredmenyek\/","title":{"rendered":"Eredm\u00e9nyek"},"content":{"rendered":"<div  class='flex_column av-1zefhtq-3afc6c2cf5b00ea42f586a34e95ea77a av_one_full  avia-builder-el-0  el_before_av_section  avia-builder-el-no-sibling  first flex_column_div  '     ><style type=\"text\/css\" data-created_by=\"avia_inline_auto\" id=\"style-css-av-mirkhhlh-4b308e9c89659a61d8264e6183bce539\">\n#top .av-special-heading.av-mirkhhlh-4b308e9c89659a61d8264e6183bce539{\npadding-bottom:10px;\nfont-size:3vw;\n}\nbody .av-special-heading.av-mirkhhlh-4b308e9c89659a61d8264e6183bce539 .av-special-heading-tag .heading-char{\nfont-size:25px;\n}\n#top #wrap_all .av-special-heading.av-mirkhhlh-4b308e9c89659a61d8264e6183bce539 .av-special-heading-tag{\nfont-size:3vw;\npadding:0 0 10px 0;\n}\n.av-special-heading.av-mirkhhlh-4b308e9c89659a61d8264e6183bce539 .av-subheading{\nfont-size:15px;\n}\n\n@media only screen and (min-width: 480px) and (max-width: 767px){ \n#top #wrap_all .av-special-heading.av-mirkhhlh-4b308e9c89659a61d8264e6183bce539 .av-special-heading-tag{\nfont-size:0.8em;\n}\n}\n\n@media only screen and (max-width: 479px){ \n#top #wrap_all .av-special-heading.av-mirkhhlh-4b308e9c89659a61d8264e6183bce539 .av-special-heading-tag{\nfont-size:0.8em;\n}\n}\n<\/style>\n<div  class='av-special-heading av-mirkhhlh-4b308e9c89659a61d8264e6183bce539 av-special-heading-h1 blockquote elegant-quote elegant-centered  avia-builder-el-1  avia-builder-el-no-sibling  av-inherit-size'><h1 class='av-special-heading-tag '  itemprop=\"headline\"  ><span class=\"heading-wrap\">Eredm\u00e9nyek<\/span><\/h1><div class=\"special-heading-border\"><div class=\"special-heading-inner-border\"><\/div><\/div><\/div><\/div>\n<\/div><\/div><\/div><!-- close content main div --><\/div><\/div><div id='av_section_1'  class='avia-section av-1gy411a-7017256352b689f11f006719dc9272eb main_color avia-section-default avia-no-border-styling  avia-builder-el-2  el_after_av_one_full  el_before_av_section  avia-bg-style-scroll container_wrap fullsize'  ><div class='container av-section-cont-open' ><div class='template-page content  av-content-full alpha units'><div class='post-entry post-entry-type-page post-entry-36077'><div class='entry-content-wrapper clearfix'>\n<div  class='flex_column av-1c2lfwe-1ab06f4c47adea63c69ec0e45f03202f av_one_half  avia-builder-el-3  el_before_av_one_half  avia-builder-el-first  first flex_column_div  '     ><div  class='avia-button-wrap avia-button-center  avia-builder-el-4  avia-builder-el-no-sibling '>\n<style type=\"text\/css\" data-created_by=\"avia_inline_auto\" id=\"style-css-av-mirkmgid-26a286ef109c6db22956ad33dc5eb992\">\n#top #wrap_all .avia-button.av-mirkmgid-26a286ef109c6db22956ad33dc5eb992:hover{\ncolor:white;\ntransition:all 0.4s ease-in-out;\n}\n#top #wrap_all .avia-button.av-mirkmgid-26a286ef109c6db22956ad33dc5eb992:hover .avia-svg-icon svg:first-child{\nfill:white;\nstroke:white;\n}\n<\/style>\n<a href='https:\/\/www.philasearch.com\/en\/auction_results_table.html?set_anbieter=9641&amp;auktion=9945' class='avia-color-theme-color avia-font-color-theme-color avia-button avia-button-fullwidth av-mirkmgid-26a286ef109c6db22956ad33dc5eb992 avia-icon_select-yes-left-icon avia-color-theme-color'  target=\"_blank\"  rel=\"noopener noreferrer\"  aria-label=\"1. \u00c1RVER\u00c9S EREDM\u00c9NYEI\"><span class='avia_button_icon avia_button_icon_left avia-iconfont avia-font-justice' data-av_icon='\uf10d' data-av_iconfont='justice' ><\/span><span class='avia_iconbox_title' >1. \u00c1RVER\u00c9S EREDM\u00c9NYEI<\/span><span class='avia_button_background avia-button avia-button-fullwidth avia-color-theme-color-highlight'><\/span><\/a><\/div><\/div><div  class='flex_column av-23r3z2-3bf4451de1758d5b9c2b17c20618b9e0 av_one_half  avia-builder-el-5  el_after_av_one_half  el_before_av_one_fourth  flex_column_div  '     ><div  class='avia-button-wrap avia-button-center  avia-builder-el-6  avia-builder-el-no-sibling '>\n<style type=\"text\/css\" data-created_by=\"avia_inline_auto\" id=\"style-css-av-mirknjr8-38c12543b533ce6d61e5f5ce69d669f5\">\n#top #wrap_all .avia-button.av-mirknjr8-38c12543b533ce6d61e5f5ce69d669f5:hover{\ncolor:white;\ntransition:all 0.4s ease-in-out;\n}\n#top #wrap_all .avia-button.av-mirknjr8-38c12543b533ce6d61e5f5ce69d669f5:hover .avia-svg-icon svg:first-child{\nfill:white;\nstroke:white;\n}\n<\/style>\n<a href='https:\/\/www.philasearch.com\/en\/auction_results_table.html?set_anbieter=9641&amp;auktion=11218' class='avia-color-theme-color avia-font-color-theme-color avia-button avia-button-fullwidth av-mirknjr8-38c12543b533ce6d61e5f5ce69d669f5 avia-icon_select-yes-left-icon avia-color-theme-color'  target=\"_blank\"  rel=\"noopener noreferrer\"  aria-label=\"2. AUKCI\u00d3 EREDM\u00c9NYEI\"><span class='avia_button_icon avia_button_icon_left avia-iconfont avia-font-justice' data-av_icon='\uf10d' data-av_iconfont='justice' ><\/span><span class='avia_iconbox_title' >2. AUKCI\u00d3 EREDM\u00c9NYEI<\/span><span class='avia_button_background avia-button avia-button-fullwidth avia-color-theme-color-highlight'><\/span><\/a><\/div><\/div><div  class='flex_column av-av_one_fourth-2d22dc0500e159f2b39fe7a147caf14c av_one_fourth  avia-builder-el-7  el_after_av_one_half  el_before_av_one_half  first flex_column_div  column-top-margin'     ><\/div><div  class='flex_column av-av_one_half-3b0d446bf9e6f7db91541aa567be4cdf av_one_half  avia-builder-el-8  el_after_av_one_fourth  el_before_av_one_fourth  flex_column_div  column-top-margin'     ><div  class='avia-button-wrap avia-button-center  avia-builder-el-9  avia-builder-el-no-sibling '>\n<style type=\"text\/css\" data-created_by=\"avia_inline_auto\" id=\"style-css-av-mk5i5t1k-8e7c08a6cb92a14d09188016d66b5171\">\n#top #wrap_all .avia-button.av-mk5i5t1k-8e7c08a6cb92a14d09188016d66b5171{\nmargin:15px 0 0 0;\n}\n#top #wrap_all .avia-button.av-mk5i5t1k-8e7c08a6cb92a14d09188016d66b5171:hover{\ncolor:white;\ntransition:all 0.4s ease-in-out;\n}\n#top #wrap_all .avia-button.av-mk5i5t1k-8e7c08a6cb92a14d09188016d66b5171:hover .avia-svg-icon svg:first-child{\nfill:white;\nstroke:white;\n}\n<\/style>\n<a href='https:\/\/www.philasearch.com\/en\/auction_results_table.html?set_anbieter=9641&amp;auktion=12449' class='avia-color-theme-color avia-font-color-theme-color avia-button avia-button-fullwidth av-mk5i5t1k-8e7c08a6cb92a14d09188016d66b5171 avia-icon_select-yes-left-icon avia-color-theme-color'  target=\"_blank\"  rel=\"noopener noreferrer\"  aria-label=\"3. AUKCI\u00d3 EREDM\u00c9NYEI\"><span class='avia_button_icon avia_button_icon_left avia-iconfont avia-font-justice' data-av_icon='\uf10d' data-av_iconfont='justice' ><\/span><span class='avia_iconbox_title' >3. AUKCI\u00d3 EREDM\u00c9NYEI<\/span><span class='avia_button_background avia-button avia-button-fullwidth avia-color-theme-color-highlight'><\/span><\/a><\/div><\/div><div  class='flex_column av-av_one_fourth-3b0d446bf9e6f7db91541aa567be4cdf av_one_fourth  avia-builder-el-10  el_after_av_one_half  avia-builder-el-last  flex_column_div  column-top-margin'     ><\/div><\/div><\/div><\/div><!-- close content main div --><\/div><\/div><div id='av_section_2'  class='avia-section av-av_section-f22f0f9dd672aac3df52cf5913f6ac08 main_color avia-section-default avia-no-border-styling  avia-builder-el-11  el_after_av_section  avia-builder-el-last  avia-bg-style-scroll container_wrap fullsize'  ><div class='container av-section-cont-open' ><div class='template-page content  av-content-full alpha units'><div class='post-entry post-entry-type-page post-entry-36077'><div class='entry-content-wrapper clearfix'>\n\n<style type=\"text\/css\" data-created_by=\"avia_inline_auto\" id=\"style-css-av-miru9ogj-d76a0f8c8a90a7415010332fde5d11c5\">\n#top .av-special-heading.av-miru9ogj-d76a0f8c8a90a7415010332fde5d11c5{\npadding-bottom:10px;\ncolor:#c25b00;\n}\nbody .av-special-heading.av-miru9ogj-d76a0f8c8a90a7415010332fde5d11c5 .av-special-heading-tag .heading-char{\nfont-size:25px;\n}\n#top #wrap_all .av-special-heading.av-miru9ogj-d76a0f8c8a90a7415010332fde5d11c5 .av-special-heading-tag{\npadding:0 0 10px 0;\n}\n.av-special-heading.av-miru9ogj-d76a0f8c8a90a7415010332fde5d11c5 .special-heading-inner-border{\nborder-color:#c25b00;\n}\n.av-special-heading.av-miru9ogj-d76a0f8c8a90a7415010332fde5d11c5 .av-subheading{\nfont-size:15px;\n}\nbody .av-special-heading.av-miru9ogj-d76a0f8c8a90a7415010332fde5d11c5 .av-special-heading-tag .heading-wrap:before{\nborder-color:#c25b00;\n}\nbody .av-special-heading.av-miru9ogj-d76a0f8c8a90a7415010332fde5d11c5 .av-special-heading-tag .heading-wrap:after{\nborder-color:#c25b00;\n}\n<\/style>\n<div  class='av-special-heading av-miru9ogj-d76a0f8c8a90a7415010332fde5d11c5 av-special-heading-h2 custom-color-heading blockquote elegant-quote elegant-centered  avia-builder-el-12  el_before_av_textblock  avia-builder-el-first '><h2 class='av-special-heading-tag '  itemprop=\"headline\"  ><span class=\"heading-wrap\">Kiemelt t\u00e9telek<\/span><\/h2><div class=\"special-heading-border\"><div class=\"special-heading-inner-border\"><\/div><\/div><\/div>\n<section  class='av_textblock_section av-mirua91y-df87d528b597186ba439922fc2fd5059 '   itemscope=\"itemscope\" itemtype=\"https:\/\/schema.org\/CreativeWork\" ><div class='avia_textblock'  itemprop=\"text\" ><p>A magyar b\u00e9lyeg kibocs\u00e1jt\u00e1sok k\u00f6z\u00f6tt el\u0151kel\u0151 helyet foglalnak el a h\u00e1bor\u00fa ut\u00e1ni id\u0151szak b\u00e9lyegei, amelyek k\u00f6z\u00f6tt a vitathatatlanul legnagyobb b\u00e9lyeg a\u00a0<strong>fogazatlan L\u00e1nch\u00edd blokk<\/strong>, mely csak legnagyobb magyar b\u00e9lyeggy\u0171jt\u0151k gy\u0171jtem\u00e9ny\u00e9ben (volt) megtal\u00e1lhat\u00f3. Olyan b\u00e9lyeglegend\u00e1kkal van egy szinten, mint a\u00a0<a href=\"https:\/\/blog.costacatalog.com\/2024\/06\/29\/forditott-madonna\/\" target=\"_blank\" rel=\"noopener\">ford\u00edtott Madonna<\/a>, mely a legritk\u00e1bb \u00e9s legh\u00edresebb XX. sz\u00e1zadi magyar t\u00e9vnyomatunk!<\/p>\n<p>Az \u00e1rver\u00e9sen l\u00e1that\u00f3 m\u00e1sik magyar b\u00e9lyeg legenda, a 1947. \u00e9vi B\u00e9lyegnapi kis\u00edv z\u00f6ld sz\u00edn\u0171\u00a0<em>fogazatlan<\/em>\u00a0pr\u00f3banyomata, amely az\u00e9rt is k\u00fcl\u00f6nleges, mert a magyar b\u00e9lyegek pr\u00f3banyomatait k\u00f6telez\u0151 volt leadni a B\u00e9lyegm\u00fazeumnak, \u00edgy csak egy-egy p\u00e9ld\u00e1ny ker\u00fclt gy\u0171jt\u0151i kezekbe. Az ilyen b\u00e9lyegek rendszerint politikai protokoll aj\u00e1nd\u00e9kok voltak, majd az \u00e9vtizedek sor\u00e1n ker\u00fcltek be a b\u00e9lyeggy\u0171jt\u00e9s v\u00e9rkering\u00e9s\u00e9be.<\/p>\n<\/div><\/section>\n<div  class='flex_column av-av_one_half-2d22dc0500e159f2b39fe7a147caf14c av_one_half  avia-builder-el-14  el_after_av_textblock  el_before_av_one_half  first flex_column_div  column-top-margin'     ><p>\n<style type=\"text\/css\" data-created_by=\"avia_inline_auto\" id=\"style-css-av-mirub54n-bd25e2322c510cd05e8a391ba7885ea1\">\n.avia-image-container.av-mirub54n-bd25e2322c510cd05e8a391ba7885ea1 img.avia_image{\nbox-shadow:none;\n}\n.avia-image-container.av-mirub54n-bd25e2322c510cd05e8a391ba7885ea1 .av-image-caption-overlay-center{\ncolor:#ffffff;\n}\n<\/style>\n<div  class='avia-image-container av-mirub54n-bd25e2322c510cd05e8a391ba7885ea1 av-styling- avia-align-center  avia-builder-el-15  el_before_av_textblock  avia-builder-el-first '   itemprop=\"image\" itemscope=\"itemscope\" itemtype=\"https:\/\/schema.org\/ImageObject\" ><div class=\"avia-image-container-inner\"><div class=\"avia-image-overlay-wrap\"><img decoding=\"async\" fetchpriority=\"high\" class='wp-image-25197 avia-img-lazy-loading-not-25197 avia_image ' src=\"https:\/\/stampcurio.com\/wp-content\/uploads\/2024\/12\/lanchid_for_page-1-705x571.jpg\" alt='' title='lanchid_for_page'  height=\"571\" width=\"705\"  itemprop=\"thumbnailUrl\" srcset=\"https:\/\/stampcurio.com\/wp-content\/uploads\/2024\/12\/lanchid_for_page-1-705x571.jpg 705w, https:\/\/stampcurio.com\/wp-content\/uploads\/2024\/12\/lanchid_for_page-1-300x243.jpg 300w, https:\/\/stampcurio.com\/wp-content\/uploads\/2024\/12\/lanchid_for_page-1-1030x835.jpg 1030w, https:\/\/stampcurio.com\/wp-content\/uploads\/2024\/12\/lanchid_for_page-1-768x622.jpg 768w, https:\/\/stampcurio.com\/wp-content\/uploads\/2024\/12\/lanchid_for_page-1-1536x1245.jpg 1536w, https:\/\/stampcurio.com\/wp-content\/uploads\/2024\/12\/lanchid_for_page-1-1500x1216.jpg 1500w, https:\/\/stampcurio.com\/wp-content\/uploads\/2024\/12\/lanchid_for_page-1-495x400.jpg 495w, https:\/\/stampcurio.com\/wp-content\/uploads\/2024\/12\/lanchid_for_page-1-845x684.jpg 845w, https:\/\/stampcurio.com\/wp-content\/uploads\/2024\/12\/lanchid_for_page-1-450x365.jpg 450w, https:\/\/stampcurio.com\/wp-content\/uploads\/2024\/12\/lanchid_for_page-1-394x319.jpg 394w, https:\/\/stampcurio.com\/wp-content\/uploads\/2024\/12\/lanchid_for_page-1-600x486.jpg 600w, https:\/\/stampcurio.com\/wp-content\/uploads\/2024\/12\/lanchid_for_page-1.jpg 2000w\" sizes=\"(max-width: 705px) 100vw, 705px\" \/><\/div><\/div><\/div><br \/>\n<section  class='av_textblock_section av-mirucc1x-3c64b2ce7f7336993afc90beb2aa1f6d '   itemscope=\"itemscope\" itemtype=\"https:\/\/schema.org\/CreativeWork\" ><div class='avia_textblock'  itemprop=\"text\" ><p class=\"western\" align=\"justify\"><strong>A L\u00e1nch\u00edd III. blokk v\u00e1gott kiad\u00e1sa 1949-b\u0151l<\/strong><\/p>\n<p class=\"western\" align=\"justify\">A L\u00e1nch\u00edd III. blokk id\u00e9n november 20-\u00e1n \u00fcnnepelte 75 \u00e9ves jubileum\u00e1t, mely fogazottan minden magyar gy\u0171jtem\u00e9ny egyik jelent\u0151s darabja, v\u00e1gottan viszont egy igazi legenda. Sokszor felmer\u00fcl a k\u00e9rd\u00e9s gy\u0171jt\u0151i diskurzusokban, hogy melyik a legritk\u00e1bb magyar postab\u00e9lyeg (a t\u00e9vnyomatokat lesz\u00e1m\u00edtva), melyre t\u00f6bb v\u00e1laszt hallani, tal\u00e1n nem is lehetne igazs\u00e1got tenni\u2026 <em>Az bizonyos, hogy sok gy\u0171jt\u0151t\u00e1rs egy\u00f6ntet\u0171en a L\u00e1nch\u00edd III. v\u00e1gott blokkra szokott szavazni, nem is v\u00e9letlen\u00fcl\u2026<\/em><\/p>\n<p class=\"western\" align=\"justify\">Aki pr\u00f3b\u00e1lkozott m\u00e1r a v\u00e1gott magyar b\u00e9lyegek gy\u0171jt\u00e9s\u00e9vel, hamar l\u00e1tja, hogy a katal\u00f3gus \u00e1rak milyen kev\u00e9ss\u00e9 t\u00fckr\u00f6zik a val\u00f3s\u00e1got, azonban az igazi probl\u00e9m\u00e1k a korai v\u00e1gott b\u00e9lyegek <em>beszerz\u00e9s\u00e9n\u00e9l<\/em> jelentkeznek, melyeknek nem is az \u00e1ra, hanem a <em>beszerezhet\u0151s\u00e9ge<\/em> jelenti az igazi probl\u00e9m\u00e1t. Fellapozva az el\u00e9rhet\u0151 arch\u00edvumokat, a v\u00e1gott L\u00e1nch\u00edd III. blokk legutolj\u00e1ra 11 \u00e9ve volt Magyarorsz\u00e1gon \u00e1rver\u00e9sen kiki\u00e1ltva, akkor is csak egy elt\u00e9r\u0151 s\u00e1rga sz\u00ednnyom\u00e1s\u00fa pr\u00f3banyomat ker\u00fclt \u00faj tulajdonoshoz. A v\u00e9gleges b\u00e9lyegk\u00e9ppel megegyez\u0151 v\u00e1gott b\u00e9lyeg magyarorsz\u00e1gi \u00e1rverez\u00e9s\u00e9r\u0151l feljegyz\u00e9s nem el\u00e9rhet\u0151.<\/p>\n<p class=\"western\" align=\"justify\">A v\u00e1gott b\u00e9lyegeket a Posta aj\u00e1nd\u00e9koz\u00e1si c\u00e9lb\u00f3l k\u00e9sz\u00edtette, hogy pontosan h\u00e1ny v\u00e9gleges b\u00e9lyegk\u00e9ppel megegyez\u0151 v\u00e1gott blokk k\u00e9sz\u00fclt, azt sajnos nem tudjuk, lehet <strong>csak egy \u00edv, azaz 4 (!) darab<\/strong>\u2026<\/p>\n<\/div><\/section><\/p><\/div><div  class='flex_column av-av_one_half-3b0d446bf9e6f7db91541aa567be4cdf av_one_half  avia-builder-el-17  el_after_av_one_half  el_before_av_one_half  flex_column_div  column-top-margin'     ><p>\n<style type=\"text\/css\" data-created_by=\"avia_inline_auto\" id=\"style-css-av-mirud443-7cfed61824a2e3e61ea98adfad8bda47\">\n.avia-image-container.av-mirud443-7cfed61824a2e3e61ea98adfad8bda47 img.avia_image{\nbox-shadow:none;\n}\n.avia-image-container.av-mirud443-7cfed61824a2e3e61ea98adfad8bda47 .av-image-caption-overlay-center{\ncolor:#ffffff;\n}\n<\/style>\n<div  class='avia-image-container av-mirud443-7cfed61824a2e3e61ea98adfad8bda47 av-styling- avia-align-center  avia-builder-el-18  el_before_av_textblock  avia-builder-el-first '   itemprop=\"image\" itemscope=\"itemscope\" itemtype=\"https:\/\/schema.org\/ImageObject\" ><div class=\"avia-image-container-inner\"><div class=\"avia-image-overlay-wrap\"><img decoding=\"async\" fetchpriority=\"high\" class='wp-image-25060 avia-img-lazy-loading-not-25060 avia_image ' src=\"https:\/\/stampcurio.com\/wp-content\/uploads\/2024\/11\/SC-24-3370_1_1_02-autotune1.0-1.jpg\" alt='' title='SC-24-3370_1_1_02-autotune1.0'  height=\"571\" width=\"705\"  itemprop=\"thumbnailUrl\"  \/><\/div><\/div><\/div><br \/>\n<section  class='av_textblock_section av-mirudjew-9f727ca09d65ff6a996f61c0c4f56d00 '   itemscope=\"itemscope\" itemtype=\"https:\/\/schema.org\/CreativeWork\" ><div class='avia_textblock'  itemprop=\"text\" ><p><strong>Az 1947-es b\u00e9lyegnapi kis\u00edv fogazatlan pr\u00f3banyomata<\/strong><\/p>\n<p>A postakocsit \u00e1br\u00e1zol\u00f3, 1947-es b\u00e9lyegnapi b\u00e9lyeg egyk\u00e9pes, olajz\u00f6ld pr\u00f3banyomata, amely perfor\u00e1ci\u00f3 n\u00e9lk\u00fcli form\u00e1ban k\u00e9sz\u00fclt nagy m\u00e9ret\u0171 XI. v\u00edzjeles (Kossuth-c\u00edmeres) b\u00e9lyegpap\u00edron. A b\u00e9lyeg, amelynek v\u00e9gleges v\u00e1ltozat\u00e1t narancss\u00e1rga sz\u00ednben 30 fill\u00e9r n\u00e9v\u00e9rt\u00e9ken, 50 fill\u00e9r bel\u00e9p\u0151d\u00edjjal \u00e1rus\u00edtott\u00e1k (a fel\u00e1r nem szerepel a b\u00e9lyegen), a B\u00e9lyegnap \u00fcnnepi kiad\u00e1s\u00e1nak r\u00e9sze volt. Az olajz\u00f6ld pr\u00f3banyomat sosem ker\u00fclt forgalomba, \u00e9s k\u00fcl\u00f6nlegess\u00e9g\u00e9t az adja, hogy a b\u00e9lyegk\u00e9sz\u00edt\u00e9s tervez\u00e9si f\u00e1zis\u00e1b\u00f3l sz\u00e1rmazik, amely sor\u00e1n a v\u00e9gleges sz\u00ednt \u00e9s kivitelez\u00e9st m\u00e9g k\u00eds\u00e9rletek alapj\u00e1n hat\u00e1rozt\u00e1k meg. A<strong>z olajz\u00f6ld sz\u00ednv\u00e1ltozatot a v\u00e9gleges kiad\u00e1sn\u00e1l elvetett\u00e9k<\/strong>, \u00edgy ez csak pr\u00f3banyomatk\u00e9nt maradt fenn.<\/p>\n<p>Pr\u00f3banyomatk\u00e9nt m\u00e9g ismert egy \u00e9l\u00e9nkz\u00f6ld sz\u00edn\u0171, fogazott kis\u00edv is, amely szint\u00e9n a tervez\u00e9si folyamat r\u00e9sz\u00e9t k\u00e9pezte. Sajnos ez a p\u00e9ld\u00e1ny nem maradt fenn \u00e9pen, mivel barb\u00e1r &#8220;keresked\u0151k&#8221; \u00e1ldozat\u00e1ul esett, \u00e9s sz\u00e9tt\u00e9pt\u00e9k, \u00edgy m\u00e1ra csup\u00e1n a n\u00e9gy z\u00f6ld b\u00e9lyeg maradt fenn.<\/p>\n<p>Az 1947-es olajz\u00f6ld v\u00e1gott pr\u00f3banyomat becses ritkas\u00e1ga ennek az id\u0151szaknak, mely egy p\u00e9ld\u00e1nyban ismert.<\/p>\n<p style=\"text-align: center;\"><strong>UNIKAT!!<\/strong><\/p>\n<\/div><\/section><\/p><\/div><div  class='flex_column av-av_one_half-2d22dc0500e159f2b39fe7a147caf14c av_one_half  avia-builder-el-20  el_after_av_one_half  el_before_av_one_half  first flex_column_div  column-top-margin'     ><div  class='avia-buttonrow-wrap av-miruf31c-06b0635e69838db4f800afd40474deba avia-buttonrow-center  avia-builder-el-21  avia-builder-el-no-sibling '>\n\n<style type=\"text\/css\" data-created_by=\"avia_inline_auto\" id=\"style-css-av-miruf1f2-d23756f3aa73d3099e3aeb0b3d36ef48\">\n#top #wrap_all .avia-button.av-miruf1f2-d23756f3aa73d3099e3aeb0b3d36ef48{\nmargin-bottom:5px;\nmargin-right:3px;\nmargin-left:3px;\n}\n<\/style>\n<a href='https:\/\/stampcurio.com\/hu\/product\/1949-magyarorszag-lanchid-iii-vagott-postatiszta-blokk-ritka-luxus-darab\/'  class='avia-button av-miruf1f2-d23756f3aa73d3099e3aeb0b3d36ef48 avia-icon_select-yes-left-icon avia-size-small avia-color-theme-color'   aria-label=\"A t\u00e9telhez\"><span class='avia_button_icon avia_button_icon_left avia-svg-icon avia-font-svg_entypo-fontello' data-av_svg_icon='eye' data-av_iconset='svg_entypo-fontello'><svg version=\"1.1\" xmlns=\"http:\/\/www.w3.org\/2000\/svg\" width=\"32\" height=\"32\" viewBox=\"0 0 32 32\" preserveAspectRatio=\"xMidYMid meet\" aria-labelledby='av-svg-title-1' aria-describedby='av-svg-desc-1' role=\"graphics-symbol\">\n<title id='av-svg-title-1'>Eye<\/title>\n<desc id='av-svg-desc-1'>Eye<\/desc>\n<path d=\"M16 7.040q2.944 0 5.664 0.8t4.512 1.984 3.168 2.464 2.016 2.272 0.64 1.44-0.64 1.408-2.016 2.272-3.168 2.496-4.512 1.984-5.664 0.8-5.664-0.8-4.512-1.984-3.168-2.496-2.016-2.272-0.64-1.408 0.64-1.44 2.016-2.272 3.168-2.464 4.512-1.984 5.664-0.8zM16 22.848q2.944 0 5.024-2.016t2.080-4.832q0-2.88-2.080-4.896t-5.024-2.016-5.024 2.016-2.080 4.896q0 2.816 2.080 4.832t5.024 2.016zM16 16q0.256 0.256 1.184 0.064t1.6-0.352 0.8 0.288q0 1.408-1.056 2.4t-2.528 0.992-2.496-0.992-1.024-2.4q0-1.472 1.024-2.464t2.496-0.992q0.448 0 0.32 0.736t-0.384 1.504 0.064 1.216z\"><\/path>\n<\/svg><\/span><span class='avia_iconbox_title' >A t\u00e9telhez<\/span><\/a>\n<\/div><\/div><div  class='flex_column av-av_one_half-3b0d446bf9e6f7db91541aa567be4cdf av_one_half  avia-builder-el-22  el_after_av_one_half  avia-builder-el-last  flex_column_div  column-top-margin'     ><div  class='avia-buttonrow-wrap av-mirufswn-bb2acf3076076222b4e60c4db01479f6 avia-buttonrow-center  avia-builder-el-23  avia-builder-el-no-sibling '>\n\n<style type=\"text\/css\" data-created_by=\"avia_inline_auto\" id=\"style-css-av-mirufs8p-9880806800bd7094b74fc14bd7d8da57\">\n#top #wrap_all .avia-button.av-mirufs8p-9880806800bd7094b74fc14bd7d8da57{\nmargin-bottom:5px;\nmargin-right:3px;\nmargin-left:3px;\n}\n<\/style>\n<a href='https:\/\/stampcurio.com\/hu\/product\/1947-magyarorszag-belyegnap-olajzold-probanyomat-vagott-nagy-meretu-xi-es-vizjelu-belyegpapiron-unikat-attest-visnyovszky\/'  class='avia-button av-mirufs8p-9880806800bd7094b74fc14bd7d8da57 avia-icon_select-yes-left-icon avia-size-small avia-color-theme-color'   aria-label=\"A t\u00e9telhez\"><span class='avia_button_icon avia_button_icon_left avia-svg-icon avia-font-svg_entypo-fontello' data-av_svg_icon='eye' data-av_iconset='svg_entypo-fontello'><svg version=\"1.1\" xmlns=\"http:\/\/www.w3.org\/2000\/svg\" width=\"32\" height=\"32\" viewBox=\"0 0 32 32\" preserveAspectRatio=\"xMidYMid meet\" aria-labelledby='av-svg-title-2' aria-describedby='av-svg-desc-2' role=\"graphics-symbol\">\n<title id='av-svg-title-2'>Eye<\/title>\n<desc id='av-svg-desc-2'>Eye<\/desc>\n<path d=\"M16 7.040q2.944 0 5.664 0.8t4.512 1.984 3.168 2.464 2.016 2.272 0.64 1.44-0.64 1.408-2.016 2.272-3.168 2.496-4.512 1.984-5.664 0.8-5.664-0.8-4.512-1.984-3.168-2.496-2.016-2.272-0.64-1.408 0.64-1.44 2.016-2.272 3.168-2.464 4.512-1.984 5.664-0.8zM16 22.848q2.944 0 5.024-2.016t2.080-4.832q0-2.88-2.080-4.896t-5.024-2.016-5.024 2.016-2.080 4.896q0 2.816 2.080 4.832t5.024 2.016zM16 16q0.256 0.256 1.184 0.064t1.6-0.352 0.8 0.288q0 1.408-1.056 2.4t-2.528 0.992-2.496-0.992-1.024-2.4q0-1.472 1.024-2.464t2.496-0.992q0.448 0 0.32 0.736t-0.384 1.504 0.064 1.216z\"><\/path>\n<\/svg><\/span><span class='avia_iconbox_title' >A t\u00e9telhez<\/span><\/a>\n<\/div><\/div>\n<\/p>\n","protected":false},"excerpt":{"rendered":"","protected":false},"author":2,"featured_media":0,"parent":0,"menu_order":0,"comment_status":"closed","ping_status":"closed","template":"","meta":{"footnotes":""},"class_list":["post-36077","page","type-page","status-publish","hentry"],"_links":{"self":[{"href":"https:\/\/stampcurio.com\/hu\/wp-json\/wp\/v2\/pages\/36077","targetHints":{"allow":["GET"]}}],"collection":[{"href":"https:\/\/stampcurio.com\/hu\/wp-json\/wp\/v2\/pages"}],"about":[{"href":"https:\/\/stampcurio.com\/hu\/wp-json\/wp\/v2\/types\/page"}],"author":[{"embeddable":true,"href":"https:\/\/stampcurio.com\/hu\/wp-json\/wp\/v2\/users\/2"}],"replies":[{"embeddable":true,"href":"https:\/\/stampcurio.com\/hu\/wp-json\/wp\/v2\/comments?post=36077"}],"version-history":[{"count":6,"href":"https:\/\/stampcurio.com\/hu\/wp-json\/wp\/v2\/pages\/36077\/revisions"}],"predecessor-version":[{"id":37878,"href":"https:\/\/stampcurio.com\/hu\/wp-json\/wp\/v2\/pages\/36077\/revisions\/37878"}],"wp:attachment":[{"href":"https:\/\/stampcurio.com\/hu\/wp-json\/wp\/v2\/media?parent=36077"}],"curies":[{"name":"wp","href":"https:\/\/api.w.org\/{rel}","templated":true}]}}