{"id":26617,"date":"2025-04-24T13:48:41","date_gmt":"2025-04-24T11:48:41","guid":{"rendered":"https:\/\/stampcurio.com\/a-magyar-belyegek-1871-es-kiadasanak-hagyomanyos-szemlelete\/"},"modified":"2025-04-26T11:10:36","modified_gmt":"2025-04-26T09:10:36","slug":"a-magyar-belyegek-1871-es-kiadasanak-hagyomanyos-szemlelete","status":"publish","type":"page","link":"https:\/\/stampcurio.com\/hu\/a-magyar-belyegek-1871-es-kiadasanak-hagyomanyos-szemlelete\/","title":{"rendered":"A magyar b\u00e9lyegek 1871-es kiad\u00e1s\u00e1nak hagyom\u00e1nyos szeml\u00e9lete"},"content":{"rendered":"<div  class='flex_column av-98sdt-9d76e8f7ea172cda60bc92e3397188eb av_one_full  avia-builder-el-0  el_before_av_image  avia-builder-el-first  first flex_column_div  '     ><p>\n<style type=\"text\/css\" data-created_by=\"avia_inline_auto\" id=\"style-css-av-m9wu1lot-6ab71fa41c21a6c295c20cb054f561b0\">\n#top .av-special-heading.av-m9wu1lot-6ab71fa41c21a6c295c20cb054f561b0{\npadding-bottom:20px;\ncolor:#c25b00;\n}\nbody .av-special-heading.av-m9wu1lot-6ab71fa41c21a6c295c20cb054f561b0 .av-special-heading-tag .heading-char{\nfont-size:25px;\n}\n#top #wrap_all .av-special-heading.av-m9wu1lot-6ab71fa41c21a6c295c20cb054f561b0 .av-special-heading-tag{\npadding:0 0 20px 0;\n}\n.av-special-heading.av-m9wu1lot-6ab71fa41c21a6c295c20cb054f561b0 .special-heading-inner-border{\nborder-color:#c25b00;\n}\n.av-special-heading.av-m9wu1lot-6ab71fa41c21a6c295c20cb054f561b0 .av-subheading{\nfont-size:15px;\n}\nbody .av-special-heading.av-m9wu1lot-6ab71fa41c21a6c295c20cb054f561b0 .av-special-heading-tag .heading-wrap:before{\nborder-color:#c25b00;\n}\nbody .av-special-heading.av-m9wu1lot-6ab71fa41c21a6c295c20cb054f561b0 .av-special-heading-tag .heading-wrap:after{\nborder-color:#c25b00;\n}\n<\/style>\n<div  class='av-special-heading av-m9wu1lot-6ab71fa41c21a6c295c20cb054f561b0 av-special-heading-h3 custom-color-heading blockquote elegant-quote elegant-centered  avia-builder-el-1  el_before_av_hr  avia-builder-el-first '><h3 class='av-special-heading-tag '  itemprop=\"headline\"  ><span class=\"heading-wrap\">A magyar b\u00e9lyegek 1871-es kiad\u00e1s\u00e1nak hagyom\u00e1nyos szeml\u00e9lete<\/span><\/h3><div class=\"special-heading-border\"><div class=\"special-heading-inner-border\"><\/div><\/div><\/div><br \/>\n<div  class='hr av-m9wub0i5-90f691590704d78eda2930f57fd83331 hr-full  avia-builder-el-2  el_after_av_heading  el_before_av_button  hr-no-shadow'><span class='hr-inner '><span class=\"hr-inner-style\"><\/span><\/span><\/div><br \/>\n<div  class='avia-button-wrap av-m9y028qm-7f7daa121131b0a89452d50616d62c9c-wrap avia-button-center  avia-builder-el-3  el_after_av_hr  el_before_av_hr '><a href='https:\/\/zoom.us\/j\/98449768599'  class='avia-button av-m9y028qm-7f7daa121131b0a89452d50616d62c9c av-link-btn avia-icon_select-yes-left-icon avia-size-large avia-position-center avia-color-theme-color'   aria-label=\"Csatlakoz\u00e1s \u00e9l\u0151ben!\"><span class='avia_button_icon avia_button_icon_left avia-svg-icon avia-font-svg_entypo-fontello' data-av_svg_icon='youtube-play' data-av_iconset='svg_entypo-fontello'><svg version=\"1.1\" xmlns=\"http:\/\/www.w3.org\/2000\/svg\" width=\"32\" height=\"32\" viewBox=\"0 0 32 32\" preserveAspectRatio=\"xMidYMid meet\" aria-labelledby='av-svg-title-1' aria-describedby='av-svg-desc-1' role=\"graphics-symbol\">\n<title id='av-svg-title-1'>Youtube-play<\/title>\n<desc id='av-svg-desc-1'>Youtube-play<\/desc>\n<path d=\"M12.704 20.128l8.64-4.448-8.64-4.512v8.96zM16 4.736q3.008 0 5.792 0.096t4.096 0.16l1.312 0.064q0 0 0.288 0.032t0.416 0.064 0.416 0.064 0.512 0.16 0.512 0.224 0.544 0.352 0.512 0.48q0.128 0.096 0.288 0.32t0.512 1.056 0.48 1.792q0.128 1.152 0.224 2.432t0.096 2.048v3.136q0.032 2.592-0.32 5.184-0.128 0.96-0.448 1.76t-0.576 1.12l-0.256 0.288q-0.224 0.256-0.512 0.48t-0.544 0.32-0.512 0.224-0.512 0.16-0.416 0.064-0.416 0.064-0.288 0.032q-4.48 0.352-11.2 0.352-3.68-0.064-6.432-0.128t-3.552-0.128l-0.896-0.096-0.64-0.064q-0.64-0.096-0.96-0.16t-0.928-0.384-0.992-0.736q-0.128-0.096-0.288-0.32t-0.512-1.056-0.48-1.792q-0.128-1.152-0.224-2.432t-0.096-2.048v-3.136q-0.032-2.592 0.32-5.184 0.128-0.992 0.448-1.76t0.576-1.12l0.256-0.288q0.256-0.288 0.512-0.48t0.544-0.352 0.512-0.224 0.512-0.16 0.416-0.064 0.416-0.064 0.288-0.032q4.48-0.32 11.2-0.32z\"><\/path>\n<\/svg><\/span><span class='avia_iconbox_title' >Csatlakoz\u00e1s \u00e9l\u0151ben!<\/span><\/a><\/div><br \/>\n<div  class='hr av-av_hr-e060c2eb0cdcddbcb9c98b91deef18ca hr-full  avia-builder-el-4  el_after_av_button  el_before_av_textblock  hr-no-shadow'><span class='hr-inner '><span class=\"hr-inner-style\"><\/span><\/span><\/div><br \/>\n<section  class='av_textblock_section av-m9wty0qa-a5fe390bbb6b1279683ce8a1f5e2789d '   itemscope=\"itemscope\" itemtype=\"https:\/\/schema.org\/CreativeWork\" ><div class='avia_textblock'  itemprop=\"text\" ><p>A <em>\u201cB\u00e9lyegekkel a vil\u00e1g k\u00f6r\u00fcl \u2013 Utaz\u00e1s az id\u0151ben 1850-t\u0151l napjainkig\u201d<\/em> sorozat k\u00f6vetkez\u0151 \u00e1llom\u00e1sa az 1871-es kiad\u00e1s\u00e1r\u00f3l sz\u00f3l.<\/p>\n<p>El\u0151ad\u00f3: <a href=\"https:\/\/www.aiep-experts.net\/expert\/lorinc-borda\/\" target=\"_blank\" rel=\"noopener\">Borda L\u0151rinc<br \/>\n<\/a>Id\u0151pont: 2025. \u00e1prilis 26. (szombat) 10:00<br \/>\nHelysz\u00edn: MAB\u00c9OSZ 302-es terem, 1064 Budapest, V\u00f6r\u00f6smarty utca 65. \u00e9s online (Zoom)<\/p>\n<p>Minden \u00e9rdekl\u0151d\u0151t szeretettel v\u00e1runk!<\/p>\n<\/div><\/section><\/p><\/div>\n<style type=\"text\/css\" data-created_by=\"avia_inline_auto\" id=\"style-css-av-m9wvh76t-9d2a508cc909ba818a6b866bdfdeae7b\">\n.avia-image-container.av-m9wvh76t-9d2a508cc909ba818a6b866bdfdeae7b img.avia_image{\nbox-shadow:none;\n}\n.avia-image-container.av-m9wvh76t-9d2a508cc909ba818a6b866bdfdeae7b .av-image-caption-overlay-center{\ncolor:#ffffff;\n}\n<\/style>\n<div  class='avia-image-container av-m9wvh76t-9d2a508cc909ba818a6b866bdfdeae7b av-styling- avia-align-center  avia-builder-el-6  el_after_av_one_full  avia-builder-el-last '   itemprop=\"image\" itemscope=\"itemscope\" itemtype=\"https:\/\/schema.org\/ImageObject\" ><div class=\"avia-image-container-inner\"><div class=\"avia-image-overlay-wrap\"><img decoding=\"async\" fetchpriority=\"high\" class='wp-image-26590 avia-img-lazy-loading-not-26590 avia_image ' src=\"https:\/\/stampcurio.com\/wp-content\/uploads\/2025\/04\/aaaaaaaaaaaaaaaaaaaaaa-1.png\" alt='' title='aaaaaaaaaaaaaaaaaaaaaa'  height=\"280\" width=\"634\"  itemprop=\"thumbnailUrl\" srcset=\"https:\/\/stampcurio.com\/wp-content\/uploads\/2025\/04\/aaaaaaaaaaaaaaaaaaaaaa-1.png 634w, https:\/\/stampcurio.com\/wp-content\/uploads\/2025\/04\/aaaaaaaaaaaaaaaaaaaaaa-1-300x132.png 300w, https:\/\/stampcurio.com\/wp-content\/uploads\/2025\/04\/aaaaaaaaaaaaaaaaaaaaaa-1-450x199.png 450w, https:\/\/stampcurio.com\/wp-content\/uploads\/2025\/04\/aaaaaaaaaaaaaaaaaaaaaa-1-394x174.png 394w, https:\/\/stampcurio.com\/wp-content\/uploads\/2025\/04\/aaaaaaaaaaaaaaaaaaaaaa-1-600x265.png 600w\" sizes=\"(max-width: 634px) 100vw, 634px\" \/><\/div><\/div><\/div><\/p>\n","protected":false},"excerpt":{"rendered":"","protected":false},"author":2,"featured_media":0,"parent":0,"menu_order":0,"comment_status":"closed","ping_status":"closed","template":"","meta":{"footnotes":""},"class_list":["post-26617","page","type-page","status-publish","hentry"],"_links":{"self":[{"href":"https:\/\/stampcurio.com\/hu\/wp-json\/wp\/v2\/pages\/26617","targetHints":{"allow":["GET"]}}],"collection":[{"href":"https:\/\/stampcurio.com\/hu\/wp-json\/wp\/v2\/pages"}],"about":[{"href":"https:\/\/stampcurio.com\/hu\/wp-json\/wp\/v2\/types\/page"}],"author":[{"embeddable":true,"href":"https:\/\/stampcurio.com\/hu\/wp-json\/wp\/v2\/users\/2"}],"replies":[{"embeddable":true,"href":"https:\/\/stampcurio.com\/hu\/wp-json\/wp\/v2\/comments?post=26617"}],"version-history":[{"count":5,"href":"https:\/\/stampcurio.com\/hu\/wp-json\/wp\/v2\/pages\/26617\/revisions"}],"predecessor-version":[{"id":26643,"href":"https:\/\/stampcurio.com\/hu\/wp-json\/wp\/v2\/pages\/26617\/revisions\/26643"}],"wp:attachment":[{"href":"https:\/\/stampcurio.com\/hu\/wp-json\/wp\/v2\/media?parent=26617"}],"curies":[{"name":"wp","href":"https:\/\/api.w.org\/{rel}","templated":true}]}}