{"id":25180,"date":"2024-12-13T18:59:43","date_gmt":"2024-12-13T17:59:43","guid":{"rendered":"https:\/\/stampcurio.com\/?page_id=25180"},"modified":"2025-01-31T14:59:08","modified_gmt":"2025-01-31T13:59:08","slug":"magyar-belyeg-gigaszok","status":"publish","type":"page","link":"https:\/\/stampcurio.com\/hu\/magyar-belyeg-gigaszok\/","title":{"rendered":"Magyar b\u00e9lyeg gig\u00e1szok"},"content":{"rendered":"\n<style type=\"text\/css\" data-created_by=\"avia_inline_auto\" id=\"style-css-av-m4n2wo5a-ea79a7769da764111eb1de612e3abf96\">\n#top .av-special-heading.av-m4n2wo5a-ea79a7769da764111eb1de612e3abf96{\npadding-bottom:10px;\ncolor:#c25b00;\n}\nbody .av-special-heading.av-m4n2wo5a-ea79a7769da764111eb1de612e3abf96 .av-special-heading-tag .heading-char{\nfont-size:25px;\n}\n#top #wrap_all .av-special-heading.av-m4n2wo5a-ea79a7769da764111eb1de612e3abf96 .av-special-heading-tag{\npadding:0 0 10px 0;\n}\n.av-special-heading.av-m4n2wo5a-ea79a7769da764111eb1de612e3abf96 .special-heading-inner-border{\nborder-color:#c25b00;\n}\n.av-special-heading.av-m4n2wo5a-ea79a7769da764111eb1de612e3abf96 .av-subheading{\nfont-size:15px;\n}\nbody .av-special-heading.av-m4n2wo5a-ea79a7769da764111eb1de612e3abf96 .av-special-heading-tag .heading-wrap:before{\nborder-color:#c25b00;\n}\nbody .av-special-heading.av-m4n2wo5a-ea79a7769da764111eb1de612e3abf96 .av-special-heading-tag .heading-wrap:after{\nborder-color:#c25b00;\n}\n<\/style>\n<div  class='av-special-heading av-m4n2wo5a-ea79a7769da764111eb1de612e3abf96 av-special-heading-h1 custom-color-heading blockquote elegant-quote elegant-centered  avia-builder-el-0  el_before_av_textblock  avia-builder-el-first '><h1 class='av-special-heading-tag '  itemprop=\"headline\"  ><span class=\"heading-wrap\">Magyar b\u00e9lyeg gig\u00e1szok<\/span><\/h1><div class=\"special-heading-border\"><div class=\"special-heading-inner-border\"><\/div><\/div><\/div>\n<section  class='av_textblock_section av-2hfsqxo-c7ee1cf9e4e1db2f797bdfcc33c0a0b2 '   itemscope=\"itemscope\" itemtype=\"https:\/\/schema.org\/CreativeWork\" ><div class='avia_textblock'  itemprop=\"text\" ><p>A magyar b\u00e9lyeg kibocs\u00e1jt\u00e1sok k\u00f6z\u00f6tt el\u0151kel\u0151 helyet foglalnak el a h\u00e1bor\u00fa ut\u00e1ni id\u0151szak b\u00e9lyegei, amelyek k\u00f6z\u00f6tt a vitathatatlanul legnagyobb b\u00e9lyeg a <strong>fogazatlan L\u00e1nch\u00edd blokk<\/strong>, mely csak legnagyobb magyar b\u00e9lyeggy\u0171jt\u0151k gy\u0171jtem\u00e9ny\u00e9ben (volt) megtal\u00e1lhat\u00f3. Olyan b\u00e9lyeglegend\u00e1kkal van egy szinten, mint a <a href=\"https:\/\/blog.costacatalog.com\/2024\/06\/29\/forditott-madonna\/\">ford\u00edtott Madonna<\/a>, mely a legritk\u00e1bb \u00e9s legh\u00edresebb XX. sz\u00e1zadi magyar t\u00e9vnyomatunk!<\/p>\n<p>Az \u00e1rver\u00e9sen l\u00e1that\u00f3 m\u00e1sik magyar b\u00e9lyeg legenda, a 1947. \u00e9vi B\u00e9lyegnapi kis\u00edv z\u00f6ld sz\u00edn\u0171 <em>fogazatlan<\/em> pr\u00f3banyomata, amely az\u00e9rt is k\u00fcl\u00f6nleges, mert a magyar b\u00e9lyegek pr\u00f3banyomatait k\u00f6telez\u0151 volt leadni a B\u00e9lyegm\u00fazeumnak, \u00edgy csak egy-egy p\u00e9ld\u00e1ny ker\u00fclt gy\u0171jt\u0151i kezekbe. Az ilyen b\u00e9lyegek rendszerint politikai protokoll aj\u00e1nd\u00e9kok voltak, majd az \u00e9vtizedek sor\u00e1n ker\u00fcltek be a b\u00e9lyeggy\u0171jt\u00e9s v\u00e9rkering\u00e9s\u00e9be.<\/p>\n<\/div><\/section>\n<div  class='flex_column av-20mhc70-1a9732228c759659c3904bc84bc3a216 av_one_half  avia-builder-el-2  el_after_av_textblock  el_before_av_one_half  first flex_column_div  column-top-margin'     ><style type=\"text\/css\" data-created_by=\"avia_inline_auto\" id=\"style-css-av-m4n2vm9q-3d4fdbc5c99401d499525d1ca3c12f8e\">\n.avia-image-container.av-m4n2vm9q-3d4fdbc5c99401d499525d1ca3c12f8e img.avia_image{\nbox-shadow:none;\n}\n.avia-image-container.av-m4n2vm9q-3d4fdbc5c99401d499525d1ca3c12f8e .av-image-caption-overlay-center{\ncolor:#ffffff;\n}\n<\/style>\n<div  class='avia-image-container av-m4n2vm9q-3d4fdbc5c99401d499525d1ca3c12f8e av-styling- avia-align-center  avia-builder-el-3  avia-builder-el-no-sibling '   itemprop=\"image\" itemscope=\"itemscope\" itemtype=\"https:\/\/schema.org\/ImageObject\" ><div class=\"avia-image-container-inner\"><div class=\"avia-image-overlay-wrap\"><img decoding=\"async\" fetchpriority=\"high\" class='wp-image-25197 avia-img-lazy-loading-not-25197 avia_image ' src=\"https:\/\/stampcurio.com\/wp-content\/uploads\/2024\/12\/lanchid_for_page-1-705x571.jpg\" alt='' title='lanchid_for_page'  height=\"571\" width=\"705\"  itemprop=\"thumbnailUrl\" srcset=\"https:\/\/stampcurio.com\/wp-content\/uploads\/2024\/12\/lanchid_for_page-1-705x571.jpg 705w, https:\/\/stampcurio.com\/wp-content\/uploads\/2024\/12\/lanchid_for_page-1-300x243.jpg 300w, https:\/\/stampcurio.com\/wp-content\/uploads\/2024\/12\/lanchid_for_page-1-1030x835.jpg 1030w, https:\/\/stampcurio.com\/wp-content\/uploads\/2024\/12\/lanchid_for_page-1-768x622.jpg 768w, https:\/\/stampcurio.com\/wp-content\/uploads\/2024\/12\/lanchid_for_page-1-1536x1245.jpg 1536w, https:\/\/stampcurio.com\/wp-content\/uploads\/2024\/12\/lanchid_for_page-1-1500x1216.jpg 1500w, https:\/\/stampcurio.com\/wp-content\/uploads\/2024\/12\/lanchid_for_page-1-495x400.jpg 495w, https:\/\/stampcurio.com\/wp-content\/uploads\/2024\/12\/lanchid_for_page-1-845x684.jpg 845w, https:\/\/stampcurio.com\/wp-content\/uploads\/2024\/12\/lanchid_for_page-1-450x365.jpg 450w, https:\/\/stampcurio.com\/wp-content\/uploads\/2024\/12\/lanchid_for_page-1-394x319.jpg 394w, https:\/\/stampcurio.com\/wp-content\/uploads\/2024\/12\/lanchid_for_page-1-600x486.jpg 600w, https:\/\/stampcurio.com\/wp-content\/uploads\/2024\/12\/lanchid_for_page-1.jpg 2000w\" sizes=\"(max-width: 705px) 100vw, 705px\" \/><\/div><\/div><\/div><\/div>\n<div  class='flex_column av-ywo5z0-b8377aa5e29d5c62f3adf1c9dd171a51 av_one_half  avia-builder-el-4  el_after_av_one_half  el_before_av_one_half  flex_column_div  column-top-margin'     ><style type=\"text\/css\" data-created_by=\"avia_inline_auto\" id=\"style-css-av-m4n2vw8x-cf617a15d84af99839cdc4bc00223f14\">\n.avia-image-container.av-m4n2vw8x-cf617a15d84af99839cdc4bc00223f14 img.avia_image{\nbox-shadow:none;\n}\n.avia-image-container.av-m4n2vw8x-cf617a15d84af99839cdc4bc00223f14 .av-image-caption-overlay-center{\ncolor:#ffffff;\n}\n<\/style>\n<div  class='avia-image-container av-m4n2vw8x-cf617a15d84af99839cdc4bc00223f14 av-styling- avia-align-center  avia-builder-el-5  avia-builder-el-no-sibling '   itemprop=\"image\" itemscope=\"itemscope\" itemtype=\"https:\/\/schema.org\/ImageObject\" ><div class=\"avia-image-container-inner\"><div class=\"avia-image-overlay-wrap\"><img decoding=\"async\" fetchpriority=\"high\" class='wp-image-25060 avia-img-lazy-loading-not-25060 avia_image ' src=\"https:\/\/stampcurio.com\/wp-content\/uploads\/2024\/11\/SC-24-3370_1_1_02-autotune1.0-1.jpg\" alt='' title='SC-24-3370_1_1_02-autotune1.0'  height=\"571\" width=\"705\"  itemprop=\"thumbnailUrl\"  \/><\/div><\/div><\/div><\/div>\n<div  class='flex_column av-1xn70zg-ecde41bc3f11f5fd907d8dbfb23b6008 av_one_half  avia-builder-el-6  el_after_av_one_half  el_before_av_one_half  first flex_column_div  column-top-margin'     ><section  class='av_textblock_section av-1lf19gc-0a33aec69e8a6cfb49d3d8d9fb3dd570 '   itemscope=\"itemscope\" itemtype=\"https:\/\/schema.org\/CreativeWork\" ><div class='avia_textblock'  itemprop=\"text\" ><p class=\"western\" align=\"justify\"><strong>A L\u00e1nch\u00edd III. blokk v\u00e1gott kiad\u00e1sa 1949-b\u0151l<\/strong><\/p>\n<p class=\"western\" align=\"justify\">A L\u00e1nch\u00edd III. blokk id\u00e9n november 20-\u00e1n \u00fcnnepelte 75 \u00e9ves jubileum\u00e1t, mely fogazottan minden magyar gy\u0171jtem\u00e9ny egyik jelent\u0151s darabja, v\u00e1gottan viszont egy igazi legenda. Sokszor felmer\u00fcl a k\u00e9rd\u00e9s gy\u0171jt\u0151i diskurzusokban, hogy melyik a legritk\u00e1bb magyar postab\u00e9lyeg (a t\u00e9vnyomatokat lesz\u00e1m\u00edtva), melyre t\u00f6bb v\u00e1laszt hallani, tal\u00e1n nem is lehetne igazs\u00e1got tenni\u2026 <em>Az bizonyos, hogy sok gy\u0171jt\u0151t\u00e1rs egy\u00f6ntet\u0171en a L\u00e1nch\u00edd III. v\u00e1gott blokkra szokott szavazni, nem is v\u00e9letlen\u00fcl\u2026<\/em><\/p>\n<p class=\"western\" align=\"justify\">Aki pr\u00f3b\u00e1lkozott m\u00e1r a v\u00e1gott magyar b\u00e9lyegek gy\u0171jt\u00e9s\u00e9vel, hamar l\u00e1tja, hogy a katal\u00f3gus \u00e1rak milyen kev\u00e9ss\u00e9 t\u00fckr\u00f6zik a val\u00f3s\u00e1got, azonban az igazi probl\u00e9m\u00e1k a korai v\u00e1gott b\u00e9lyegek <em>beszerz\u00e9s\u00e9n\u00e9l<\/em> jelentkeznek, melyeknek nem is az \u00e1ra, hanem a <em>beszerezhet\u0151s\u00e9ge<\/em> jelenti az igazi probl\u00e9m\u00e1t. Fellapozva az el\u00e9rhet\u0151 arch\u00edvumokat, a v\u00e1gott L\u00e1nch\u00edd III. blokk legutolj\u00e1ra 11 \u00e9ve volt Magyarorsz\u00e1gon \u00e1rver\u00e9sen kiki\u00e1ltva, akkor is csak egy elt\u00e9r\u0151 s\u00e1rga sz\u00ednnyom\u00e1s\u00fa pr\u00f3banyomat ker\u00fclt \u00faj tulajdonoshoz. A v\u00e9gleges b\u00e9lyegk\u00e9ppel megegyez\u0151 v\u00e1gott b\u00e9lyeg magyarorsz\u00e1gi \u00e1rverez\u00e9s\u00e9r\u0151l feljegyz\u00e9s nem el\u00e9rhet\u0151.<\/p>\n<p class=\"western\" align=\"justify\">A v\u00e1gott b\u00e9lyegeket a Posta aj\u00e1nd\u00e9koz\u00e1si c\u00e9lb\u00f3l k\u00e9sz\u00edtette, hogy pontosan h\u00e1ny v\u00e9gleges b\u00e9lyegk\u00e9ppel megegyez\u0151 v\u00e1gott blokk k\u00e9sz\u00fclt, azt sajnos nem tudjuk, lehet <strong>csak egy \u00edv, azaz 4 (!) darab<\/strong>\u2026<\/p>\n<\/div><\/section><\/div>\n<div  class='flex_column av-12etx24-8f82f5749ddb2060f8343af65af9b5ac av_one_half  avia-builder-el-8  el_after_av_one_half  el_before_av_one_half  flex_column_div  column-top-margin'     ><section  class='av_textblock_section av-kghqqk-92d48f090ed9eea1aca84c5ad99f3d2f '   itemscope=\"itemscope\" itemtype=\"https:\/\/schema.org\/CreativeWork\" ><div class='avia_textblock'  itemprop=\"text\" ><p><strong>Az 1947-es b\u00e9lyegnapi kis\u00edv fogazatlan pr\u00f3banyomata<\/strong><\/p>\n<p>A postakocsit \u00e1br\u00e1zol\u00f3, 1947-es b\u00e9lyegnapi b\u00e9lyeg egyk\u00e9pes, olajz\u00f6ld pr\u00f3banyomata, amely perfor\u00e1ci\u00f3 n\u00e9lk\u00fcli form\u00e1ban k\u00e9sz\u00fclt nagy m\u00e9ret\u0171 XI. v\u00edzjeles (Kossuth-c\u00edmeres) b\u00e9lyegpap\u00edron. A b\u00e9lyeg, amelynek v\u00e9gleges v\u00e1ltozat\u00e1t narancss\u00e1rga sz\u00ednben 30 fill\u00e9r n\u00e9v\u00e9rt\u00e9ken, 50 fill\u00e9r bel\u00e9p\u0151d\u00edjjal \u00e1rus\u00edtott\u00e1k (a fel\u00e1r nem szerepel a b\u00e9lyegen), a B\u00e9lyegnap \u00fcnnepi kiad\u00e1s\u00e1nak r\u00e9sze volt. Az olajz\u00f6ld pr\u00f3banyomat sosem ker\u00fclt forgalomba, \u00e9s k\u00fcl\u00f6nlegess\u00e9g\u00e9t az adja, hogy a b\u00e9lyegk\u00e9sz\u00edt\u00e9s tervez\u00e9si f\u00e1zis\u00e1b\u00f3l sz\u00e1rmazik, amely sor\u00e1n a v\u00e9gleges sz\u00ednt \u00e9s kivitelez\u00e9st m\u00e9g k\u00eds\u00e9rletek alapj\u00e1n hat\u00e1rozt\u00e1k meg. A<strong>z olajz\u00f6ld sz\u00ednv\u00e1ltozatot a v\u00e9gleges kiad\u00e1sn\u00e1l elvetett\u00e9k<\/strong>, \u00edgy ez csak pr\u00f3banyomatk\u00e9nt maradt fenn.<\/p>\n<p>Pr\u00f3banyomatk\u00e9nt m\u00e9g ismert egy \u00e9l\u00e9nkz\u00f6ld sz\u00edn\u0171, fogazott kis\u00edv is, amely szint\u00e9n a tervez\u00e9si folyamat r\u00e9sz\u00e9t k\u00e9pezte. Sajnos ez a p\u00e9ld\u00e1ny nem maradt fenn \u00e9pen, mivel barb\u00e1r &#8220;keresked\u0151k&#8221; \u00e1ldozat\u00e1ul esett, \u00e9s sz\u00e9tt\u00e9pt\u00e9k, \u00edgy m\u00e1ra csup\u00e1n a n\u00e9gy z\u00f6ld b\u00e9lyeg maradt fenn.<\/p>\n<p>Az 1947-es olajz\u00f6ld v\u00e1gott pr\u00f3banyomat becses ritkas\u00e1ga ennek az id\u0151szaknak, mely egy p\u00e9ld\u00e1nyban ismert.<\/p>\n<p style=\"text-align: center;\"><strong>UNIKAT!!<\/strong><\/p>\n<\/div><\/section><\/div>\n<div  class='flex_column av-zmxdr0-7b55621fc92e402be3e34888b5a011e4 av_one_half  avia-builder-el-10  el_after_av_one_half  el_before_av_one_half  first flex_column_div  column-top-margin'     ><div  class='avia-buttonrow-wrap av-m4phi5af-35624515b866b04c12d7f13f7010fb52 avia-buttonrow-center  avia-builder-el-11  avia-builder-el-no-sibling '>\n\n<style type=\"text\/css\" data-created_by=\"avia_inline_auto\" id=\"style-css-av-m4phi3f6-b9eb5e27c72d6a09478c6038ceb1c1ee\">\n#top #wrap_all .avia-button.av-m4phi3f6-b9eb5e27c72d6a09478c6038ceb1c1ee{\nmargin-bottom:10px;\nmargin-right:5px;\nmargin-left:5px;\n}\n<\/style>\n<a href='https:\/\/stampcurio.com\/hu\/product\/1949-magyarorszag-lanchid-iii-vagott-postatiszta-blokk-ritka-luxus-darab\/'  class='avia-button av-m4phi3f6-b9eb5e27c72d6a09478c6038ceb1c1ee avia-icon_select-yes-left-icon avia-size-small avia-color-theme-color'   aria-label=\"A t\u00e9telhez\"><span class='avia_button_icon avia_button_icon_left avia-iconfont avia-font-entypo-fontello' data-av_icon='\ue826' data-av_iconfont='entypo-fontello' ><\/span><span class='avia_iconbox_title' >A t\u00e9telhez<\/span><\/a>\n<\/div><\/div><div  class='flex_column av-m5gj30-813ce8886b9f1fa3a11f21c018e5f91e av_one_half  avia-builder-el-12  el_after_av_one_half  avia-builder-el-last  flex_column_div  column-top-margin'     ><div  class='avia-buttonrow-wrap av-m4pgg2s7-475c5a2bb9ee647757cc0678a752c723 avia-buttonrow-center  avia-builder-el-13  avia-builder-el-no-sibling '>\n\n<style type=\"text\/css\" data-created_by=\"avia_inline_auto\" id=\"style-css-av-m4pgbw1x-827839158e6186978c85ee1827280e45\">\n#top #wrap_all .avia-button.av-m4pgbw1x-827839158e6186978c85ee1827280e45{\nmargin-bottom:10px;\nmargin-right:5px;\nmargin-left:5px;\n}\n<\/style>\n<a href='https:\/\/stampcurio.com\/hu\/product\/1947-magyarorszag-belyegnap-olajzold-probanyomat-vagott-nagy-meretu-xi-es-vizjelu-belyegpapiron-unikat-attest-visnyovszky\/'  class='avia-button av-m4pgbw1x-827839158e6186978c85ee1827280e45 avia-icon_select-yes-left-icon avia-size-small avia-color-theme-color'   aria-label=\"A t\u00e9telhez\"><span class='avia_button_icon avia_button_icon_left avia-iconfont avia-font-entypo-fontello' data-av_icon='\ue826' data-av_iconfont='entypo-fontello' ><\/span><span class='avia_iconbox_title' >A t\u00e9telhez<\/span><\/a>\n<\/div><\/div><\/p>\n","protected":false},"excerpt":{"rendered":"","protected":false},"author":1,"featured_media":0,"parent":0,"menu_order":0,"comment_status":"closed","ping_status":"closed","template":"","meta":{"footnotes":""},"class_list":["post-25180","page","type-page","status-publish","hentry"],"_links":{"self":[{"href":"https:\/\/stampcurio.com\/hu\/wp-json\/wp\/v2\/pages\/25180","targetHints":{"allow":["GET"]}}],"collection":[{"href":"https:\/\/stampcurio.com\/hu\/wp-json\/wp\/v2\/pages"}],"about":[{"href":"https:\/\/stampcurio.com\/hu\/wp-json\/wp\/v2\/types\/page"}],"author":[{"embeddable":true,"href":"https:\/\/stampcurio.com\/hu\/wp-json\/wp\/v2\/users\/1"}],"replies":[{"embeddable":true,"href":"https:\/\/stampcurio.com\/hu\/wp-json\/wp\/v2\/comments?post=25180"}],"version-history":[{"count":30,"href":"https:\/\/stampcurio.com\/hu\/wp-json\/wp\/v2\/pages\/25180\/revisions"}],"predecessor-version":[{"id":36272,"href":"https:\/\/stampcurio.com\/hu\/wp-json\/wp\/v2\/pages\/25180\/revisions\/36272"}],"wp:attachment":[{"href":"https:\/\/stampcurio.com\/hu\/wp-json\/wp\/v2\/media?parent=25180"}],"curies":[{"name":"wp","href":"https:\/\/api.w.org\/{rel}","templated":true}]}}