{"id":10363,"date":"2015-07-16T09:12:51","date_gmt":"2015-07-16T07:12:51","guid":{"rendered":"http:\/\/stampcurio.com\/kapcsolat\/"},"modified":"2025-12-04T23:16:17","modified_gmt":"2025-12-04T22:16:17","slug":"kapcsolat","status":"publish","type":"page","link":"https:\/\/stampcurio.com\/hu\/kapcsolat\/","title":{"rendered":"Kapcsolat"},"content":{"rendered":"\n<style type=\"text\/css\" data-created_by=\"avia_inline_auto\" id=\"style-css-av-lpq8eyee-6453bb4d92e30480240a0b92f35d4601\">\n#top .av-special-heading.av-lpq8eyee-6453bb4d92e30480240a0b92f35d4601{\npadding-bottom:10px;\ncolor:#c25b00;\n}\nbody .av-special-heading.av-lpq8eyee-6453bb4d92e30480240a0b92f35d4601 .av-special-heading-tag .heading-char{\nfont-size:25px;\npadding-bottom:10px;\n}\n#top #wrap_all .av-special-heading.av-lpq8eyee-6453bb4d92e30480240a0b92f35d4601 .av-special-heading-tag{\npadding:0 0 10px 0;\n}\n.av-special-heading.av-lpq8eyee-6453bb4d92e30480240a0b92f35d4601 .special-heading-inner-border{\nborder-color:#c25b00;\n}\n.av-special-heading.av-lpq8eyee-6453bb4d92e30480240a0b92f35d4601 .av-subheading{\nfont-size:15px;\n}\nbody .av-special-heading.av-lpq8eyee-6453bb4d92e30480240a0b92f35d4601 .av-special-heading-tag .heading-wrap:before{\nborder-color:#c25b00;\n}\nbody .av-special-heading.av-lpq8eyee-6453bb4d92e30480240a0b92f35d4601 .av-special-heading-tag .heading-wrap:after{\nborder-color:#c25b00;\n}\n<\/style>\n<div  class='av-special-heading av-lpq8eyee-6453bb4d92e30480240a0b92f35d4601 av-special-heading-h1 custom-color-heading blockquote elegant-quote elegant-centered  avia-builder-el-0  el_before_av_section  avia-builder-el-no-sibling  av-icon'><h1 class='av-special-heading-tag '  itemprop=\"headline\"  ><span class='heading-char avia-iconfont avia-font-entypo-fontello' data-av_icon='\ue805' data-av_iconfont='entypo-fontello' ><\/span><span class=\"heading-wrap\">Miben seg\u00edthet\u00fcnk?<\/span><\/h1><div class=\"special-heading-border\"><div class=\"special-heading-inner-border\"><\/div><\/div><\/div>\n<\/div><\/div><\/div><!-- close content main div --><\/div><\/div><div id='av_section_1'  class='avia-section av-145nae-e484183ac2512e581c4d3ad1f4531c95 main_color avia-section-huge avia-no-shadow  avia-builder-el-1  el_after_av_heading  avia-builder-el-last  avia-bg-style-scroll container_wrap fullsize'  ><div class='container av-section-cont-open' ><div class='template-page content  av-content-full alpha units'><div class='post-entry post-entry-type-page post-entry-10363'><div class='entry-content-wrapper clearfix'>\n\n<style type=\"text\/css\" data-created_by=\"avia_inline_auto\" id=\"style-css-av-1kbp16-3421f18de359c4df72201708db8118ca\">\n.flex_column.av-1kbp16-3421f18de359c4df72201708db8118ca{\nborder-radius:0px 0px 0px 0px;\npadding:0px 0px 0px 0px;\n}\n<\/style>\n<div  class='flex_column av-1kbp16-3421f18de359c4df72201708db8118ca av_one_half  avia-builder-el-2  el_before_av_one_half  avia-builder-el-first  first flex_column_div av-animated-generic bottom-to-top av-zero-column-padding  '     ><p>\n<style type=\"text\/css\" data-created_by=\"avia_inline_auto\" id=\"style-css-av-t0tjo-5dfc83253632cc788eadbc727d5838e9\">\n#top .av-special-heading.av-t0tjo-5dfc83253632cc788eadbc727d5838e9{\npadding-bottom:10px;\nfont-size:40px;\n}\nbody .av-special-heading.av-t0tjo-5dfc83253632cc788eadbc727d5838e9 .av-special-heading-tag .heading-char{\nfont-size:25px;\n}\n#top #wrap_all .av-special-heading.av-t0tjo-5dfc83253632cc788eadbc727d5838e9 .av-special-heading-tag{\nfont-size:40px;\n}\n.av-special-heading.av-t0tjo-5dfc83253632cc788eadbc727d5838e9 .av-subheading{\nfont-size:15px;\n}\n\n@media only screen and (min-width: 480px) and (max-width: 767px){ \n#top #wrap_all .av-special-heading.av-t0tjo-5dfc83253632cc788eadbc727d5838e9 .av-special-heading-tag{\nfont-size:0.8em;\n}\n}\n\n@media only screen and (max-width: 479px){ \n#top #wrap_all .av-special-heading.av-t0tjo-5dfc83253632cc788eadbc727d5838e9 .av-special-heading-tag{\nfont-size:0.8em;\n}\n}\n<\/style>\n<div  class='av-special-heading av-t0tjo-5dfc83253632cc788eadbc727d5838e9 av-special-heading-h4 blockquote modern-quote  avia-builder-el-3  el_before_av_contact  avia-builder-el-first  av-inherit-size'><h4 class='av-special-heading-tag '  itemprop=\"headline\"  >K\u00e9rd\u00e9se van? L\u00e9pjen vel\u00fcnk kapcsolatba!<\/h4><div class=\"special-heading-border\"><div class=\"special-heading-inner-border\"><\/div><\/div><\/div><br \/>\n<form action=\"https:\/\/stampcurio.com\/hu\/kapcsolat\/\" method=\"post\" data-fields-with-error=\"Found errors in the following field(s):\" class=\"avia_ajax_form av-form-labels-hidden   avia-builder-el-4  el_after_av_heading  avia-builder-el-last   \" data-avia-form-id=\"1\" data-avia-redirect='' ><fieldset><p class='  first_form  form_element form_element_half' id='element_avia_1_1'><label for=\"avia_1_1\">N\u00e9v <abbr class=\"required\" title=\"required\">*<\/abbr><\/label> <input name=\"avia_1_1\" class=\"text_input is_empty\" type=\"text\" id=\"avia_1_1\" value=\"\"  placeholder='N\u00e9v*'\/><\/p><p class='  form_element form_element_half' id='element_avia_2_1'><label for=\"avia_2_1\">E-Mail <abbr class=\"required\" title=\"required\">*<\/abbr><\/label> <input name=\"avia_2_1\" class=\"text_input is_email\" type=\"text\" id=\"avia_2_1\" value=\"\"  placeholder='E-Mail*'\/><\/p><p class='  first_form  form_element form_fullwidth av-last-visible-form-element' id='element_avia_3_1'><label for=\"avia_3_1\" class=\"textare_label hidden textare_label_avia_3_1\">\u00dczenet <abbr class=\"required\" title=\"required\">*<\/abbr><\/label><textarea  placeholder='\u00dczenet*' name=\"avia_3_1\" class=\"text_area is_empty\" cols=\"40\" rows=\"7\" id=\"avia_3_1\" ><\/textarea><\/p><p class=\"hidden\"><input type=\"text\" name=\"avia_4_1\" class=\"hidden \" id=\"avia_4_1\" value=\"\" \/><\/p><p class=\"form_element \"><input type=\"hidden\" value=\"1\" name=\"avia_generated_form1\" \/><input type=\"submit\" value=\"K\u00fcld\u00e9s\" class=\"button\"  data-sending-label=\"K\u00fcld\u00e9s\"\/><\/p><\/fieldset><\/form><div id=\"ajaxresponse_1\" class=\"ajaxresponse ajaxresponse_1 hidden\"><\/div><\/p><\/div>\n<style type=\"text\/css\" data-created_by=\"avia_inline_auto\" id=\"style-css-av-1kbp16-1-fbb4188d87a6d51d28fa6f7df17132aa\">\n.flex_column.av-1kbp16-1-fbb4188d87a6d51d28fa6f7df17132aa{\nborder-radius:0px 0px 0px 0px;\npadding:0px 0px 0px 0px;\n}\n<\/style>\n<div  class='flex_column av-1kbp16-1-fbb4188d87a6d51d28fa6f7df17132aa av_one_half  avia-builder-el-5  el_after_av_one_half  avia-builder-el-last  flex_column_div av-animated-generic bottom-to-top av-zero-column-padding  '     ><p>\n<style type=\"text\/css\" data-created_by=\"avia_inline_auto\" id=\"style-css-av-acuyk-f74dddac01f385234fceef0ade8a53d7\">\n#top .av-special-heading.av-acuyk-f74dddac01f385234fceef0ade8a53d7{\npadding-bottom:10px;\nfont-size:40px;\n}\nbody .av-special-heading.av-acuyk-f74dddac01f385234fceef0ade8a53d7 .av-special-heading-tag .heading-char{\nfont-size:25px;\n}\n#top #wrap_all .av-special-heading.av-acuyk-f74dddac01f385234fceef0ade8a53d7 .av-special-heading-tag{\nfont-size:40px;\n}\n.av-special-heading.av-acuyk-f74dddac01f385234fceef0ade8a53d7 .av-subheading{\nfont-size:15px;\n}\n\n@media only screen and (min-width: 480px) and (max-width: 767px){ \n#top #wrap_all .av-special-heading.av-acuyk-f74dddac01f385234fceef0ade8a53d7 .av-special-heading-tag{\nfont-size:0.8em;\n}\n}\n\n@media only screen and (max-width: 479px){ \n#top #wrap_all .av-special-heading.av-acuyk-f74dddac01f385234fceef0ade8a53d7 .av-special-heading-tag{\nfont-size:0.8em;\n}\n}\n<\/style>\n<div  class='av-special-heading av-acuyk-f74dddac01f385234fceef0ade8a53d7 av-special-heading-h4 blockquote modern-quote  avia-builder-el-6  el_before_av_textblock  avia-builder-el-first  av-inherit-size'><h4 class='av-special-heading-tag '  itemprop=\"headline\"  >Kapcsolati adatok<\/h4><div class=\"special-heading-border\"><div class=\"special-heading-inner-border\"><\/div><\/div><\/div><br \/>\n<section  class='av_textblock_section av-31jcro-b9e8456ef11ae7ae40040db72e0b05c5 '   itemscope=\"itemscope\" itemtype=\"https:\/\/schema.org\/CreativeWork\" ><div class='avia_textblock'  itemprop=\"text\" ><p><strong>Szem\u00e9lyes megtekint\u00e9s el\u0151zetes egyeztet\u00e9s ut\u00e1n lehets\u00e9ges<\/strong><br \/>\nBudapesten, a VII. ker\u00fcletben.<\/p>\n<p><strong>hello@stampcurio.com<\/strong><br \/>\n+36 20 917 3503<\/p>\n<p>Besz\u00e9l\u00fcnk magyarul, angolul \u00e9s n\u00e9met\u00fcl. Amennyiben b\u00e1rmilyen k\u00e9rd\u00e9se felmer\u00fclne, k\u00e9rem jelezze fel\u00e9nk!<\/p>\n<p><strong>Ha szeretne friss h\u00edreket \u00e9s inform\u00e1ci\u00f3kat kapni az aukci\u00f3 t\u00e9teleir\u0151l \u00e9s r\u00e9szleteir\u0151l, iratkozzon fel h\u00edrlevel\u00fcnkre, vagy k\u00f6vessen minket a k\u00f6z\u00f6ss\u00e9gi m\u00e9di\u00e1ban:<\/strong><\/p>\n<p>\n<style type=\"text\/css\" data-created_by=\"avia_inline_auto\" id=\"style-css-av-mb6h0-a4dd0cf6dea2d78b0d8316ebd862de9c\">\n.av_font_icon.av-mb6h0-a4dd0cf6dea2d78b0d8316ebd862de9c{\ncolor:#c25c00;\nborder-color:#c25c00;\n}\n.avia-svg-icon.av-mb6h0-a4dd0cf6dea2d78b0d8316ebd862de9c svg:first-child{\nstroke:#c25c00;\nfill:#c25c00;\n}\n.av_font_icon.av-mb6h0-a4dd0cf6dea2d78b0d8316ebd862de9c .av-icon-char{\nfont-size:40px;\nline-height:40px;\n}\n<\/style>\n<span  class='av_font_icon av-mb6h0-a4dd0cf6dea2d78b0d8316ebd862de9c avia_animate_when_visible av-icon-style- avia-icon-pos-left avia-iconfont avia-font-entypo-fontello avia-icon-animate'><a href='https:\/\/instagram.com\/stampcurio'  target=\"_blank\"  rel=\"noopener noreferrer\"  class='av-icon-char' data-av_icon='\uf16d' data-av_iconfont='entypo-fontello' aria-hidden=\"false\" ><\/a><\/span> \n<style type=\"text\/css\" data-created_by=\"avia_inline_auto\" id=\"style-css-av-dl2lo-5d1a8f86c723dd2d547b9ad4fb29d116\">\n.av_font_icon.av-dl2lo-5d1a8f86c723dd2d547b9ad4fb29d116{\ncolor:#c25c00;\nborder-color:#c25c00;\n}\n.avia-svg-icon.av-dl2lo-5d1a8f86c723dd2d547b9ad4fb29d116 svg:first-child{\nstroke:#c25c00;\nfill:#c25c00;\n}\n.av_font_icon.av-dl2lo-5d1a8f86c723dd2d547b9ad4fb29d116 .av-icon-char{\nfont-size:40px;\nline-height:40px;\n}\n<\/style>\n<span  class='av_font_icon av-dl2lo-5d1a8f86c723dd2d547b9ad4fb29d116 avia_animate_when_visible av-icon-style- avia-icon-pos-left avia-iconfont avia-font-entypo-fontello avia-icon-animate'><a href='https:\/\/stampcurio.com\/news'  target=\"_blank\"  rel=\"noopener noreferrer\" title=\"Subscribe to our Newsletter\" aria-label=\"Subscribe to our Newsletter\" class='av-icon-char' data-av_icon='\ue805' data-av_iconfont='entypo-fontello' aria-hidden=\"false\" ><\/a><\/span><\/p>\n<\/div><\/section><\/p><\/div>\n\n","protected":false},"excerpt":{"rendered":"","protected":false},"author":1,"featured_media":0,"parent":0,"menu_order":0,"comment_status":"open","ping_status":"closed","template":"","meta":{"footnotes":""},"class_list":["post-10363","page","type-page","status-publish","hentry"],"_links":{"self":[{"href":"https:\/\/stampcurio.com\/hu\/wp-json\/wp\/v2\/pages\/10363","targetHints":{"allow":["GET"]}}],"collection":[{"href":"https:\/\/stampcurio.com\/hu\/wp-json\/wp\/v2\/pages"}],"about":[{"href":"https:\/\/stampcurio.com\/hu\/wp-json\/wp\/v2\/types\/page"}],"author":[{"embeddable":true,"href":"https:\/\/stampcurio.com\/hu\/wp-json\/wp\/v2\/users\/1"}],"replies":[{"embeddable":true,"href":"https:\/\/stampcurio.com\/hu\/wp-json\/wp\/v2\/comments?post=10363"}],"version-history":[{"count":12,"href":"https:\/\/stampcurio.com\/hu\/wp-json\/wp\/v2\/pages\/10363\/revisions"}],"predecessor-version":[{"id":36639,"href":"https:\/\/stampcurio.com\/hu\/wp-json\/wp\/v2\/pages\/10363\/revisions\/36639"}],"wp:attachment":[{"href":"https:\/\/stampcurio.com\/hu\/wp-json\/wp\/v2\/media?parent=10363"}],"curies":[{"name":"wp","href":"https:\/\/api.w.org\/{rel}","templated":true}]}}