{"id":10360,"date":"2018-05-03T15:19:25","date_gmt":"2018-05-03T13:19:25","guid":{"rendered":"http:\/\/stampcurio.com\/gyik\/"},"modified":"2025-12-05T15:25:00","modified_gmt":"2025-12-05T14:25:00","slug":"gyik","status":"publish","type":"page","link":"https:\/\/stampcurio.com\/hu\/gyik\/","title":{"rendered":"GYIK"},"content":{"rendered":"\n<style type=\"text\/css\" data-created_by=\"avia_inline_auto\" id=\"style-css-av-jgf3pjem-ee2a691ebc0a9a100bc99d372a9c72ca\">\n#top .flex_column.av-jgf3pjem-ee2a691ebc0a9a100bc99d372a9c72ca{\nmargin-top:0px;\nmargin-bottom:0px;\n}\n.flex_column.av-jgf3pjem-ee2a691ebc0a9a100bc99d372a9c72ca{\nborder-radius:0px 0px 0px 0px;\npadding:0px 0px 0px 0px;\n}\n.responsive #top #wrap_all .flex_column.av-jgf3pjem-ee2a691ebc0a9a100bc99d372a9c72ca{\nmargin-top:0px;\nmargin-bottom:0px;\n}\n<\/style>\n<div  class='flex_column av-jgf3pjem-ee2a691ebc0a9a100bc99d372a9c72ca av_one_full  avia-builder-el-0  el_before_av_section  avia-builder-el-no-sibling  first flex_column_div av-animated-generic left-to-right av-zero-column-padding  '     ><style type=\"text\/css\" data-created_by=\"avia_inline_auto\" id=\"style-css-av-jgwcxcei-3b6d5be29d1d20a9bbda9a08cf92feca\">\n#top .av-special-heading.av-jgwcxcei-3b6d5be29d1d20a9bbda9a08cf92feca{\nmargin:0 0 0 0;\npadding-bottom:0;\nfont-size:3vw;\n}\nbody .av-special-heading.av-jgwcxcei-3b6d5be29d1d20a9bbda9a08cf92feca .av-special-heading-tag .heading-char{\nfont-size:25px;\n}\n#top #wrap_all .av-special-heading.av-jgwcxcei-3b6d5be29d1d20a9bbda9a08cf92feca .av-special-heading-tag{\nfont-size:3vw;\n}\n.av-special-heading.av-jgwcxcei-3b6d5be29d1d20a9bbda9a08cf92feca .av-subheading{\nfont-size:25px;\n}\n\n@media only screen and (min-width: 480px) and (max-width: 767px){ \n#top #wrap_all .av-special-heading.av-jgwcxcei-3b6d5be29d1d20a9bbda9a08cf92feca .av-special-heading-tag{\nfont-size:0.8em;\n}\n}\n\n@media only screen and (max-width: 479px){ \n#top #wrap_all .av-special-heading.av-jgwcxcei-3b6d5be29d1d20a9bbda9a08cf92feca .av-special-heading-tag{\nfont-size:0.8em;\n}\n}\n<\/style>\n<div  class='av-special-heading av-jgwcxcei-3b6d5be29d1d20a9bbda9a08cf92feca av-special-heading-h1 blockquote elegant-quote elegant-centered  avia-builder-el-1  avia-builder-el-no-sibling  av-inherit-size'><h1 class='av-special-heading-tag '  itemprop=\"headline\"  ><span class=\"heading-wrap\">Hasznos inform\u00e1ci\u00f3k<\/span><\/h1><div class=\"special-heading-border\"><div class=\"special-heading-inner-border\"><\/div><\/div><\/div><\/div>\n<\/div><\/div><\/div><!-- close content main div --><\/div><\/div><div id='av_section_1'  class='avia-section av-2eg9ay-566492a2aef3428e44904c46ee45789b main_color avia-section-large avia-no-border-styling  avia-builder-el-2  el_after_av_one_full  avia-builder-el-last  avia-bg-style-scroll container_wrap fullsize'  ><div class='container av-section-cont-open' ><div class='template-page content  av-content-full alpha units'><div class='post-entry post-entry-type-page post-entry-10360'><div class='entry-content-wrapper clearfix'>\n\n<style type=\"text\/css\" data-created_by=\"avia_inline_auto\" id=\"style-css-av-23mkr6-34036fb4d89af53f17c1d2771e0a5316\">\n.flex_column.av-23mkr6-34036fb4d89af53f17c1d2771e0a5316{\nborder-radius:0px 0px 0px 0px;\npadding:0px 0px 0px 0px;\n}\n<\/style>\n<div  class='flex_column av-23mkr6-34036fb4d89af53f17c1d2771e0a5316 av_one_half  avia-builder-el-3  el_before_av_one_half  avia-builder-el-first  first flex_column_div av-zero-column-padding  '     ><p>\n<style type=\"text\/css\" data-created_by=\"avia_inline_auto\" id=\"style-css-av-jgwczoac-a1e0745ac14397cdab7eae75c603628d\">\n#top .av-special-heading.av-jgwczoac-a1e0745ac14397cdab7eae75c603628d{\npadding-bottom:10px;\n}\nbody .av-special-heading.av-jgwczoac-a1e0745ac14397cdab7eae75c603628d .av-special-heading-tag .heading-char{\nfont-size:25px;\n}\n#top #wrap_all .av-special-heading.av-jgwczoac-a1e0745ac14397cdab7eae75c603628d .av-special-heading-tag{\npadding:0 0 10px 0;\n}\n.av-special-heading.av-jgwczoac-a1e0745ac14397cdab7eae75c603628d .av-subheading{\nfont-size:15px;\n}\n<\/style>\n<div  class='av-special-heading av-jgwczoac-a1e0745ac14397cdab7eae75c603628d av-special-heading-h3 blockquote elegant-quote elegant-centered  avia-builder-el-4  el_before_av_textblock  avia-builder-el-first '><h3 class='av-special-heading-tag '  itemprop=\"headline\"  ><span class=\"heading-wrap\">A licit\u00e1l\u00e1sr\u00f3l<\/span><\/h3><div class=\"special-heading-border\"><div class=\"special-heading-inner-border\"><\/div><\/div><\/div><br \/>\n<section  class='av_textblock_section av-6dssa-72d70ce84893ae064beccb1734f52c06 '   itemscope=\"itemscope\" itemtype=\"https:\/\/schema.org\/CreativeWork\" ><div class='avia_textblock'  itemprop=\"text\" ><ul>\n<li>Az \u00e9l\u0151 aukci\u00f3 id\u0151pontja: <strong>2026. janu\u00e1r 1. 14:00-t\u00f3l<\/strong><\/li>\n<li><strong>\u00c9l\u0151 aukci\u00f3 online:<\/strong> lehet\u0151s\u00e9ge van licit\u00e1lni a Philasearch rendszer\u00e9n kereszt\u00fcl. Az \u00e9l\u0151 aukci\u00f3n val\u00f3 r\u00e9szv\u00e9telhez \u00e9l\u0151 regisztr\u00e1ci\u00f3 sz\u00fcks\u00e9ges: <strong><a href=\"https:\/\/www.philasearch.com\/en\/ha_9641\/Stampcurio+Philately+Auctions.html\" target=\"_blank\" rel=\"noopener\">regisztr\u00e1ci\u00f3hoz kattintson ide<\/a><\/strong>!<\/li>\n<li><strong>Telefonos licit:<\/strong> lehet\u0151s\u00e9ge van telefonos licit\u00e1l\u00e1sra, ekkor koll\u00e9g\u00e1nk az \u00e9l\u0151 aucki\u00f3 sor\u00e1n telefonon fogadja be a licitj\u00e9t az \u00e1rver\u00e9s idej\u00e9n. A telefonos licit\u00e1l\u00e1sra val\u00f3 jelentkez\u00e9shez k\u00e9rem regisztr\u00e1ljon <strong><a href=\"https:\/\/stampcurio.com\/hu\/regisztraljon-a-telefonos-licitalashoz\/\">itt<\/a>.<\/strong> Regisztr\u00e1ci\u00f3 hat\u00e1rideje: 2026. janu\u00e1r 1. 10:00<\/li>\n<li><strong>El\u0151zetes licit<\/strong> bead\u00e1s\u00e1ra is van lehet\u0151s\u00e9g, ak\u00e1r a weboldalunkon kereszt\u00fcl (regisztr\u00e1ci\u00f3 nem sz\u00fcks\u00e9ges), ak\u00e1r a <a href=\"https:\/\/www.philasearch.com\/en\/ha_9641\/Stampcurio+Philately+Auctions.html\" target=\"_blank\" rel=\"noopener\"><strong>Philasearch<\/strong><\/a> rendszer\u00e9n kereszt\u00fcl.<\/li>\n<\/ul>\n<p><strong>Tov\u00e1bbi inform\u00e1ci\u00f3k\u00e9rt<\/strong> a <strong>regisztr\u00e1ci\u00f3r\u00f3l<\/strong> \u00e9s a <strong>licit\u00e1l\u00e1s folyamat\u00e1r\u00f3l<\/strong>, k\u00e9rj\u00fck l\u00e1togasson el a <a href=\"https:\/\/stampcurio.com\/hu\/hogyan-vehet-reszt-az-arveresen\/\"><strong>Hogyan vehet r\u00e9szt az \u00e1rver\u00e9sen<\/strong><\/a> oldalra.<\/p>\n<p>Amennyiben <strong>tov\u00e1bbi k\u00e9rd\u00e9se<\/strong> van a licit\u00e1l\u00e1ssal kapcsolatban, <a href=\"https:\/\/stampcurio.com\/hu\/kapcsolat\/\">l\u00e9pjen vel\u00fcnk kapcsolatba<\/a>, \u00f6r\u00f6mmel \u00e1llunk rendelkez\u00e9s\u00e9re.<\/p>\n<\/div><\/section><\/p><\/div>\n<style type=\"text\/css\" data-created_by=\"avia_inline_auto\" id=\"style-css-av-1lckhe-3751e5158a76b1dca99bd94b1ef56052\">\n.flex_column.av-1lckhe-3751e5158a76b1dca99bd94b1ef56052{\nborder-radius:0px 0px 0px 0px;\npadding:0px 0px 0px 0px;\n}\n<\/style>\n<div  class='flex_column av-1lckhe-3751e5158a76b1dca99bd94b1ef56052 av_one_half  avia-builder-el-6  el_after_av_one_half  el_before_av_one_fifth  flex_column_div av-zero-column-padding  '     ><p>\n<style type=\"text\/css\" data-created_by=\"avia_inline_auto\" id=\"style-css-av-jgwczrj1-9bc1f8b553b0b5fc4d4a591812dc8445\">\n#top .av-special-heading.av-jgwczrj1-9bc1f8b553b0b5fc4d4a591812dc8445{\npadding-bottom:10px;\n}\nbody .av-special-heading.av-jgwczrj1-9bc1f8b553b0b5fc4d4a591812dc8445 .av-special-heading-tag .heading-char{\nfont-size:25px;\n}\n#top #wrap_all .av-special-heading.av-jgwczrj1-9bc1f8b553b0b5fc4d4a591812dc8445 .av-special-heading-tag{\npadding:0 0 10px 0;\n}\n.av-special-heading.av-jgwczrj1-9bc1f8b553b0b5fc4d4a591812dc8445 .av-subheading{\nfont-size:15px;\n}\n<\/style>\n<div  class='av-special-heading av-jgwczrj1-9bc1f8b553b0b5fc4d4a591812dc8445 av-special-heading-h3 blockquote elegant-quote elegant-centered  avia-builder-el-7  el_before_av_textblock  avia-builder-el-first '><h3 class='av-special-heading-tag '  itemprop=\"headline\"  ><span class=\"heading-wrap\">Licitl\u00e9pcs\u0151k<\/span><\/h3><div class=\"special-heading-border\"><div class=\"special-heading-inner-border\"><\/div><\/div><\/div><br \/>\n<section  class='av_textblock_section av-4bbgi-63c52741017c5512c26c3ed21438a675 '   itemscope=\"itemscope\" itemtype=\"https:\/\/schema.org\/CreativeWork\" ><div class='avia_textblock'  itemprop=\"text\" ><table border=\"0\" cellspacing=\"0\">\n<colgroup span=\"2\" width=\"85\"><\/colgroup>\n<colgroup width=\"166\"><\/colgroup>\n<tbody>\n<tr>\n<td align=\"center\" valign=\"middle\" bgcolor=\"#FFF5CE\" height=\"36\"><b><span style=\"font-family: Cambria; font-size: medium;\">-t\u00f3l (\u20ac)<br \/>\n<\/span><\/b><\/td>\n<td align=\"center\" valign=\"middle\" bgcolor=\"#FFF5CE\"><b><span style=\"font-family: Cambria; font-size: medium;\">-ig (\u20ac)<br \/>\n<\/span><\/b><\/td>\n<td align=\"center\" valign=\"middle\" bgcolor=\"#FFF5CE\"><b><span style=\"font-family: Cambria; font-size: medium;\">licitl\u00e9pcs\u0151 (\u20ac)<br \/>\n<\/span><\/b><\/td>\n<\/tr>\n<tr>\n<td align=\"center\" valign=\"middle\" height=\"17\"><span style=\"font-family: Cambria;\">0<\/span><\/td>\n<td align=\"center\" valign=\"middle\"><span style=\"font-family: Cambria;\">40<\/span><\/td>\n<td align=\"center\" valign=\"middle\"><span style=\"font-family: Cambria;\">2<\/span><\/td>\n<\/tr>\n<tr>\n<td align=\"center\" valign=\"middle\" bgcolor=\"#EEEEEE\" height=\"17\"><span style=\"font-family: Cambria;\">40<\/span><\/td>\n<td align=\"center\" valign=\"middle\" bgcolor=\"#EEEEEE\"><span style=\"font-family: Cambria;\">100<\/span><\/td>\n<td align=\"center\" valign=\"middle\" bgcolor=\"#EEEEEE\"><span style=\"font-family: Cambria;\">5<\/span><\/td>\n<\/tr>\n<tr>\n<td align=\"center\" valign=\"middle\" height=\"17\"><span style=\"font-family: Cambria;\">100<\/span><\/td>\n<td align=\"center\" valign=\"middle\"><span style=\"font-family: Cambria;\">200<\/span><\/td>\n<td align=\"center\" valign=\"middle\"><span style=\"font-family: Cambria;\">10<\/span><\/td>\n<\/tr>\n<tr>\n<td align=\"center\" valign=\"middle\" bgcolor=\"#EEEEEE\" height=\"17\"><span style=\"font-family: Cambria;\">200<\/span><\/td>\n<td align=\"center\" valign=\"middle\" bgcolor=\"#EEEEEE\"><span style=\"font-family: Cambria;\">400<\/span><\/td>\n<td align=\"center\" valign=\"middle\" bgcolor=\"#EEEEEE\"><span style=\"font-family: Cambria;\">20<\/span><\/td>\n<\/tr>\n<tr>\n<td align=\"center\" valign=\"middle\" height=\"17\"><span style=\"font-family: Cambria;\">400<\/span><\/td>\n<td align=\"center\" valign=\"middle\"><span style=\"font-family: Cambria;\">1000<\/span><\/td>\n<td align=\"center\" valign=\"middle\"><span style=\"font-family: Cambria;\">50<\/span><\/td>\n<\/tr>\n<tr>\n<td align=\"center\" valign=\"middle\" bgcolor=\"#EEEEEE\" height=\"17\"><span style=\"font-family: Cambria;\">1000<\/span><\/td>\n<td align=\"center\" valign=\"middle\" bgcolor=\"#EEEEEE\"><span style=\"font-family: Cambria;\">2000<\/span><\/td>\n<td align=\"center\" valign=\"middle\" bgcolor=\"#EEEEEE\"><span style=\"font-family: Cambria;\">100<\/span><\/td>\n<\/tr>\n<tr>\n<td align=\"center\" valign=\"middle\" height=\"17\"><span style=\"font-family: Cambria;\">2000<\/span><\/td>\n<td align=\"center\" valign=\"middle\"><span style=\"font-family: Cambria;\">5000<\/span><\/td>\n<td align=\"center\" valign=\"middle\"><span style=\"font-family: Cambria;\">200<\/span><\/td>\n<\/tr>\n<tr>\n<td align=\"center\" valign=\"middle\" bgcolor=\"#EEEEEE\" height=\"17\"><span style=\"font-family: Cambria;\">5000<\/span><\/td>\n<td align=\"center\" valign=\"middle\" bgcolor=\"#EEEEEE\"><span style=\"font-family: Cambria;\">10000<\/span><\/td>\n<td align=\"center\" valign=\"middle\" bgcolor=\"#EEEEEE\"><span style=\"font-family: Cambria;\">500<\/span><\/td>\n<\/tr>\n<tr>\n<td align=\"center\" valign=\"middle\" height=\"17\"><span style=\"font-family: Cambria;\">10000<\/span><\/td>\n<td align=\"center\" valign=\"middle\"><\/td>\n<td align=\"center\" valign=\"middle\"><span style=\"font-family: Cambria;\">1000<\/span><\/td>\n<\/tr>\n<\/tbody>\n<\/table>\n<\/div><\/section><\/p><\/div><div  class='flex_column av-av_one_fifth-2d22dc0500e159f2b39fe7a147caf14c av_one_fifth  avia-builder-el-9  el_after_av_one_half  el_before_av_three_fifth  first flex_column_div  column-top-margin'     ><\/div><div  class='flex_column av-av_three_fifth-3b0d446bf9e6f7db91541aa567be4cdf av_three_fifth  avia-builder-el-10  el_after_av_one_fifth  el_before_av_one_fifth  flex_column_div  column-top-margin'     ><div  class='avia-button-wrap avia-button-center  avia-builder-el-11  avia-builder-el-no-sibling '>\n<style type=\"text\/css\" data-created_by=\"avia_inline_auto\" id=\"style-css-av-mirpm4zy-11f6375d398a104d078ab6af31bfe4d6\">\n#top #wrap_all .avia-button.av-mirpm4zy-11f6375d398a104d078ab6af31bfe4d6:hover{\ncolor:white;\ntransition:all 0.4s ease-in-out;\n}\n#top #wrap_all .avia-button.av-mirpm4zy-11f6375d398a104d078ab6af31bfe4d6:hover .avia-svg-icon svg:first-child{\nfill:white;\nstroke:white;\n}\n<\/style>\n<a href='https:\/\/stampcurio.com\/hu\/hogyan-vehet-reszt-az-arveresen\/' class='avia-color-theme-color avia-font-color-theme-color avia-button avia-button-fullwidth av-mirpm4zy-11f6375d398a104d078ab6af31bfe4d6 avia-icon_select-no avia-color-theme-color'   aria-label=\"Hogyan vehet r\u00e9szt az \u00e1rver\u00e9sen\"><span class='avia_iconbox_title' >Hogyan vehet r\u00e9szt az \u00e1rver\u00e9sen<\/span><span class='avia_button_background avia-button avia-button-fullwidth avia-color-theme-color-highlight'><\/span><\/a><\/div><\/div><div  class='flex_column av-av_one_fifth-3b0d446bf9e6f7db91541aa567be4cdf av_one_fifth  avia-builder-el-12  el_after_av_three_fifth  el_before_av_hr  flex_column_div  column-top-margin'     ><\/div>\n<style type=\"text\/css\" data-created_by=\"avia_inline_auto\" id=\"style-css-av-jgf4q5kq-073a1b201c9278edfc1bd6df3818e505\">\n#top .hr.av-jgf4q5kq-073a1b201c9278edfc1bd6df3818e505{\nmargin-top:50px;\nmargin-bottom:65px;\n}\n.hr.av-jgf4q5kq-073a1b201c9278edfc1bd6df3818e505 .hr-inner{\nwidth:50px;\nborder-color:#d3d3d3;\nmax-width:45%;\n}\n.hr.av-jgf4q5kq-073a1b201c9278edfc1bd6df3818e505 .av-seperator-icon{\ncolor:#072f4c;\n}\n.hr.av-jgf4q5kq-073a1b201c9278edfc1bd6df3818e505 .av-seperator-icon.avia-svg-icon svg:first-child{\nfill:#072f4c;\nstroke:#072f4c;\n}\n<\/style>\n<div  class='hr av-jgf4q5kq-073a1b201c9278edfc1bd6df3818e505 hr-custom  avia-builder-el-13  el_after_av_one_fifth  el_before_av_one_half  hr-center hr-icon-yes'><span class='hr-inner inner-border-av-border-thin'><span class=\"hr-inner-style\"><\/span><\/span><span class='av-seperator-icon avia-iconfont avia-font-justice' data-av_icon='\uf10d' data-av_iconfont='justice' ><\/span><span class='hr-inner inner-border-av-border-thin'><span class=\"hr-inner-style\"><\/span><\/span><\/div>\n\n<style type=\"text\/css\" data-created_by=\"avia_inline_auto\" id=\"style-css-av-13x1fm-854be2390228911da35934b3232d0d27\">\n.flex_column.av-13x1fm-854be2390228911da35934b3232d0d27{\nborder-radius:0px 0px 0px 0px;\npadding:0px 0px 0px 0px;\n}\n<\/style>\n<div  class='flex_column av-13x1fm-854be2390228911da35934b3232d0d27 av_one_half  avia-builder-el-14  el_after_av_hr  el_before_av_one_half  first flex_column_div av-zero-column-padding  '     ><p>\n<style type=\"text\/css\" data-created_by=\"avia_inline_auto\" id=\"style-css-av-jgwczvak-3d4eeeb036c141d1fd34f99a2b6569aa\">\n#top .av-special-heading.av-jgwczvak-3d4eeeb036c141d1fd34f99a2b6569aa{\npadding-bottom:10px;\n}\nbody .av-special-heading.av-jgwczvak-3d4eeeb036c141d1fd34f99a2b6569aa .av-special-heading-tag .heading-char{\nfont-size:25px;\n}\n.av-special-heading.av-jgwczvak-3d4eeeb036c141d1fd34f99a2b6569aa .av-subheading{\nfont-size:15px;\n}\n<\/style>\n<div  class='av-special-heading av-jgwczvak-3d4eeeb036c141d1fd34f99a2b6569aa av-special-heading-h3 blockquote elegant-quote elegant-centered  avia-builder-el-15  el_before_av_textblock  avia-builder-el-first '><h3 class='av-special-heading-tag '  itemprop=\"headline\"  ><span class=\"heading-wrap\">\u00c1rver\u00e9si menetrend<\/span><\/h3><div class=\"special-heading-border\"><div class=\"special-heading-inner-border\"><\/div><\/div><\/div><br \/>\n<section  class='av_textblock_section av-t5l4q-f1447a19e9f2dcd8e0630188a7ddfebc '   itemscope=\"itemscope\" itemtype=\"https:\/\/schema.org\/CreativeWork\" ><div class='avia_textblock'  itemprop=\"text\" ><ul>\n<li>14:00-t\u00f3l: 2001-2143. t\u00e9tel | <strong>K\u00fclf\u00f6ld (worldwide t\u00e9telek)<\/strong><\/li>\n<li>16:00-t\u00f3l: 2144-2215. t\u00e9tel | <strong>\u00c9szak-Korea<\/strong><\/li>\n<li>17:00-t\u00f3l: 2216-2454. t\u00e9tel |<strong> N\u00e9metorsz\u00e1g &amp; Ausztria<br \/>\n<\/strong><\/li>\n<li>19:30-t\u00f3l: 2455-2898. t\u00e9tel | <strong>Magyarorsz\u00e1g<\/strong><\/li>\n<\/ul>\n<\/div><\/section><\/p><\/div>\n<style type=\"text\/css\" data-created_by=\"avia_inline_auto\" id=\"style-css-av-k6r7u-ebceb081b3152267e1f68a09f9e7a44f\">\n.flex_column.av-k6r7u-ebceb081b3152267e1f68a09f9e7a44f{\nborder-radius:0px 0px 0px 0px;\npadding:0px 0px 0px 0px;\n}\n<\/style>\n<div  class='flex_column av-k6r7u-ebceb081b3152267e1f68a09f9e7a44f av_one_half  avia-builder-el-17  el_after_av_one_half  avia-builder-el-last  flex_column_div av-zero-column-padding  '     ><p>\n<style type=\"text\/css\" data-created_by=\"avia_inline_auto\" id=\"style-css-av-jgwczypp-7cb53a1bf7986df63d92a8b63e73527d\">\n#top .av-special-heading.av-jgwczypp-7cb53a1bf7986df63d92a8b63e73527d{\npadding-bottom:10px;\n}\nbody .av-special-heading.av-jgwczypp-7cb53a1bf7986df63d92a8b63e73527d .av-special-heading-tag .heading-char{\nfont-size:25px;\n}\n#top #wrap_all .av-special-heading.av-jgwczypp-7cb53a1bf7986df63d92a8b63e73527d .av-special-heading-tag{\npadding:0 0 10px 0;\n}\n.av-special-heading.av-jgwczypp-7cb53a1bf7986df63d92a8b63e73527d .av-subheading{\nfont-size:15px;\n}\n<\/style>\n<div  class='av-special-heading av-jgwczypp-7cb53a1bf7986df63d92a8b63e73527d av-special-heading-h3 blockquote elegant-quote elegant-centered  avia-builder-el-18  el_before_av_textblock  avia-builder-el-first '><h3 class='av-special-heading-tag '  itemprop=\"headline\"  ><span class=\"heading-wrap\">Maradjunk kapcsolatban!<\/span><\/h3><div class=\"special-heading-border\"><div class=\"special-heading-inner-border\"><\/div><\/div><\/div><br \/>\n<section  class='av_textblock_section av-bct8a-0e5bad01205e1894e78b7fc3dd26eb2a '   itemscope=\"itemscope\" itemtype=\"https:\/\/schema.org\/CreativeWork\" ><div class='avia_textblock'  itemprop=\"text\" ><p>Amennyiben szeretne friss inform\u00e1ci\u00f3kat kapni az <strong>aukci\u00f3s t\u00e9telekr\u0151l,<\/strong> iratkozzon fel <a href=\"https:\/\/stampcurio.com\/news\" target=\"_blank\" rel=\"noopener\"><strong>h\u00edrlevel\u00fcnkre<\/strong><\/a>, vagy k\u00f6vessen minket az <strong><a href=\"https:\/\/instagram.com\/stampcurio\" target=\"_blank\" rel=\"noopener\">Instagramon<\/a><\/strong>.<\/p>\n<\/div><\/section><\/p><\/div>\n","protected":false},"excerpt":{"rendered":"","protected":false},"author":1,"featured_media":0,"parent":0,"menu_order":0,"comment_status":"closed","ping_status":"closed","template":"","meta":{"footnotes":""},"class_list":["post-10360","page","type-page","status-publish","hentry"],"_links":{"self":[{"href":"https:\/\/stampcurio.com\/hu\/wp-json\/wp\/v2\/pages\/10360","targetHints":{"allow":["GET"]}}],"collection":[{"href":"https:\/\/stampcurio.com\/hu\/wp-json\/wp\/v2\/pages"}],"about":[{"href":"https:\/\/stampcurio.com\/hu\/wp-json\/wp\/v2\/types\/page"}],"author":[{"embeddable":true,"href":"https:\/\/stampcurio.com\/hu\/wp-json\/wp\/v2\/users\/1"}],"replies":[{"embeddable":true,"href":"https:\/\/stampcurio.com\/hu\/wp-json\/wp\/v2\/comments?post=10360"}],"version-history":[{"count":23,"href":"https:\/\/stampcurio.com\/hu\/wp-json\/wp\/v2\/pages\/10360\/revisions"}],"predecessor-version":[{"id":36974,"href":"https:\/\/stampcurio.com\/hu\/wp-json\/wp\/v2\/pages\/10360\/revisions\/36974"}],"wp:attachment":[{"href":"https:\/\/stampcurio.com\/hu\/wp-json\/wp\/v2\/media?parent=10360"}],"curies":[{"name":"wp","href":"https:\/\/api.w.org\/{rel}","templated":true}]}}